{"id":6110,"date":"2024-02-08T06:33:04","date_gmt":"2024-02-08T06:33:04","guid":{"rendered":"https:\/\/wpachem.com\/?post_type=product&#038;p=6110"},"modified":"2024-02-08T06:35:16","modified_gmt":"2024-02-08T06:35:16","slug":"l-glutamic-acid-cas-56-86-0","status":"publish","type":"product","link":"https:\/\/wpachem.com\/vi\/product\/l-glutamic-acid-cas-56-86-0\/","title":{"rendered":"Axit L-Glutamic CAS 56-86-0"},"content":{"rendered":"<p><strong>\u0110\u1eb7c \u0111i\u1ec3m<\/strong><\/p>\n<p>B\u1ed9t tinh th\u1ec3 m\u00e0u tr\u1eafng<\/p>\n<p><strong>\u1ee8ng d\u1ee5ng:<\/strong><\/p>\n<p>Axit L-Glutamic \u0111\u01b0\u1ee3c s\u1eed d\u1ee5ng r\u1ed9ng r\u00e3i trong th\u1ef1c ph\u1ea9m, \u0111\u1ed3 u\u1ed1ng v\u00e0 gia v\u1ecb nh\u01b0 m\u1ed9t ch\u1ea5t ph\u1ee5 gia \u0111\u1ec3 t\u0103ng h\u01b0\u01a1ng v\u1ecb v\u00e0 t\u0103ng c\u01b0\u1eddng h\u01b0\u01a1ng v\u1ecb th\u1ef1c ph\u1ea9m. Ngo\u00e0i ra, axit glutamic c\u00f2n \u0111\u01b0\u1ee3c s\u1eed d\u1ee5ng trong vi\u1ec7c ch\u1ebf t\u1ea1o ch\u1ea5t x\u00fac t\u00e1c cho ph\u1ea3n \u1ee9ng t\u1ed5ng h\u1ee3p h\u1eefu c\u01a1, nghi\u00ean c\u1ee9u sinh h\u00f3a v\u00e0 ph\u00e1t tri\u1ec3n thu\u1ed1c.<\/p>","protected":false},"excerpt":{"rendered":"<p>T\u00ean s\u1ea3n ph\u1ea9m: Axit L-Glutamic<\/p>\n<p>S\u1ed1 CAS: 56-86-0<\/p>\n<p>MF:C5H9NO4<\/p>\n<p>Ngo\u1ea1i quan: B\u1ed9t tinh th\u1ec3 m\u00e0u tr\u1eafng<\/p>","protected":false},"featured_media":5182,"template":"","meta":{"_acf_changed":false,"_gspb_post_css":""},"product_brand":[],"product_cat":[69,55,103,24],"product_tag":[],"class_list":{"0":"post-6110","1":"product","2":"type-product","3":"status-publish","4":"has-post-thumbnail","6":"product_cat-more","7":"product_cat-food-additives","8":"product_cat-nutrition-enhancer","9":"product_cat-uncategorized","11":"first","12":"instock","13":"shipping-taxable","14":"product-type-simple"},"acf":[],"_links":{"self":[{"href":"https:\/\/wpachem.com\/vi\/wp-json\/wp\/v2\/product\/6110","targetHints":{"allow":["GET"]}}],"collection":[{"href":"https:\/\/wpachem.com\/vi\/wp-json\/wp\/v2\/product"}],"about":[{"href":"https:\/\/wpachem.com\/vi\/wp-json\/wp\/v2\/types\/product"}],"version-history":[{"count":0,"href":"https:\/\/wpachem.com\/vi\/wp-json\/wp\/v2\/product\/6110\/revisions"}],"wp:featuredmedia":[{"embeddable":true,"href":"https:\/\/wpachem.com\/vi\/wp-json\/wp\/v2\/media\/5182"}],"wp:attachment":[{"href":"https:\/\/wpachem.com\/vi\/wp-json\/wp\/v2\/media?parent=6110"}],"wp:term":[{"taxonomy":"product_brand","embeddable":true,"href":"https:\/\/wpachem.com\/vi\/wp-json\/wp\/v2\/product_brand?post=6110"},{"taxonomy":"product_cat","embeddable":true,"href":"https:\/\/wpachem.com\/vi\/wp-json\/wp\/v2\/product_cat?post=6110"},{"taxonomy":"product_tag","embeddable":true,"href":"https:\/\/wpachem.com\/vi\/wp-json\/wp\/v2\/product_tag?post=6110"}],"curies":[{"name":"wp","href":"https:\/\/api.w.org\/{rel}","templated":true}]}}