{"id":6111,"date":"2024-01-12T07:16:07","date_gmt":"2024-01-12T07:16:07","guid":{"rendered":"https:\/\/wpapigments.com\/?post_type=product&#038;p=6111"},"modified":"2024-04-07T08:31:01","modified_gmt":"2024-04-07T08:31:01","slug":"pigment-blue-27-pigment-yellow-42-iron-oxide-green-835-p-b-27p-y-42","status":"publish","type":"product","link":"https:\/\/wpachem.com\/vi\/product\/pigment-blue-27-pigment-yellow-42-iron-oxide-green-835-p-b-27p-y-42\/","title":{"rendered":"S\u1eafc t\u1ed1 xanh 27 &amp; S\u1eafc t\u1ed1 v\u00e0ng 42 (S\u1eaft oxit xanh 835)\/PB27 &amp; P.Y.42"},"content":{"rendered":"<p><strong>\u0110\u1eb7c \u0111i\u1ec3m<\/strong><\/p>\n<p><strong><b>M\u1eb9<\/b><\/strong><strong><b>T\u00f4i<\/b><\/strong><strong><b>n Thu\u1ed9c t\u00ednh<\/b><\/strong>: b\u1ed9t m\u00e0u n\u00e2u<\/p>\n<p><strong><b>\u1ee8ng d\u1ee5ng:<\/b><\/strong><\/p>\n<ul>\n<li>S\u01a1n s\u1eed d\u1ee5ng: S\u01a1n c\u00f4ng nghi\u1ec7p, S\u01a1n ph\u1ee7\/v\u1eadt li\u1ec7u x\u00e2y d\u1ef1ng<\/li>\n<li>Nh\u1ef1a s\u1eed d\u1ee5ng: PVC,<\/li>\n<\/ul>","protected":false},"excerpt":{"rendered":"<p><strong><b>T\u00ean s\u1ea3n ph\u1ea9m<\/b><\/strong><strong><b>:<\/b><\/strong><strong>\u00a0<\/strong>S\u1eaft Oxit Xanh 835<\/p>\n<p><strong>Ch\u1ec9 s\u1ed1 m\u00e0u:<\/strong>\u00a0PB27 v\u00e0 P.Y.42<\/p>\n<p><strong>V\u1ebb b\u1ec1 ngo\u00e0i:<\/strong>\u00a0b\u1ed9t m\u00e0u xanh l\u00e1 c\u00e2y<\/p>","protected":false},"featured_media":7655,"template":"","meta":{"_acf_changed":false,"_gspb_post_css":""},"product_brand":[],"product_cat":[166,54],"product_tag":[],"class_list":{"0":"post-6111","1":"product","2":"type-product","3":"status-publish","4":"has-post-thumbnail","6":"product_cat-iron-oxide","7":"product_cat-inorganic-pigments","9":"first","10":"instock","11":"shipping-taxable","12":"product-type-simple"},"acf":[],"_links":{"self":[{"href":"https:\/\/wpachem.com\/vi\/wp-json\/wp\/v2\/product\/6111","targetHints":{"allow":["GET"]}}],"collection":[{"href":"https:\/\/wpachem.com\/vi\/wp-json\/wp\/v2\/product"}],"about":[{"href":"https:\/\/wpachem.com\/vi\/wp-json\/wp\/v2\/types\/product"}],"version-history":[{"count":0,"href":"https:\/\/wpachem.com\/vi\/wp-json\/wp\/v2\/product\/6111\/revisions"}],"wp:featuredmedia":[{"embeddable":true,"href":"https:\/\/wpachem.com\/vi\/wp-json\/wp\/v2\/media\/7655"}],"wp:attachment":[{"href":"https:\/\/wpachem.com\/vi\/wp-json\/wp\/v2\/media?parent=6111"}],"wp:term":[{"taxonomy":"product_brand","embeddable":true,"href":"https:\/\/wpachem.com\/vi\/wp-json\/wp\/v2\/product_brand?post=6111"},{"taxonomy":"product_cat","embeddable":true,"href":"https:\/\/wpachem.com\/vi\/wp-json\/wp\/v2\/product_cat?post=6111"},{"taxonomy":"product_tag","embeddable":true,"href":"https:\/\/wpachem.com\/vi\/wp-json\/wp\/v2\/product_tag?post=6111"}],"curies":[{"name":"wp","href":"https:\/\/api.w.org\/{rel}","templated":true}]}}