{"id":6115,"date":"2024-02-08T06:37:30","date_gmt":"2024-02-08T06:37:30","guid":{"rendered":"https:\/\/wpachem.com\/?post_type=product&#038;p=6115"},"modified":"2024-02-08T06:39:08","modified_gmt":"2024-02-08T06:39:08","slug":"l-arginine-cas-74-79-3","status":"publish","type":"product","link":"https:\/\/wpachem.com\/vi\/product\/l-arginine-cas-74-79-3\/","title":{"rendered":"L-Arginine CAS 74-79-3"},"content":{"rendered":"<p><strong>\u0110\u1eb7c \u0111i\u1ec3m<\/strong><\/p>\n<p>tinh th\u1ec3 kh\u00f4ng m\u00e0u<\/p>\n<p><strong>\u1ee8ng d\u1ee5ng:<\/strong><\/p>\n<p>1. L-arginine ph\u1ea3n \u1ee9ng v\u1edbi methionine trong c\u01a1 th\u1ec3 \u0111\u1ec3 t\u1ea1o ra coenzyme A, tham gia v\u00e0o qu\u00e1 tr\u00ecnh chuy\u1ec3n h\u00f3a n\u0103ng l\u01b0\u1ee3ng.<br \/>\n2. L-arginine c\u00f3 th\u1ec3 \u0111\u01b0\u1ee3c s\u1eed d\u1ee5ng nh\u01b0 m\u1ed9t ch\u1ea5t b\u1ed5 sung dinh d\u01b0\u1ee1ng \u0111\u1ec3 t\u0103ng kh\u1ed1i l\u01b0\u1ee3ng v\u00e0 s\u1ee9c m\u1ea1nh c\u01a1 v\u00e0 \u0111\u01b0\u1ee3c s\u1eed d\u1ee5ng r\u1ed9ng r\u00e3i trong t\u1eadp th\u1ec3 d\u1ee5c v\u00e0 ph\u1ee5c h\u1ed3i c\u01a1.<br \/>\n3. L-arginine c\u0169ng c\u00f3 th\u1ec3 \u0111\u01b0\u1ee3c s\u1eed d\u1ee5ng \u0111\u1ec3 \u0111i\u1ec1u tr\u1ecb b\u1ec7nh tim m\u1ea1ch, b\u1ec7nh ph\u1ed5i t\u1eafc ngh\u1ebdn v\u00e0 c\u00e1c r\u1ed1i lo\u1ea1n t\u00e2m th\u1ea7n.<\/p>","protected":false},"excerpt":{"rendered":"<p>T\u00ean s\u1ea3n ph\u1ea9m: L-Arginine<\/p>\n<p>S\u1ed1 CAS: 74-79-3<\/p>\n<p>M\u1ea0NG: C6H14N4O2<\/p>\n<p>Ngo\u1ea1i quan: Tinh th\u1ec3 kh\u00f4ng m\u00e0u<\/p>","protected":false},"featured_media":5182,"template":"","meta":{"_acf_changed":false,"_gspb_post_css":""},"product_brand":[],"product_cat":[69,55,103,24],"product_tag":[],"class_list":{"0":"post-6115","1":"product","2":"type-product","3":"status-publish","4":"has-post-thumbnail","6":"product_cat-more","7":"product_cat-food-additives","8":"product_cat-nutrition-enhancer","9":"product_cat-uncategorized","11":"first","12":"instock","13":"shipping-taxable","14":"product-type-simple"},"acf":[],"_links":{"self":[{"href":"https:\/\/wpachem.com\/vi\/wp-json\/wp\/v2\/product\/6115","targetHints":{"allow":["GET"]}}],"collection":[{"href":"https:\/\/wpachem.com\/vi\/wp-json\/wp\/v2\/product"}],"about":[{"href":"https:\/\/wpachem.com\/vi\/wp-json\/wp\/v2\/types\/product"}],"version-history":[{"count":0,"href":"https:\/\/wpachem.com\/vi\/wp-json\/wp\/v2\/product\/6115\/revisions"}],"wp:featuredmedia":[{"embeddable":true,"href":"https:\/\/wpachem.com\/vi\/wp-json\/wp\/v2\/media\/5182"}],"wp:attachment":[{"href":"https:\/\/wpachem.com\/vi\/wp-json\/wp\/v2\/media?parent=6115"}],"wp:term":[{"taxonomy":"product_brand","embeddable":true,"href":"https:\/\/wpachem.com\/vi\/wp-json\/wp\/v2\/product_brand?post=6115"},{"taxonomy":"product_cat","embeddable":true,"href":"https:\/\/wpachem.com\/vi\/wp-json\/wp\/v2\/product_cat?post=6115"},{"taxonomy":"product_tag","embeddable":true,"href":"https:\/\/wpachem.com\/vi\/wp-json\/wp\/v2\/product_tag?post=6115"}],"curies":[{"name":"wp","href":"https:\/\/api.w.org\/{rel}","templated":true}]}}