{"id":6117,"date":"2024-02-08T06:39:12","date_gmt":"2024-02-08T06:39:12","guid":{"rendered":"https:\/\/wpachem.com\/?post_type=product&#038;p=6117"},"modified":"2024-02-08T06:40:59","modified_gmt":"2024-02-08T06:40:59","slug":"l-histidine-cas-71-00-1","status":"publish","type":"product","link":"https:\/\/wpachem.com\/vi\/product\/l-histidine-cas-71-00-1\/","title":{"rendered":"L-Histidine CAS 71-00-1"},"content":{"rendered":"<p><strong>\u0110\u1eb7c \u0111i\u1ec3m<\/strong><\/p>\n<p>B\u1ed9t tinh th\u1ec3 m\u00e0u tr\u1eafng<\/p>\n<p><strong>\u1ee8ng d\u1ee5ng:<\/strong><\/p>\n<p>Thu\u1ed1c amino acid. Th\u00e0nh ph\u1ea7n ch\u00ednh c\u1ee7a d\u1ecbch truy\u1ec1n amino acid v\u00e0 ch\u1ebf ph\u1ea9m amino acid to\u00e0n di\u1ec7n. C\u00e1ch d\u00f9ng v\u00e0 li\u1ec1u d\u00f9ng: D\u00f9ng \u0111\u1ec3 \u0111i\u1ec1u tr\u1ecb lo\u00e9t d\u1ea1 d\u00e0y, thi\u1ebfu m\u00e1u, d\u1ecb \u1ee9ng, v.v. Ti\u00eam d\u01b0\u1edbi da ho\u1eb7c ti\u00eam b\u1eafp 5 mL dung d\u1ecbch 4%.<\/p>\n<p>Ph\u1ee5 gia th\u1ef1c ph\u1ea9m \u0111\u01b0\u1ee3c s\u1eed d\u1ee5ng nh\u01b0 ch\u1ea5t t\u0103ng h\u01b0\u01a1ng v\u1ecb v\u00e0 ch\u1ea5t b\u1ed5 sung dinh d\u01b0\u1ee1ng. Th\u00eam ch\u00fang v\u00e0o s\u1ea3n xu\u1ea5t b\u00e1nh m\u00ec c\u00f3 th\u1ec3 c\u1ea3i thi\u1ec7n h\u01b0\u01a1ng v\u1ecb. Ch\u00fang \u0111\u01b0\u1ee3c s\u1eed d\u1ee5ng trong th\u1ef1c ph\u1ea9m cho tr\u1ebb s\u01a1 sinh v\u00e0 th\u1ef1c ph\u1ea9m cho b\u1ec7nh nh\u00e2n sau ph\u1eabu thu\u1eadt.<\/p>","protected":false},"excerpt":{"rendered":"<p>T\u00ean s\u1ea3n ph\u1ea9m: L-Histidine<\/p>\n<p>S\u1ed1 CAS: 71-00-1<\/p>\n<p>MF:C6H9N3O2<\/p>\n<p>Ngo\u1ea1i quan: B\u1ed9t tinh th\u1ec3 m\u00e0u tr\u1eafng<\/p>","protected":false},"featured_media":5182,"template":"","meta":{"_acf_changed":false,"_gspb_post_css":""},"product_brand":[],"product_cat":[69,55,103,24],"product_tag":[],"class_list":{"0":"post-6117","1":"product","2":"type-product","3":"status-publish","4":"has-post-thumbnail","6":"product_cat-more","7":"product_cat-food-additives","8":"product_cat-nutrition-enhancer","9":"product_cat-uncategorized","11":"first","12":"instock","13":"shipping-taxable","14":"product-type-simple"},"acf":[],"_links":{"self":[{"href":"https:\/\/wpachem.com\/vi\/wp-json\/wp\/v2\/product\/6117","targetHints":{"allow":["GET"]}}],"collection":[{"href":"https:\/\/wpachem.com\/vi\/wp-json\/wp\/v2\/product"}],"about":[{"href":"https:\/\/wpachem.com\/vi\/wp-json\/wp\/v2\/types\/product"}],"version-history":[{"count":0,"href":"https:\/\/wpachem.com\/vi\/wp-json\/wp\/v2\/product\/6117\/revisions"}],"wp:featuredmedia":[{"embeddable":true,"href":"https:\/\/wpachem.com\/vi\/wp-json\/wp\/v2\/media\/5182"}],"wp:attachment":[{"href":"https:\/\/wpachem.com\/vi\/wp-json\/wp\/v2\/media?parent=6117"}],"wp:term":[{"taxonomy":"product_brand","embeddable":true,"href":"https:\/\/wpachem.com\/vi\/wp-json\/wp\/v2\/product_brand?post=6117"},{"taxonomy":"product_cat","embeddable":true,"href":"https:\/\/wpachem.com\/vi\/wp-json\/wp\/v2\/product_cat?post=6117"},{"taxonomy":"product_tag","embeddable":true,"href":"https:\/\/wpachem.com\/vi\/wp-json\/wp\/v2\/product_tag?post=6117"}],"curies":[{"name":"wp","href":"https:\/\/api.w.org\/{rel}","templated":true}]}}