{"id":6119,"date":"2024-02-08T06:45:45","date_gmt":"2024-02-08T06:45:45","guid":{"rendered":"https:\/\/wpachem.com\/?post_type=product&#038;p=6119"},"modified":"2024-02-19T02:27:03","modified_gmt":"2024-02-19T02:27:03","slug":"soirulina-extract-cas-11016-15-2","status":"publish","type":"product","link":"https:\/\/wpachem.com\/vi\/product\/soirulina-extract-cas-11016-15-2\/","title":{"rendered":"M\u00e0u th\u1ef1c ph\u1ea9m t\u1ef1 nhi\u00ean Chi\u1ebft xu\u1ea5t Soirulina CAS 11016-15-2"},"content":{"rendered":"<p><strong>\u0110\u1eb7c \u0111i\u1ec3m<\/strong><\/p>\n<p>\u0110\u00e2y l\u00e0 m\u1ed9t lo\u1ea1i s\u1eafc t\u1ed1 xanh \u0103n \u0111\u01b0\u1ee3c t\u1ef1 nhi\u00ean \u0111\u01b0\u1ee3c chi\u1ebft xu\u1ea5t v\u00e0 tinh ch\u1ebf t\u1eeb t\u1ea3o xo\u1eafn. Th\u00e0nh ph\u1ea7n ch\u00ednh l\u00e0 phycocyanin. Phycocyanin chi\u1ebft xu\u1ea5t c\u00f3 d\u1ea1ng b\u1ed9t m\u00e0u xanh lam \u0111\u1ebfn xanh lam \u0111\u1eadm. D\u1ec5 d\u00e0ng h\u00f2a tan trong n\u01b0\u1edbc, dung d\u1ecbch c\u0169ng c\u00f3 m\u00e0u xanh lam s\u00e1ng \u0111\u1ebfn xanh lam \u0111\u1eadm; S\u1ea3n ph\u1ea9m c\u00f3 \u0111\u1ed9 \u1ed5n \u0111\u1ecbnh t\u1ed1t \u0111\u1ed1i v\u1edbi \u00e1nh s\u00e1ng v\u00e0 nhi\u1ec7t \u0111\u1ed9, \u0111i\u1ec3m kh\u00e1c bi\u1ec7t gi\u1eefa c\u00e1c ch\u1ea5t m\u00e0u t\u1ed5ng h\u1ee3p l\u00e0 m\u00e0u xanh t\u1ea3o kh\u00f4ng c\u00f3 ch\u1ea5t nhu\u1ed9m v\u00e0 s\u1ebd kh\u00f4ng b\u1ecb \u1ed1 m\u00e0u xanh tr\u00ean l\u01b0\u1ee1i sau khi ti\u00eau th\u1ee5. Trong th\u00ed nghi\u1ec7m pH, ng\u01b0\u1eddi ta th\u1ea5y r\u1eb1ng dung d\u1ecbch n\u01b0\u1edbc \u1ed5n \u0111\u1ecbnh c\u1ee7a m\u00e0u xanh t\u1ea3o trong kho\u1ea3ng 4,5-8,0 c\u00f3 m\u00e0u xanh da tr\u1eddi s\u00e1ng v\u00e0 m\u00e0u s\u1eafc t\u01b0\u01a1ng \u0111\u1ed1i tinh khi\u1ebft, g\u1ea7n v\u1edbi m\u00e0u xanh c\u1ee7a b\u1ea7u tr\u1eddi v\u00e0 bi\u1ec3n. Hi\u1ec7n t\u1ea1i, n\u00f3 c\u00f3 th\u1ec3 \u0111\u01b0\u1ee3c \u00e1p d\u1ee5ng cho \u0111\u1ed3 u\u1ed1ng \u0111\u00f4ng l\u1ea1nh (tr\u1eeb \u0111\u00e1 \u0103n \u0111\u01b0\u1ee3c 03.04), k\u1eb9o, \u0111\u1ed3 u\u1ed1ng c\u00f3 h\u01b0\u01a1ng v\u1ecb, th\u1ea1ch v\u00e0 nhi\u1ec1u l\u0129nh v\u1ef1c kh\u00e1c.<\/p>\n<p><strong>\u1ee8ng d\u1ee5ng:<\/strong><\/p>\n<p>Hi\u1ec7n nay c\u00f3 th\u1ec3 \u1ee9ng d\u1ee5ng cho \u0111\u1ed3 u\u1ed1ng \u0111\u00f4ng l\u1ea1nh (tr\u1eeb \u0111\u00e1 \u0103n \u0111\u01b0\u1ee3c 03.04), k\u1eb9o, \u0111\u1ed3 u\u1ed1ng c\u00f3 h\u01b0\u01a1ng v\u1ecb, th\u1ea1ch v\u00e0 nhi\u1ec1u l\u0129nh v\u1ef1c kh\u00e1c.<\/p>","protected":false},"excerpt":{"rendered":"<p>T\u00ean s\u1ea3n ph\u1ea9m: Chi\u1ebft xu\u1ea5t Soirulina<\/p>\n<p>Ngo\u1ea1i quan: b\u1ed9t m\u00e0u xanh lam \u0111\u1ebfn xanh \u0111\u1eadm<\/p>","protected":false},"featured_media":6100,"template":"","meta":{"_acf_changed":false,"_gspb_post_css":""},"product_brand":[],"product_cat":[120],"product_tag":[],"class_list":{"0":"post-6119","1":"product","2":"type-product","3":"status-publish","4":"has-post-thumbnail","6":"product_cat-food-colorants","8":"first","9":"instock","10":"shipping-taxable","11":"product-type-simple"},"acf":[],"_links":{"self":[{"href":"https:\/\/wpachem.com\/vi\/wp-json\/wp\/v2\/product\/6119","targetHints":{"allow":["GET"]}}],"collection":[{"href":"https:\/\/wpachem.com\/vi\/wp-json\/wp\/v2\/product"}],"about":[{"href":"https:\/\/wpachem.com\/vi\/wp-json\/wp\/v2\/types\/product"}],"version-history":[{"count":0,"href":"https:\/\/wpachem.com\/vi\/wp-json\/wp\/v2\/product\/6119\/revisions"}],"wp:featuredmedia":[{"embeddable":true,"href":"https:\/\/wpachem.com\/vi\/wp-json\/wp\/v2\/media\/6100"}],"wp:attachment":[{"href":"https:\/\/wpachem.com\/vi\/wp-json\/wp\/v2\/media?parent=6119"}],"wp:term":[{"taxonomy":"product_brand","embeddable":true,"href":"https:\/\/wpachem.com\/vi\/wp-json\/wp\/v2\/product_brand?post=6119"},{"taxonomy":"product_cat","embeddable":true,"href":"https:\/\/wpachem.com\/vi\/wp-json\/wp\/v2\/product_cat?post=6119"},{"taxonomy":"product_tag","embeddable":true,"href":"https:\/\/wpachem.com\/vi\/wp-json\/wp\/v2\/product_tag?post=6119"}],"curies":[{"name":"wp","href":"https:\/\/api.w.org\/{rel}","templated":true}]}}