{"id":6124,"date":"2024-02-08T06:52:27","date_gmt":"2024-02-08T06:52:27","guid":{"rendered":"https:\/\/wpachem.com\/?post_type=product&#038;p=6124"},"modified":"2024-02-19T02:25:27","modified_gmt":"2024-02-19T02:25:27","slug":"gardenia-green","status":"publish","type":"product","link":"https:\/\/wpachem.com\/vi\/product\/gardenia-green\/","title":{"rendered":"M\u00e0u th\u1ef1c ph\u1ea9m t\u1ef1 nhi\u00ean Gardenia Green"},"content":{"rendered":"<p><strong>\u0110\u1eb7c \u0111i\u1ec3m<\/strong><\/p>\n<p>Gardenia green l\u00e0 m\u1ed9t lo\u1ea1i b\u1ed9t m\u00e0u \u0111\u01b0\u1ee3c l\u00e0m t\u1eeb b\u1ed9t m\u00e0u xanh Gardenia. B\u1ed9t m\u00e0u xanh Gardenia \u0111\u00e3 \u0111\u01b0\u1ee3c s\u1eed d\u1ee5ng r\u1ed9ng r\u00e3i v\u00e0 c\u0169ng l\u00e0 m\u1ed9t lo\u1ea1i ph\u1ea9m m\u00e0u th\u1ef1c ph\u1ea9m \u0111\u01b0\u1ee3c ch\u1ea5p thu\u1eadn s\u1eed d\u1ee5ng t\u1ea1i Trung Qu\u1ed1c. S\u1ea3n ph\u1ea9m n\u00e0y l\u00e0 b\u1ed9t m\u00e0u xanh l\u00e1 c\u00e2y nh\u1ea1t \u0111\u1ebfn xanh l\u00e1 c\u00e2y \u0111\u1eadm tr\u1ed9n v\u1edbi m\u00e0u v\u00e0ng Gardenia v\u00e0 m\u00e0u xanh Gardenia, d\u1ec5 tan trong n\u01b0\u1edbc v\u00e0 dung d\u1ecbch n\u01b0\u1edbc ethanol, kh\u00f4ng tan trong dung m\u00f4i h\u1eefu c\u01a1. T\u00f4ng m\u00e0u v\u00e0 \u0111\u1ed9 \u1ed5n \u0111\u1ecbnh c\u1ee7a n\u00f3 h\u1ea7u nh\u01b0 kh\u00f4ng b\u1ecb \u1ea3nh h\u01b0\u1edfng b\u1edfi \u0111\u1ed9 pH. M\u00e0u s\u1eafc t\u01b0\u01a1i s\u00e1ng, kh\u1ea3 n\u0103ng t\u1ea1o m\u00e0u m\u1ea1nh, kh\u1ea3 n\u0103ng ch\u1ecbu \u00e1nh s\u00e1ng, kh\u1ea3 n\u0103ng ch\u1ecbu nhi\u1ec7t t\u1ed1t, t\u00f4ng m\u00e0u trong ph\u1ea1m vi pH4 ~ 8 c\u00f3 \u0111\u1ed9 \u1ed5n \u0111\u1ecbnh t\u1ed1t, kh\u00f4ng k\u1ebft t\u1ee7a.<\/p>\n<p><strong>\u1ee8ng d\u1ee5ng:<\/strong><\/p>\n<p>1 Th\u1ef1c ph\u1ea9m; Th\u1ef1c ph\u1ea9m t\u1eeb s\u1eefa, th\u1ef1c ph\u1ea9m t\u1eeb th\u1ecbt, th\u1ef1c ph\u1ea9m n\u01b0\u1edbng, th\u1ef1c ph\u1ea9m t\u1eeb m\u00ec, th\u1ef1c ph\u1ea9m c\u00f3 h\u01b0\u01a1ng v\u1ecb, v.v.<br \/>\n2 Thu\u1ed1c; Th\u1ef1c ph\u1ea9m ch\u1ee9c n\u0103ng, ch\u1ea5t \u0111\u1ed9n, nguy\u00ean li\u1ec7u d\u01b0\u1ee3c ph\u1ea9m, v.v.<br \/>\n3. S\u1ea3n xu\u1ea5t c\u00f4ng nghi\u1ec7p; C\u00f4ng nghi\u1ec7p d\u1ea7u kh\u00ed, s\u1ea3n xu\u1ea5t, s\u1ea3n ph\u1ea9m n\u00f4ng nghi\u1ec7p, pin, \u0111\u00fac ch\u00ednh x\u00e1c, v.v.<br \/>\n4 S\u1ea3n ph\u1ea9m thu\u1ed1c l\u00e1; C\u00f3 th\u1ec3 thay th\u1ebf glycerin l\u00e0m ch\u1ea5t t\u1ea1o h\u01b0\u01a1ng v\u1ecb v\u00e0 ch\u1ea5t ch\u1ed1ng \u0111\u00f4ng gi\u1eef \u1ea9m cho thu\u1ed1c l\u00e1<br \/>\n5 M\u1ef9 ph\u1ea9m; S\u1eefa r\u1eeda m\u1eb7t, kem d\u01b0\u1ee1ng da, n\u01b0\u1edbc hoa h\u1ed3ng, d\u1ea7u g\u1ed9i, m\u1eb7t n\u1ea1, v.v.<br \/>\n6 Th\u1ee9c \u0103n ch\u0103n nu\u00f4i; Th\u1ee9c \u0103n \u0111\u00f3ng h\u1ed9p cho th\u00fa c\u01b0ng, th\u1ee9c \u0103n ch\u0103n nu\u00f4i, th\u1ee9c \u0103n th\u1ee7y s\u1ea3n, th\u1ee9c \u0103n vitamin, s\u1ea3n ph\u1ea9m thu\u1ed1c th\u00fa y, v.v.<\/p>","protected":false},"excerpt":{"rendered":"<p>T\u00ean s\u1ea3n ph\u1ea9m: Gardenia Green<\/p>\n<p>Ngo\u1ea1i quan: b\u1ed9t m\u00e0u xanh l\u00e1 c\u00e2y nh\u1ea1t \u0111\u1ebfn xanh l\u00e1 c\u00e2y \u0111\u1eadm<\/p>","protected":false},"featured_media":6130,"template":"","meta":{"_acf_changed":false,"_gspb_post_css":""},"product_brand":[],"product_cat":[120],"product_tag":[],"class_list":{"0":"post-6124","1":"product","2":"type-product","3":"status-publish","4":"has-post-thumbnail","6":"product_cat-food-colorants","8":"first","9":"instock","10":"shipping-taxable","11":"product-type-simple"},"acf":[],"_links":{"self":[{"href":"https:\/\/wpachem.com\/vi\/wp-json\/wp\/v2\/product\/6124","targetHints":{"allow":["GET"]}}],"collection":[{"href":"https:\/\/wpachem.com\/vi\/wp-json\/wp\/v2\/product"}],"about":[{"href":"https:\/\/wpachem.com\/vi\/wp-json\/wp\/v2\/types\/product"}],"version-history":[{"count":0,"href":"https:\/\/wpachem.com\/vi\/wp-json\/wp\/v2\/product\/6124\/revisions"}],"wp:featuredmedia":[{"embeddable":true,"href":"https:\/\/wpachem.com\/vi\/wp-json\/wp\/v2\/media\/6130"}],"wp:attachment":[{"href":"https:\/\/wpachem.com\/vi\/wp-json\/wp\/v2\/media?parent=6124"}],"wp:term":[{"taxonomy":"product_brand","embeddable":true,"href":"https:\/\/wpachem.com\/vi\/wp-json\/wp\/v2\/product_brand?post=6124"},{"taxonomy":"product_cat","embeddable":true,"href":"https:\/\/wpachem.com\/vi\/wp-json\/wp\/v2\/product_cat?post=6124"},{"taxonomy":"product_tag","embeddable":true,"href":"https:\/\/wpachem.com\/vi\/wp-json\/wp\/v2\/product_tag?post=6124"}],"curies":[{"name":"wp","href":"https:\/\/api.w.org\/{rel}","templated":true}]}}