{"id":6133,"date":"2024-02-08T07:13:43","date_gmt":"2024-02-08T07:13:43","guid":{"rendered":"https:\/\/wpachem.com\/?post_type=product&#038;p=6133"},"modified":"2024-02-19T02:26:25","modified_gmt":"2024-02-19T02:26:25","slug":"sodium-copper-chlorophyllin","status":"publish","type":"product","link":"https:\/\/wpachem.com\/vi\/product\/sodium-copper-chlorophyllin\/","title":{"rendered":"M\u00e0u th\u1ef1c ph\u1ea9m t\u1ef1 nhi\u00ean Natri \u0110\u1ed3ng Chlorophyllin"},"content":{"rendered":"<p><strong>\u0110\u1eb7c \u0111i\u1ec3m<\/strong><\/p>\n<p>Gardenia green l\u00e0 m\u1ed9t lo\u1ea1i b\u1ed9t m\u00e0u \u0111\u01b0\u1ee3c l\u00e0m t\u1eeb b\u1ed9t m\u00e0u xanh Gardenia. B\u1ed9t m\u00e0u xanh Gardenia \u0111\u00e3 \u0111\u01b0\u1ee3c s\u1eed d\u1ee5ng r\u1ed9ng r\u00e3i v\u00e0 c\u0169ng l\u00e0 m\u1ed9t lo\u1ea1i ph\u1ea9m m\u00e0u th\u1ef1c ph\u1ea9m \u0111\u01b0\u1ee3c ch\u1ea5p thu\u1eadn s\u1eed d\u1ee5ng t\u1ea1i Trung Qu\u1ed1c. S\u1ea3n ph\u1ea9m n\u00e0y l\u00e0 b\u1ed9t m\u00e0u xanh l\u00e1 c\u00e2y nh\u1ea1t \u0111\u1ebfn xanh l\u00e1 c\u00e2y \u0111\u1eadm tr\u1ed9n v\u1edbi m\u00e0u v\u00e0ng Gardenia v\u00e0 m\u00e0u xanh Gardenia, d\u1ec5 tan trong n\u01b0\u1edbc v\u00e0 dung d\u1ecbch n\u01b0\u1edbc ethanol, kh\u00f4ng tan trong dung m\u00f4i h\u1eefu c\u01a1. T\u00f4ng m\u00e0u v\u00e0 \u0111\u1ed9 \u1ed5n \u0111\u1ecbnh c\u1ee7a n\u00f3 h\u1ea7u nh\u01b0 kh\u00f4ng b\u1ecb \u1ea3nh h\u01b0\u1edfng b\u1edfi \u0111\u1ed9 pH. M\u00e0u s\u1eafc t\u01b0\u01a1i s\u00e1ng, kh\u1ea3 n\u0103ng t\u1ea1o m\u00e0u m\u1ea1nh, kh\u1ea3 n\u0103ng ch\u1ecbu \u00e1nh s\u00e1ng, kh\u1ea3 n\u0103ng ch\u1ecbu nhi\u1ec7t t\u1ed1t, t\u00f4ng m\u00e0u trong ph\u1ea1m vi pH4 ~ 8 c\u00f3 \u0111\u1ed9 \u1ed5n \u0111\u1ecbnh t\u1ed1t, kh\u00f4ng k\u1ebft t\u1ee7a.<\/p>\n<p><strong>\u1ee8ng d\u1ee5ng:<\/strong><\/p>\n<ol>\n<li>B\u1ed5 sung th\u1ef1c ph\u1ea9m, th\u00f4ng qua nghi\u00ean c\u1ee9u c\u00e1c ch\u1ea5t ho\u1ea1t t\u00ednh sinh h\u1ecdc trong th\u1ef1c ph\u1ea9m th\u1ef1c v\u1eadt, ng\u01b0\u1eddi ta th\u1ea5y r\u1eb1ng di\u1ec7p l\u1ee5c l\u00e0 m\u1ed9t ch\u1ea5t ho\u1ea1t t\u00ednh sinh h\u1ecdc t\u1ef1 nhi\u00ean v\u00e0 porphyrin kim lo\u1ea1i, l\u00e0 m\u1ed9t d\u1eabn xu\u1ea5t c\u1ee7a di\u1ec7p l\u1ee5c, l\u00e0 m\u1ed9t trong nh\u1eefng s\u1eafc t\u1ed1 t\u1ef1 nhi\u00ean c\u00f3 \u0111\u1eb7c \u0111i\u1ec3m v\u00e0 \u1ee9ng d\u1ee5ng r\u1ea5t r\u1ed9ng r\u00e3i.<\/li>\n<li>\u0110\u1ed1i v\u1edbi h\u00e0ng d\u1ec7t may, vi\u1ec7c nhu\u1ed9m h\u00e0ng d\u1ec7t may b\u1eb1ng thu\u1ed1c nhu\u1ed9m t\u1ef1 nhi\u00ean xanh v\u00e0 kh\u00f4ng g\u00e2y \u00f4 nhi\u1ec5m \u0111\u00e3 tr\u1edf th\u00e0nh h\u01b0\u1edbng nghi\u00ean c\u1ee9u c\u1ee7a nhi\u1ec1u h\u1ecdc gi\u1ea3. Thu\u1ed1c nhu\u1ed9m t\u1ef1 nhi\u00ean hi\u1ebfm khi nhu\u1ed9m m\u00e0u xanh l\u00e1 c\u00e2y, v\u00e0 natri \u0111\u1ed3ng di\u1ec7p l\u1ee5c l\u00e0 m\u1ed9t lo\u1ea1i thu\u1ed1c nhu\u1ed9m m\u00e0u xanh l\u00e1 c\u00e2y c\u1ea5p th\u1ef1c ph\u1ea9m, l\u00e0 m\u1ed9t d\u1eabn xu\u1ea5t di\u1ec7p l\u1ee5c t\u1ef1 nhi\u00ean, c\u00f3 th\u1ec3 \u0111\u01b0\u1ee3c chi\u1ebft xu\u1ea5t x\u00e0 ph\u00f2ng h\u00f3a di\u1ec7p l\u1ee5c, ph\u1ea3n \u1ee9ng \u0111\u1ed3ng, sau \u0111\u00f3 tinh ch\u1ebf, l\u00e0 m\u1ed9t porphyrin kim lo\u1ea1i, c\u00f3 \u0111\u1ed9 \u1ed5n \u0111\u1ecbnh cao, b\u1ed9t m\u00e0u xanh l\u00e1 c\u00e2y \u0111\u1eadm, h\u01a1i c\u00f3 \u00e1nh kim.<\/li>\n<li>\u0110\u1ed1i v\u1edbi m\u1ee5c \u0111\u00edch s\u1eed d\u1ee5ng m\u1ef9 ph\u1ea9m, natri \u0111\u1ed3ng di\u1ec7p l\u1ee5c l\u00e0 b\u1ed9t m\u00e0u xanh l\u00e1 c\u00e2y \u0111\u1eadm, kh\u00f4ng v\u1ecb ho\u1eb7c c\u00f3 m\u00f9i nh\u1eb9. H\u00f2a tan trong n\u01b0\u1edbc m\u00e0u xanh l\u00e1 c\u00e2y trong su\u1ed1t, \u0111\u1eadm d\u1ea7n theo n\u1ed3ng \u0111\u1ed9 t\u0103ng, ch\u1ecbu \u00e1nh s\u00e1ng, ch\u1ecbu nhi\u1ec7t \u0111\u1ed9 cao, hi\u1ec7u su\u1ea5t \u1ed5n \u0111\u1ecbnh. Trong dung d\u1ecbch 1% c\u00f3 \u0111\u1ed9 pH t\u1eeb 9,5 ~ 10,2, khi \u0111\u1ed9 pH th\u1ea5p h\u01a1n 6,5, canxi s\u1ebd k\u1ebft t\u1ee7a. N\u00f3 h\u00f2a tan nh\u1eb9 trong etanol v\u00e0 d\u1ec5 b\u1ecb k\u1ebft t\u1ee7a trong \u0111\u1ed3 u\u1ed1ng chua.<\/li>\n<\/ol>\n<p>Kh\u1ea3 n\u0103ng ch\u1ed1ng \u00e1nh s\u00e1ng t\u1ed1t h\u01a1n di\u1ec7p l\u1ee5c, v\u00e0 n\u00f3 b\u1ecb ph\u00e2n h\u1ee7y khi \u0111un n\u00f3ng tr\u00ean 110\u2103. Natri \u0111\u1ed3ng di\u1ec7p l\u1ee5c c\u00f3 \u0111\u1eb7c t\u00ednh \u1ed5n \u0111\u1ecbnh v\u00e0 \u0111\u1ed9c t\u00ednh th\u1ea5p<br \/>\nMu\u1ed1i natri di\u1ec7p l\u1ee5c \u0111\u1ed3ng c\u00f3 tri\u1ec3n v\u1ecdng \u1ee9ng d\u1ee5ng r\u1ed9ng r\u00e3i trong \u0111\u1ed3 u\u1ed1ng \u0111\u00f4ng l\u1ea1nh, rau \u0111\u00f3ng h\u1ed9p, k\u1eb9o, n\u01b0\u1edbc \u00e9p tr\u00e1i c\u00e2y v\u00e0 rau qu\u1ea3, th\u1ef1c ph\u1ea9m n\u01b0\u1edbng, th\u1ea1ch v\u00e0 c\u00e1c lo\u1ea1i th\u1ef1c ph\u1ea9m kh\u00e1c \u1edf Trung Qu\u1ed1c.<\/p>","protected":false},"excerpt":{"rendered":"<p>T\u00ean s\u1ea3n ph\u1ea9m: Natri \u0110\u1ed3ng Chlorophyllin<\/p>\n<p>Ngo\u1ea1i quan: b\u1ed9t m\u00e0u xanh l\u00e1 c\u00e2y nh\u1ea1t \u0111\u1ebfn xanh l\u00e1 c\u00e2y \u0111\u1eadm<\/p>","protected":false},"featured_media":6142,"template":"","meta":{"_acf_changed":false,"_gspb_post_css":""},"product_brand":[],"product_cat":[120],"product_tag":[],"class_list":{"0":"post-6133","1":"product","2":"type-product","3":"status-publish","4":"has-post-thumbnail","6":"product_cat-food-colorants","8":"first","9":"instock","10":"shipping-taxable","11":"product-type-simple"},"acf":[],"_links":{"self":[{"href":"https:\/\/wpachem.com\/vi\/wp-json\/wp\/v2\/product\/6133","targetHints":{"allow":["GET"]}}],"collection":[{"href":"https:\/\/wpachem.com\/vi\/wp-json\/wp\/v2\/product"}],"about":[{"href":"https:\/\/wpachem.com\/vi\/wp-json\/wp\/v2\/types\/product"}],"version-history":[{"count":0,"href":"https:\/\/wpachem.com\/vi\/wp-json\/wp\/v2\/product\/6133\/revisions"}],"wp:featuredmedia":[{"embeddable":true,"href":"https:\/\/wpachem.com\/vi\/wp-json\/wp\/v2\/media\/6142"}],"wp:attachment":[{"href":"https:\/\/wpachem.com\/vi\/wp-json\/wp\/v2\/media?parent=6133"}],"wp:term":[{"taxonomy":"product_brand","embeddable":true,"href":"https:\/\/wpachem.com\/vi\/wp-json\/wp\/v2\/product_brand?post=6133"},{"taxonomy":"product_cat","embeddable":true,"href":"https:\/\/wpachem.com\/vi\/wp-json\/wp\/v2\/product_cat?post=6133"},{"taxonomy":"product_tag","embeddable":true,"href":"https:\/\/wpachem.com\/vi\/wp-json\/wp\/v2\/product_tag?post=6133"}],"curies":[{"name":"wp","href":"https:\/\/api.w.org\/{rel}","templated":true}]}}