{"id":6148,"date":"2024-02-08T07:20:47","date_gmt":"2024-02-08T07:20:47","guid":{"rendered":"https:\/\/wpachem.com\/?post_type=product&#038;p=6148"},"modified":"2024-02-08T07:23:47","modified_gmt":"2024-02-08T07:23:47","slug":"moringa-leaf-extract","status":"publish","type":"product","link":"https:\/\/wpachem.com\/vi\/product\/moringa-leaf-extract\/","title":{"rendered":"Chi\u1ebft xu\u1ea5t l\u00e1 Moringa"},"content":{"rendered":"<p><strong>\u0110\u1eb7c \u0111i\u1ec3m<\/strong><\/p>\n<p>B\u1ed9t m\u00e0u n\u00e2u<\/p>\n<p><strong>\u1ee8ng d\u1ee5ng:<\/strong><\/p>\n<p>Thu\u1ed1c nhu\u1eadn tr\u00e0ng, ch\u1ed1ng vi\u00eam, \u0111\u00e1nh th\u1ee9c, t\u0103ng c\u01b0\u1eddng h\u1ec7 mi\u1ec5n d\u1ecbch, c\u1ea3i thi\u1ec7n gi\u1ea5c ng\u1ee7, lo\u1ea1i b\u1ecf t\u00e1o b\u00f3n, gi\u1ea3m c\u00e2n v\u00e0 t\u1ea1o d\u00e1ng c\u01a1 th\u1ec3<\/p>","protected":false},"excerpt":{"rendered":"<p>T\u00ean s\u1ea3n ph\u1ea9m: Chi\u1ebft xu\u1ea5t l\u00e1 Moringa<\/p>\n<p>Ngo\u1ea1i quan: B\u1ed9t m\u00e0u n\u00e2u<\/p>","protected":false},"featured_media":5830,"template":"","meta":{"_acf_changed":false,"_gspb_post_css":""},"product_brand":[],"product_cat":[69,124,123,122,24],"product_tag":[],"class_list":{"0":"post-6148","1":"product","2":"type-product","3":"status-publish","4":"has-post-thumbnail","6":"product_cat-more","7":"product_cat-food-additives-plant-extract","8":"product_cat-health-product-raw-materials","9":"product_cat-plant-extract","10":"product_cat-uncategorized","12":"first","13":"instock","14":"shipping-taxable","15":"product-type-simple"},"acf":[],"_links":{"self":[{"href":"https:\/\/wpachem.com\/vi\/wp-json\/wp\/v2\/product\/6148","targetHints":{"allow":["GET"]}}],"collection":[{"href":"https:\/\/wpachem.com\/vi\/wp-json\/wp\/v2\/product"}],"about":[{"href":"https:\/\/wpachem.com\/vi\/wp-json\/wp\/v2\/types\/product"}],"version-history":[{"count":0,"href":"https:\/\/wpachem.com\/vi\/wp-json\/wp\/v2\/product\/6148\/revisions"}],"wp:featuredmedia":[{"embeddable":true,"href":"https:\/\/wpachem.com\/vi\/wp-json\/wp\/v2\/media\/5830"}],"wp:attachment":[{"href":"https:\/\/wpachem.com\/vi\/wp-json\/wp\/v2\/media?parent=6148"}],"wp:term":[{"taxonomy":"product_brand","embeddable":true,"href":"https:\/\/wpachem.com\/vi\/wp-json\/wp\/v2\/product_brand?post=6148"},{"taxonomy":"product_cat","embeddable":true,"href":"https:\/\/wpachem.com\/vi\/wp-json\/wp\/v2\/product_cat?post=6148"},{"taxonomy":"product_tag","embeddable":true,"href":"https:\/\/wpachem.com\/vi\/wp-json\/wp\/v2\/product_tag?post=6148"}],"curies":[{"name":"wp","href":"https:\/\/api.w.org\/{rel}","templated":true}]}}