{"id":6152,"date":"2024-02-08T07:52:01","date_gmt":"2024-02-08T07:52:01","guid":{"rendered":"https:\/\/wpachem.com\/?post_type=product&#038;p=6152"},"modified":"2024-02-19T02:23:34","modified_gmt":"2024-02-19T02:23:34","slug":"curcumin","status":"publish","type":"product","link":"https:\/\/wpachem.com\/vi\/product\/curcumin\/","title":{"rendered":"M\u00e0u th\u1ef1c ph\u1ea9m t\u1ef1 nhi\u00ean Curcumin"},"content":{"rendered":"<p><strong>\u0110\u1eb7c \u0111i\u1ec3m<\/strong><\/p>\n<p>Curcumin th\u1ef1c ph\u1ea9m \u0111\u01b0\u1ee3c chi\u1ebft xu\u1ea5t v\u00e0 tinh ch\u1ebf t\u1eeb th\u00e2n r\u1ec5 kh\u00f4 c\u1ee7a ngh\u1ec7. S\u1ea3n ph\u1ea9m l\u00e0 b\u1ed9t tinh th\u1ec3 m\u00e0u v\u00e0ng cam c\u00f3 \u0111i\u1ec3m n\u00f3ng ch\u1ea3y l\u00e0 183\u00b0. Kh\u00f4ng tan trong n\u01b0\u1edbc v\u00e0 ete, tan trong etanol v\u00e0 axit axetic b\u0103ng, m\u00e0u v\u00e0ng nh\u1ea1t trong \u0111i\u1ec1u ki\u1ec7n axit, m\u00e0u n\u00e2u \u0111\u1ecf trong \u0111i\u1ec1u ki\u1ec7n ki\u1ec1m.<\/p>\n<p><strong>\u1ee8ng d\u1ee5ng:<\/strong><\/p>\n<p>Th\u00edch h\u1ee3p cho ng\u00e0nh \u0111\u1ed3 u\u1ed1ng, kh\u00f4ng c\u00f3 v\u1ea5n \u0111\u1ec1 v\u1ec1 d\u1ea7u loang, \u1ed1 m\u00e0u v\u00e0 k\u1ebft t\u1ee7a, c\u00f3 \u0111\u1ed9 \u1ed5n \u0111\u1ecbnh t\u1ed1t, kh\u1ea3 n\u0103ng ch\u1ed1ng \u00e1nh s\u00e1ng, ch\u1ecbu nhi\u1ec7t, ch\u1ed1ng axit v\u00e0 c\u00e1c \u0111\u1eb7c t\u00ednh kh\u00e1c. Ngo\u00e0i ra, n\u00f3 c\u0169ng c\u00f3 th\u1ec3 \u0111\u01b0\u1ee3c s\u1eed d\u1ee5ng trong c\u00e1c s\u1ea3n ph\u1ea9m m\u00ec \u1ed1ng, \u0111\u1ed3 u\u1ed1ng \u0111\u00f4ng l\u1ea1nh, m\u1ee9t, b\u00e1nh k\u1eb9o, \u0111\u1ed3 n\u01b0\u1edbng v\u00e0 th\u1ea1ch.<\/p>","protected":false},"excerpt":{"rendered":"<p>T\u00ean s\u1ea3n ph\u1ea9m: Chlorophylli<\/p>\n<p>Ngo\u1ea1i quan: b\u1ed9t tinh th\u1ec3 m\u00e0u v\u00e0ng cam<\/p>","protected":false},"featured_media":6159,"template":"","meta":{"_acf_changed":false,"_gspb_post_css":""},"product_brand":[],"product_cat":[120],"product_tag":[],"class_list":{"0":"post-6152","1":"product","2":"type-product","3":"status-publish","4":"has-post-thumbnail","6":"product_cat-food-colorants","8":"first","9":"instock","10":"shipping-taxable","11":"product-type-simple"},"acf":[],"_links":{"self":[{"href":"https:\/\/wpachem.com\/vi\/wp-json\/wp\/v2\/product\/6152","targetHints":{"allow":["GET"]}}],"collection":[{"href":"https:\/\/wpachem.com\/vi\/wp-json\/wp\/v2\/product"}],"about":[{"href":"https:\/\/wpachem.com\/vi\/wp-json\/wp\/v2\/types\/product"}],"version-history":[{"count":0,"href":"https:\/\/wpachem.com\/vi\/wp-json\/wp\/v2\/product\/6152\/revisions"}],"wp:featuredmedia":[{"embeddable":true,"href":"https:\/\/wpachem.com\/vi\/wp-json\/wp\/v2\/media\/6159"}],"wp:attachment":[{"href":"https:\/\/wpachem.com\/vi\/wp-json\/wp\/v2\/media?parent=6152"}],"wp:term":[{"taxonomy":"product_brand","embeddable":true,"href":"https:\/\/wpachem.com\/vi\/wp-json\/wp\/v2\/product_brand?post=6152"},{"taxonomy":"product_cat","embeddable":true,"href":"https:\/\/wpachem.com\/vi\/wp-json\/wp\/v2\/product_cat?post=6152"},{"taxonomy":"product_tag","embeddable":true,"href":"https:\/\/wpachem.com\/vi\/wp-json\/wp\/v2\/product_tag?post=6152"}],"curies":[{"name":"wp","href":"https:\/\/api.w.org\/{rel}","templated":true}]}}