{"id":6161,"date":"2024-02-08T08:10:09","date_gmt":"2024-02-08T08:10:09","guid":{"rendered":"https:\/\/wpachem.com\/?post_type=product&#038;p=6161"},"modified":"2024-02-19T02:23:22","modified_gmt":"2024-02-19T02:23:22","slug":"safflower-yellow","status":"publish","type":"product","link":"https:\/\/wpachem.com\/vi\/product\/safflower-yellow\/","title":{"rendered":"M\u00e0u th\u1ef1c ph\u1ea9m t\u1ef1 nhi\u00ean m\u00e0u v\u00e0ng c\u00e2y rum"},"content":{"rendered":"<p><strong>\u0110\u1eb7c \u0111i\u1ec3m<\/strong><\/p>\n<p>S\u1eafc t\u1ed1 v\u00e0ng c\u00e2y rum l\u00e0 m\u1ed9t s\u1eafc t\u1ed1 th\u1ef1c ph\u1ea9m t\u1ef1 nhi\u00ean \u0111\u01b0\u1ee3c chi\u1ebft xu\u1ea5t t\u1eeb c\u00e1nh hoa rum kh\u00f4 trong chi Compositae v\u00e0 c\u00e2y rum b\u1eb1ng m\u1ed9t quy tr\u00ecnh s\u1ea3n xu\u1ea5t \u0111\u1ed9c \u0111\u00e1o theo c\u00e1c nguy\u00ean t\u1eafc k\u1ef9 thu\u1eadt sinh h\u1ecdc hi\u1ec7n \u0111\u1ea1i. B\u1ed9t ho\u1eb7c ch\u1ea5t l\u1ecfng m\u00e0u v\u00e0ng \u0111\u1ebfn v\u00e0ng n\u00e2u c\u00f3 m\u00f9i \u0111\u1eb7c tr\u01b0ng. H\u00f2a tan trong n\u01b0\u1edbc, ethanol lo\u00e3ng, propylene glycol lo\u00e3ng; Kh\u00f4ng h\u00f2a tan trong ethanol khan, acetone, m\u1ee1, v.v. Dung d\u1ecbch n\u01b0\u1edbc c\u00f3 m\u00e0u v\u00e0ng t\u01b0\u01a1i v\u00e0 m\u00e0u s\u1eafc d\u1ec5 b\u1ecb thay \u0111\u1ed5i theo gi\u00e1 tr\u1ecb PH c\u1ee7a m\u00f4i tr\u01b0\u1eddng. Trong ph\u1ea1m vi gi\u00e1 tr\u1ecb PH: 2-7, c\u00f3 th\u1ec3 duy tr\u00ec t\u00f4ng m\u00e0u v\u00e0ng \u1ed5n \u0111\u1ecbnh v\u00e0 dung d\u1ecbch ki\u1ec1m c\u00f3 m\u00e0u v\u00e0ng cam. N\u00f3 c\u00f3 \u0111\u1ed9 \u1ed5n \u0111\u1ecbnh t\u1ed1t v\u1edbi \u00e1nh s\u00e1ng v\u00e0 nhi\u1ec7t.<\/p>\n<p><strong>\u1ee8ng d\u1ee5ng:<\/strong><\/p>\n<p>Ch\u1ee7 y\u1ebfu \u0111\u01b0\u1ee3c s\u1eed d\u1ee5ng trong \u0111\u1ed3 u\u1ed1ng c\u00f3 h\u01b0\u01a1ng v\u1ecb tr\u00e1i c\u00e2y (r\u1eafn v\u00e0 l\u1ecfng), \u0111\u1ed3 u\u1ed1ng n\u01b0\u1edbc \u00e9p tr\u00e1i c\u00e2y, n\u01b0\u1edbc gi\u1ea3i kh\u00e1t, c\u00e1c lo\u1ea1i r\u01b0\u1ee3u tr\u00e1i c\u00e2y, r\u01b0\u1ee3u vang h\u1ed7n h\u1ee3p, k\u1eb9o, \u0111\u1ed3 l\u00e0m b\u00e1nh ng\u1ecdt, l\u1ee5a \u0111\u1ecf v\u00e0 xanh l\u00e1 c\u00e2y, m\u1ee9t, tr\u00e1i c\u00e2y \u0111\u00f3ng h\u1ed9p, s\u1ea3n ph\u1ea9m \u0111\u00e1, n\u01b0\u1edbc \u00e9p tr\u00e1i c\u00e2y c\u00f4 \u0111\u1eb7c, m\u1eadn xanh, kem, kem que, \u0111\u1ed3 b\u1ea3o qu\u1ea3n v\u00e0 th\u1ea1ch,<\/p>","protected":false},"excerpt":{"rendered":"<p>T\u00ean s\u1ea3n ph\u1ea9m: C\u00e2y rum v\u00e0ng<\/p>\n<p>Ngo\u1ea1i quan: B\u1ed9t ho\u1eb7c ch\u1ea5t l\u1ecfng m\u00e0u v\u00e0ng \u0111\u1ebfn v\u00e0ng n\u00e2u<\/p>","protected":false},"featured_media":6158,"template":"","meta":{"_acf_changed":false,"_gspb_post_css":""},"product_brand":[],"product_cat":[120],"product_tag":[],"class_list":{"0":"post-6161","1":"product","2":"type-product","3":"status-publish","4":"has-post-thumbnail","6":"product_cat-food-colorants","8":"first","9":"instock","10":"shipping-taxable","11":"product-type-simple"},"acf":[],"_links":{"self":[{"href":"https:\/\/wpachem.com\/vi\/wp-json\/wp\/v2\/product\/6161","targetHints":{"allow":["GET"]}}],"collection":[{"href":"https:\/\/wpachem.com\/vi\/wp-json\/wp\/v2\/product"}],"about":[{"href":"https:\/\/wpachem.com\/vi\/wp-json\/wp\/v2\/types\/product"}],"version-history":[{"count":0,"href":"https:\/\/wpachem.com\/vi\/wp-json\/wp\/v2\/product\/6161\/revisions"}],"wp:featuredmedia":[{"embeddable":true,"href":"https:\/\/wpachem.com\/vi\/wp-json\/wp\/v2\/media\/6158"}],"wp:attachment":[{"href":"https:\/\/wpachem.com\/vi\/wp-json\/wp\/v2\/media?parent=6161"}],"wp:term":[{"taxonomy":"product_brand","embeddable":true,"href":"https:\/\/wpachem.com\/vi\/wp-json\/wp\/v2\/product_brand?post=6161"},{"taxonomy":"product_cat","embeddable":true,"href":"https:\/\/wpachem.com\/vi\/wp-json\/wp\/v2\/product_cat?post=6161"},{"taxonomy":"product_tag","embeddable":true,"href":"https:\/\/wpachem.com\/vi\/wp-json\/wp\/v2\/product_tag?post=6161"}],"curies":[{"name":"wp","href":"https:\/\/api.w.org\/{rel}","templated":true}]}}