{"id":6165,"date":"2024-02-08T08:24:46","date_gmt":"2024-02-08T08:24:46","guid":{"rendered":"https:\/\/wpachem.com\/?post_type=product&#038;p=6165"},"modified":"2024-02-19T02:19:07","modified_gmt":"2024-02-19T02:19:07","slug":"xanthophyll","status":"publish","type":"product","link":"https:\/\/wpachem.com\/vi\/product\/xanthophyll\/","title":{"rendered":"M\u00e0u th\u1ef1c ph\u1ea9m t\u1ef1 nhi\u00ean Xanthophyll"},"content":{"rendered":"<p><strong>\u0110\u1eb7c \u0111i\u1ec3m<\/strong><\/p>\n<p>\u0110\u00e2y l\u00e0 m\u1ed9t s\u1eafc t\u1ed1 t\u1ef1 nhi\u00ean ch\u1ee7 y\u1ebfu \u0111\u01b0\u1ee3c chi\u1ebft xu\u1ea5t t\u1eeb m\u1ed9t s\u1ed1 lo\u1ea1i rau l\u00e1 xanh v\u00e0 tr\u00e1i c\u00e2y. N\u00f3 thu\u1ed9c nh\u00f3m carotenoid c\u00f3 m\u00e0u v\u00e0ng s\u1eabm \u0111\u1ebfn cam. Lutein t\u1ed3n t\u1ea1i r\u1ed9ng r\u00e3i trong th\u1ef1c v\u1eadt v\u00e0 l\u00e0 m\u1ed9t ngu\u1ed3n s\u1eafc t\u1ed1 t\u1ef1 nhi\u00ean quan tr\u1ecdng.<\/p>\n<p><strong>\u1ee8ng d\u1ee5ng:<\/strong><\/p>\n<ol>\n<li>N\u01b0\u1edbc \u00e9p cam: c\u00f3 th\u1ec3 thay th\u1ebf m\u00e0u nh\u00e2n t\u1ea1o, cung c\u1ea5p m\u00e0u v\u00e0ng cam t\u01b0\u01a1i s\u00e1ng.<\/li>\n<li>S\u1eefa chua: D\u00f9ng \u0111\u1ec3 t\u1ea1o m\u00e0u v\u00e0ng nh\u1ea1t, t\u0103ng t\u00ednh th\u1ea9m m\u1ef9 v\u00e0 ch\u1ea5t l\u01b0\u1ee3ng s\u1ea3n ph\u1ea9m.<\/li>\n<li>\u00a0B\u00e1nh m\u00ec v\u00e0 b\u00e1nh ng\u1ecdt: d\u00f9ng \u0111\u1ec3 t\u1ea1o m\u00e0u v\u00e0ng v\u00e0 t\u0103ng ch\u1ea5t l\u01b0\u1ee3ng s\u1ea3n ph\u1ea9m.<\/li>\n<li>L\u00e0m m\u1ee9t: Cung c\u1ea5p h\u01b0\u01a1ng v\u1ecb \u0111\u1eadm \u0111\u00e0 gi\u1ed1ng tr\u00e1i c\u00e2y t\u1ef1 nhi\u00ean v\u00e0 n\u00e2ng cao ch\u1ea5t l\u01b0\u1ee3ng s\u1ea3n ph\u1ea9m.<\/li>\n<li>\u0110\u1ed3 \u0103n nh\u1eb9 tr\u00e1i c\u00e2y: Cung c\u1ea5p m\u00e0u v\u00e0ng v\u00e0 h\u1ea5p d\u1eabn v\u1ec1 m\u1eb7t th\u1ecb gi\u00e1c.<\/li>\n<li>K\u1eb9o thu\u1ed1c: n\u00e2ng cao ch\u1ea5t l\u01b0\u1ee3ng s\u1ea3n ph\u1ea9m v\u00e0 mang l\u1ea1i hi\u1ec7u qu\u1ea3 v\u1ec1 m\u1eb7t th\u1ecb gi\u00e1c.<\/li>\n<li>K\u1eb9o m\u1ee9t v\u00e0 k\u1eb9o m\u1ec1m: T\u1ea1o m\u00e0u v\u00e0ng thay v\u00ec ph\u1ea9m m\u00e0u th\u1ef1c ph\u1ea9m nh\u00e2n t\u1ea1o.<\/li>\n<li>\u00a0N\u01b0\u1edbc c\u1ed1t d\u1eeba: cung c\u1ea5p m\u00e0u v\u00e0ng t\u1ef1 nhi\u00ean v\u00e0 t\u0103ng c\u01b0\u1eddng ch\u1ea5t l\u01b0\u1ee3ng s\u1ea3n ph\u1ea9m.<\/li>\n<li>M\u1eadt ong: cung c\u1ea5p ch\u1ea5t t\u1ea1o m\u00e0u v\u00e0ng nh\u1ea1t v\u00e0 t\u0103ng c\u01b0\u1eddng ch\u1ea5t l\u01b0\u1ee3ng s\u1ea3n ph\u1ea9m.<\/li>\n<li>Th\u1ee9c \u0103n cho tr\u1ebb em: Cung c\u1ea5p ph\u1ea9m m\u00e0u v\u00e0ng.<\/li>\n<\/ol>","protected":false},"excerpt":{"rendered":"<p>T\u00ean s\u1ea3n ph\u1ea9m: Xanthophyll<\/p>\n<p>Ngo\u1ea1i quan: B\u1ed9t m\u00e0u v\u00e0ng cam \u0111\u1ebfn \u0111\u1ecf cam<\/p>","protected":false},"featured_media":4296,"template":"","meta":{"_acf_changed":false,"_gspb_post_css":""},"product_brand":[],"product_cat":[24],"product_tag":[],"class_list":{"0":"post-6165","1":"product","2":"type-product","3":"status-publish","4":"has-post-thumbnail","6":"product_cat-uncategorized","8":"first","9":"instock","10":"shipping-taxable","11":"product-type-simple"},"acf":[],"_links":{"self":[{"href":"https:\/\/wpachem.com\/vi\/wp-json\/wp\/v2\/product\/6165","targetHints":{"allow":["GET"]}}],"collection":[{"href":"https:\/\/wpachem.com\/vi\/wp-json\/wp\/v2\/product"}],"about":[{"href":"https:\/\/wpachem.com\/vi\/wp-json\/wp\/v2\/types\/product"}],"version-history":[{"count":0,"href":"https:\/\/wpachem.com\/vi\/wp-json\/wp\/v2\/product\/6165\/revisions"}],"wp:featuredmedia":[{"embeddable":true,"href":"https:\/\/wpachem.com\/vi\/wp-json\/wp\/v2\/media\/4296"}],"wp:attachment":[{"href":"https:\/\/wpachem.com\/vi\/wp-json\/wp\/v2\/media?parent=6165"}],"wp:term":[{"taxonomy":"product_brand","embeddable":true,"href":"https:\/\/wpachem.com\/vi\/wp-json\/wp\/v2\/product_brand?post=6165"},{"taxonomy":"product_cat","embeddable":true,"href":"https:\/\/wpachem.com\/vi\/wp-json\/wp\/v2\/product_cat?post=6165"},{"taxonomy":"product_tag","embeddable":true,"href":"https:\/\/wpachem.com\/vi\/wp-json\/wp\/v2\/product_tag?post=6165"}],"curies":[{"name":"wp","href":"https:\/\/api.w.org\/{rel}","templated":true}]}}