{"id":6168,"date":"2024-02-08T08:42:30","date_gmt":"2024-02-08T08:42:30","guid":{"rendered":"https:\/\/wpachem.com\/?post_type=product&#038;p=6168"},"modified":"2024-02-19T02:17:56","modified_gmt":"2024-02-19T02:17:56","slug":"lycopene","status":"publish","type":"product","link":"https:\/\/wpachem.com\/vi\/product\/lycopene\/","title":{"rendered":"M\u00e0u th\u1ef1c ph\u1ea9m t\u1ef1 nhi\u00ean Lycopene"},"content":{"rendered":"<p><strong>\u0110\u1eb7c \u0111i\u1ec3m<\/strong><\/p>\n<p>Lycopene l\u00e0 m\u1ed9t carotenoid, ch\u1ee7 y\u1ebfu c\u00f3 trong c\u00e0 chua, c\u00e0 r\u1ed1t v\u00e0 c\u00e1c lo\u1ea1i rau v\u00e0 tr\u00e1i c\u00e2y kh\u00e1c. Con ng\u01b0\u1eddi ho\u1eb7c \u0111\u1ed9ng v\u1eadt kh\u00f4ng th\u1ec3 t\u1ef1 t\u1ed5ng h\u1ee3p carotenoid, v\u00ec v\u1eady lycopene c\u1ea7n ph\u1ea3i \u0111\u01b0\u1ee3c h\u1ea5p th\u1ee5 th\u00f4ng qua ch\u1ebf \u0111\u1ed9 \u0103n u\u1ed1ng.<\/p>\n<p><strong>\u1ee8ng d\u1ee5ng:<\/strong><\/p>\n<p>B\u1ed9t ho\u1eb7c nh\u0169 t\u01b0\u01a1ng c\u00f3 m\u00e0u \u0111\u1ecf s\u1eabm:<\/p>\n<p>N\u00f3 c\u00f3 \u0111\u1eb7c \u0111i\u1ec3m l\u00e0 \u0111\u1ed9 tinh khi\u1ebft cao, \u0111\u1ed9 \u1ed5n \u0111\u1ecbnh t\u1ed1t v\u00e0 kh\u1ea3 n\u0103ng h\u00f2a tan trong n\u01b0\u1edbc t\u1ed1t.<br \/>\nC\u00f3 th\u1ec3 s\u1eed d\u1ee5ng trong c\u00e1c s\u1ea3n ph\u1ea9m t\u1eeb s\u1eefa, k\u1eb9o, \u0111\u1ed3 u\u1ed1ng, th\u1ea1ch, b\u00e1nh n\u01b0\u1edbng, gia v\u1ecb v\u00e0 c\u00e1c l\u0129nh v\u1ef1c kh\u00e1c. \u1ee8ng d\u1ee5ng trong ng\u00e0nh th\u1ef1c ph\u1ea9m c\u00f3 th\u1ec3 tham kh\u1ea3o ph\u1ea1m vi s\u1eed d\u1ee5ng GB2760.<br \/>\nC\u00e1c d\u1ea1ng s\u1ea3n ph\u1ea9m lycopene trong l\u0129nh v\u1ef1c th\u1ef1c ph\u1ea9m s\u1ee9c kh\u1ecfe ch\u1ee7 y\u1ebfu t\u1eadp trung \u1edf d\u1ea1ng vi\u00ean nang m\u1ec1m, n\u01b0\u1edbc u\u1ed1ng r\u1eafn, vi\u00ean k\u1eb9o, v.v.<\/p>","protected":false},"excerpt":{"rendered":"<p>T\u00ean s\u1ea3n ph\u1ea9m: Lycopene<\/p>\n<p>Ngo\u1ea1i quan: b\u1ed9t m\u00e0u \u0111\u1ecf s\u1eabm<\/p>","protected":false},"featured_media":4730,"template":"","meta":{"_acf_changed":false,"_gspb_post_css":""},"product_brand":[],"product_cat":[120],"product_tag":[],"class_list":{"0":"post-6168","1":"product","2":"type-product","3":"status-publish","4":"has-post-thumbnail","6":"product_cat-food-colorants","8":"first","9":"instock","10":"shipping-taxable","11":"product-type-simple"},"acf":[],"_links":{"self":[{"href":"https:\/\/wpachem.com\/vi\/wp-json\/wp\/v2\/product\/6168","targetHints":{"allow":["GET"]}}],"collection":[{"href":"https:\/\/wpachem.com\/vi\/wp-json\/wp\/v2\/product"}],"about":[{"href":"https:\/\/wpachem.com\/vi\/wp-json\/wp\/v2\/types\/product"}],"version-history":[{"count":0,"href":"https:\/\/wpachem.com\/vi\/wp-json\/wp\/v2\/product\/6168\/revisions"}],"wp:featuredmedia":[{"embeddable":true,"href":"https:\/\/wpachem.com\/vi\/wp-json\/wp\/v2\/media\/4730"}],"wp:attachment":[{"href":"https:\/\/wpachem.com\/vi\/wp-json\/wp\/v2\/media?parent=6168"}],"wp:term":[{"taxonomy":"product_brand","embeddable":true,"href":"https:\/\/wpachem.com\/vi\/wp-json\/wp\/v2\/product_brand?post=6168"},{"taxonomy":"product_cat","embeddable":true,"href":"https:\/\/wpachem.com\/vi\/wp-json\/wp\/v2\/product_cat?post=6168"},{"taxonomy":"product_tag","embeddable":true,"href":"https:\/\/wpachem.com\/vi\/wp-json\/wp\/v2\/product_tag?post=6168"}],"curies":[{"name":"wp","href":"https:\/\/api.w.org\/{rel}","templated":true}]}}