{"id":6169,"date":"2024-02-08T08:30:20","date_gmt":"2024-02-08T08:30:20","guid":{"rendered":"https:\/\/wpachem.com\/?post_type=product&#038;p=6169"},"modified":"2024-02-08T08:32:08","modified_gmt":"2024-02-08T08:32:08","slug":"hawthorn-extract","status":"publish","type":"product","link":"https:\/\/wpachem.com\/vi\/product\/hawthorn-extract\/","title":{"rendered":"Chi\u1ebft xu\u1ea5t t\u00e1o gai"},"content":{"rendered":"<p><strong>\u0110\u1eb7c \u0111i\u1ec3m<\/strong><\/p>\n<p>B\u1ed9t m\u00e0u n\u00e2u<\/p>\n<p><strong>\u1ee8ng d\u1ee5ng:<\/strong><\/p>\n<p>T\u0103ng c\u01b0\u1eddng d\u1ea1 d\u00e0y v\u00e0 lo\u1ea1i b\u1ecf th\u1ee9c \u0103n, th\u00fac \u0111\u1ea9y l\u01b0u th\u00f4ng m\u00e1u v\u00e0 ph\u00e2n t\u00e1n \u1ee9 m\u00e1u, b\u1ea3o v\u1ec7 h\u1ec7 th\u1ed1ng tim m\u1ea1ch v\u00e0 h\u1ea1 huy\u1ebft \u00e1p<\/p>","protected":false},"excerpt":{"rendered":"<p>T\u00ean s\u1ea3n ph\u1ea9m: Chi\u1ebft xu\u1ea5t c\u00e2y t\u00e1o gai<\/p>\n<p>Ngo\u1ea1i quan: B\u1ed9t m\u00e0u n\u00e2u<\/p>","protected":false},"featured_media":5830,"template":"","meta":{"_acf_changed":false,"_gspb_post_css":""},"product_brand":[],"product_cat":[69,124,123,122,24],"product_tag":[],"class_list":{"0":"post-6169","1":"product","2":"type-product","3":"status-publish","4":"has-post-thumbnail","6":"product_cat-more","7":"product_cat-food-additives-plant-extract","8":"product_cat-health-product-raw-materials","9":"product_cat-plant-extract","10":"product_cat-uncategorized","12":"first","13":"instock","14":"shipping-taxable","15":"product-type-simple"},"acf":[],"_links":{"self":[{"href":"https:\/\/wpachem.com\/vi\/wp-json\/wp\/v2\/product\/6169","targetHints":{"allow":["GET"]}}],"collection":[{"href":"https:\/\/wpachem.com\/vi\/wp-json\/wp\/v2\/product"}],"about":[{"href":"https:\/\/wpachem.com\/vi\/wp-json\/wp\/v2\/types\/product"}],"version-history":[{"count":0,"href":"https:\/\/wpachem.com\/vi\/wp-json\/wp\/v2\/product\/6169\/revisions"}],"wp:featuredmedia":[{"embeddable":true,"href":"https:\/\/wpachem.com\/vi\/wp-json\/wp\/v2\/media\/5830"}],"wp:attachment":[{"href":"https:\/\/wpachem.com\/vi\/wp-json\/wp\/v2\/media?parent=6169"}],"wp:term":[{"taxonomy":"product_brand","embeddable":true,"href":"https:\/\/wpachem.com\/vi\/wp-json\/wp\/v2\/product_brand?post=6169"},{"taxonomy":"product_cat","embeddable":true,"href":"https:\/\/wpachem.com\/vi\/wp-json\/wp\/v2\/product_cat?post=6169"},{"taxonomy":"product_tag","embeddable":true,"href":"https:\/\/wpachem.com\/vi\/wp-json\/wp\/v2\/product_tag?post=6169"}],"curies":[{"name":"wp","href":"https:\/\/api.w.org\/{rel}","templated":true}]}}