{"id":6180,"date":"2024-02-08T09:04:25","date_gmt":"2024-02-08T09:04:25","guid":{"rendered":"https:\/\/wpachem.com\/?post_type=product&#038;p=6180"},"modified":"2024-02-19T02:16:42","modified_gmt":"2024-02-19T02:16:42","slug":"annatto-extract","status":"publish","type":"product","link":"https:\/\/wpachem.com\/vi\/product\/annatto-extract\/","title":{"rendered":"Chi\u1ebft xu\u1ea5t m\u00e0u th\u1ef1c ph\u1ea9m t\u1ef1 nhi\u00ean Annatto"},"content":{"rendered":"<p><strong>\u0110\u1eb7c \u0111i\u1ec3m<\/strong><\/p>\n<p>c\u00f2n \u0111\u01b0\u1ee3c g\u1ecdi l\u00e0 m\u00e0u \u0111\u1ecf th\u1eabm v\u00e0 m\u00e0u \u0111\u1ecf ponceau, l\u00e0 m\u1ed9t lo\u1ea1i thu\u1ed1c nhu\u1ed9m th\u1ef1c ph\u1ea9m azo t\u1ed5ng h\u1ee3p. N\u00f3 c\u00f3 kh\u1ea3 n\u0103ng ch\u1ecbu axit t\u1ed1t, \u1ed5n \u0111\u1ecbnh v\u1edbi axit citric v\u00e0 axit tartaric, kh\u1ea3 n\u0103ng ch\u1ecbu nhi\u1ec7t v\u00e0 kh\u00e1ng ki\u1ec1m k\u00e9m, kh\u1ea3 n\u0103ng kh\u00e1ng khu\u1ea9n y\u1ebfu v\u00e0 chuy\u1ec3n sang m\u00e0u n\u00e2u khi c\u00f3 ki\u1ec1m. Do \u0111\u1ed9 an to\u00e0n cao, n\u00f3 c\u00f3 th\u1ec3 \u0111\u01b0\u1ee3c s\u1eed d\u1ee5ng \u01b0u ti\u00ean khi l\u1ef1a ch\u1ecdn thu\u1ed1c nhu\u1ed9m m\u00e0u \u0111\u1ecf. N\u00f3 c\u00f3 th\u1ec3 \u0111\u01b0\u1ee3c s\u1eed d\u1ee5ng \u0111\u1ec3 t\u1ea1o m\u00e0u cho b\u00e1nh ng\u1ecdt, nhu\u1ed9m anh \u0111\u00e0o, v.v., v\u1edbi gi\u1edbi h\u1ea1n 0,05g\/kg.<\/p>\n<p><strong>\u1ee8ng d\u1ee5ng:<\/strong><\/p>\n<p>Carmes l\u00e0 ph\u1ea9m m\u00e0u th\u1ef1c ph\u1ea9m c\u00f3 th\u1ec3 d\u00f9ng cho \u0111\u1ed3 u\u1ed1ng n\u01b0\u1edbc \u00e9p tr\u00e1i c\u00e2y, r\u01b0\u1ee3u vang ch\u1ebf bi\u1ebfn s\u1eb5n, \u0111\u1ed3 u\u1ed1ng c\u00f3 ga, k\u1eb9o, b\u00e1nh ng\u1ecdt, kem, s\u1eefa chua v\u00e0 c\u00e1c lo\u1ea1i ph\u1ea9m m\u00e0u th\u1ef1c ph\u1ea9m kh\u00e1c, nh\u01b0ng kh\u00f4ng \u0111\u01b0\u1ee3c d\u00f9ng cho th\u1ecbt kh\u00f4, s\u1ea3n ph\u1ea9m b\u1ea3o qu\u1ea3n t\u1eeb th\u1ecbt, th\u1ee7y s\u1ea3n v\u00e0 c\u00e1c lo\u1ea1i th\u1ef1c ph\u1ea9m kh\u00e1c, ch\u1ee7 y\u1ebfu \u0111\u1ec3 ph\u00f2ng ng\u1eeba m\u1ed9t s\u1ed1 t\u1ed9i ph\u1ea1m s\u1eed d\u1ee5ng ph\u1ea9m m\u00e0u \u0111\u1ec3 che gi\u1ea5u v\u1ebb ngo\u00e0i c\u1ee7a th\u1ecbt s\u1ed1ng x\u1ea5u nh\u01b0 th\u1ecbt h\u1ecfng, nh\u1eb1m \u0111\u00e1nh l\u1eeba ng\u01b0\u1eddi ti\u00eau d\u00f9ng.<\/p>","protected":false},"excerpt":{"rendered":"<p>T\u00ean s\u1ea3n ph\u1ea9m: Chi\u1ebft xu\u1ea5t Annatto<\/p>\n<p>Ngo\u1ea1i quan: b\u1ed9t m\u00e0u \u0111\u1ecf s\u1eabm<\/p>","protected":false},"featured_media":6077,"template":"","meta":{"_acf_changed":false,"_gspb_post_css":""},"product_brand":[],"product_cat":[120],"product_tag":[],"class_list":{"0":"post-6180","1":"product","2":"type-product","3":"status-publish","4":"has-post-thumbnail","6":"product_cat-food-colorants","8":"first","9":"instock","10":"shipping-taxable","11":"product-type-simple"},"acf":[],"_links":{"self":[{"href":"https:\/\/wpachem.com\/vi\/wp-json\/wp\/v2\/product\/6180","targetHints":{"allow":["GET"]}}],"collection":[{"href":"https:\/\/wpachem.com\/vi\/wp-json\/wp\/v2\/product"}],"about":[{"href":"https:\/\/wpachem.com\/vi\/wp-json\/wp\/v2\/types\/product"}],"version-history":[{"count":0,"href":"https:\/\/wpachem.com\/vi\/wp-json\/wp\/v2\/product\/6180\/revisions"}],"wp:featuredmedia":[{"embeddable":true,"href":"https:\/\/wpachem.com\/vi\/wp-json\/wp\/v2\/media\/6077"}],"wp:attachment":[{"href":"https:\/\/wpachem.com\/vi\/wp-json\/wp\/v2\/media?parent=6180"}],"wp:term":[{"taxonomy":"product_brand","embeddable":true,"href":"https:\/\/wpachem.com\/vi\/wp-json\/wp\/v2\/product_brand?post=6180"},{"taxonomy":"product_cat","embeddable":true,"href":"https:\/\/wpachem.com\/vi\/wp-json\/wp\/v2\/product_cat?post=6180"},{"taxonomy":"product_tag","embeddable":true,"href":"https:\/\/wpachem.com\/vi\/wp-json\/wp\/v2\/product_tag?post=6180"}],"curies":[{"name":"wp","href":"https:\/\/api.w.org\/{rel}","templated":true}]}}