{"id":6181,"date":"2024-02-08T08:46:54","date_gmt":"2024-02-08T08:46:54","guid":{"rendered":"https:\/\/wpachem.com\/?post_type=product&#038;p=6181"},"modified":"2024-02-08T08:49:48","modified_gmt":"2024-02-08T08:49:48","slug":"isatis-root-extract","status":"publish","type":"product","link":"https:\/\/wpachem.com\/vi\/product\/isatis-root-extract\/","title":{"rendered":"Chi\u1ebft xu\u1ea5t r\u1ec5 c\u00e2y Isatis"},"content":{"rendered":"<p><strong>\u0110\u1eb7c \u0111i\u1ec3m<\/strong><\/p>\n<p>B\u1ed9t m\u00e0u n\u00e2u<\/p>\n<p><strong>\u1ee8ng d\u1ee5ng:<\/strong><\/p>\n<p>Ch\u1ed1ng vi\u00eam, gi\u1ea3i \u0111\u1ed9c, l\u00e0m m\u00e1t m\u00e1u, gi\u1ea3m s\u01b0ng, l\u00e0m d\u1ecbu c\u1ed5 h\u1ecdng<\/p>","protected":false},"excerpt":{"rendered":"<p>T\u00ean s\u1ea3n ph\u1ea9m: Chi\u1ebft xu\u1ea5t r\u1ec5 c\u00e2y Isatis<\/p>\n<p>Ngo\u1ea1i quan: B\u1ed9t m\u00e0u n\u00e2u<\/p>","protected":false},"featured_media":5830,"template":"","meta":{"_acf_changed":false,"_gspb_post_css":""},"product_brand":[],"product_cat":[69,124,123,122,24],"product_tag":[],"class_list":{"0":"post-6181","1":"product","2":"type-product","3":"status-publish","4":"has-post-thumbnail","6":"product_cat-more","7":"product_cat-food-additives-plant-extract","8":"product_cat-health-product-raw-materials","9":"product_cat-plant-extract","10":"product_cat-uncategorized","12":"first","13":"instock","14":"shipping-taxable","15":"product-type-simple"},"acf":[],"_links":{"self":[{"href":"https:\/\/wpachem.com\/vi\/wp-json\/wp\/v2\/product\/6181","targetHints":{"allow":["GET"]}}],"collection":[{"href":"https:\/\/wpachem.com\/vi\/wp-json\/wp\/v2\/product"}],"about":[{"href":"https:\/\/wpachem.com\/vi\/wp-json\/wp\/v2\/types\/product"}],"version-history":[{"count":0,"href":"https:\/\/wpachem.com\/vi\/wp-json\/wp\/v2\/product\/6181\/revisions"}],"wp:featuredmedia":[{"embeddable":true,"href":"https:\/\/wpachem.com\/vi\/wp-json\/wp\/v2\/media\/5830"}],"wp:attachment":[{"href":"https:\/\/wpachem.com\/vi\/wp-json\/wp\/v2\/media?parent=6181"}],"wp:term":[{"taxonomy":"product_brand","embeddable":true,"href":"https:\/\/wpachem.com\/vi\/wp-json\/wp\/v2\/product_brand?post=6181"},{"taxonomy":"product_cat","embeddable":true,"href":"https:\/\/wpachem.com\/vi\/wp-json\/wp\/v2\/product_cat?post=6181"},{"taxonomy":"product_tag","embeddable":true,"href":"https:\/\/wpachem.com\/vi\/wp-json\/wp\/v2\/product_tag?post=6181"}],"curies":[{"name":"wp","href":"https:\/\/api.w.org\/{rel}","templated":true}]}}