{"id":6191,"date":"2024-02-08T09:01:25","date_gmt":"2024-02-08T09:01:25","guid":{"rendered":"https:\/\/wpachem.com\/?post_type=product&#038;p=6191"},"modified":"2024-02-19T02:16:56","modified_gmt":"2024-02-19T02:16:56","slug":"calcium-lactate-cas-814-80-2","status":"publish","type":"product","link":"https:\/\/wpachem.com\/vi\/product\/calcium-lactate-cas-814-80-2\/","title":{"rendered":"M\u00e0u th\u1ef1c ph\u1ea9m t\u1ef1 nhi\u00ean Calcium Lactate CAS 814-80-2"},"content":{"rendered":"<p><strong>\u0110\u1eb7c \u0111i\u1ec3m<\/strong><\/p>\n<p>H\u1ea1t ho\u1eb7c b\u1ed9t m\u00e0u tr\u1eafng<\/p>\n<p><strong>\u1ee8ng d\u1ee5ng:<\/strong><\/p>\n<p>1. C\u00f3 th\u1ec3 d\u00f9ng trong y h\u1ecdc \u0111\u1ec3 \u0111i\u1ec1u tr\u1ecb b\u1ec7nh thi\u1ebfu canxi nh\u01b0 b\u1ec7nh u\u1ed1n v\u00e1n, lo\u1ea1n s\u1ea3n x\u01b0\u01a1ng, c\u00f2i x\u01b0\u01a1ng; c\u0169ng c\u00f3 th\u1ec3 d\u00f9ng cho b\u1ec7nh nh\u00e2n suy th\u1eadn m\u1ea1n t\u00ednh b\u1ecb h\u1ea1 canxi m\u00e1u; c\u0169ng c\u00f3 th\u1ec3 d\u00f9ng l\u00e0m thu\u1ed1c \u0111i\u1ec1u tr\u1ecb h\u1ed7 tr\u1ee3 c\u00e1c b\u1ec7nh d\u1ecb \u1ee9ng, b\u1ec7nh lao; v\u00e0 c\u0169ng c\u00f3 th\u1ec3 d\u00f9ng l\u00e0m thu\u1ed1c \u0111\u00f4ng m\u00e1u.<\/p>\n<p>2. Ph\u1ee5 gia th\u1ef1c ph\u1ea9m, t\u00e1c nh\u00e2n canxi d\u00f9ng l\u00e0m ch\u1ea5t t\u0103ng c\u01b0\u1eddng dinh d\u01b0\u1ee1ng cho th\u1ef1c ph\u1ea9m, d\u00f9ng trong th\u1ee9c \u0103n tr\u1ebb em, c\u00e1c s\u1ea3n ph\u1ea9m t\u1eeb s\u1eefa, b\u00e1nh m\u00ec, b\u00e1nh ng\u1ecdt, k\u1eb9o, s\u1ea3n ph\u1ea9m t\u1eeb \u0111\u1eadu n\u00e0nh, d\u01b0a chua, v.v. L\u00e0 ch\u1ea5t b\u1ed5 sung canxi, s\u1ea3n ph\u1ea9m n\u00e0y d\u1ec5 h\u1ea5p th\u1ee5 h\u01a1n c\u00e1c s\u1ea3n ph\u1ea9m kh\u00e1c; s\u1eed d\u1ee5ng D\u00f9ng l\u00e0m ch\u1ea5t \u0111\u1ec7m v\u00e0 ch\u1ea5t t\u1ea1o b\u1ecdt cho b\u00e1nh m\u00ec v\u00e0 b\u00e1nh ng\u1ecdt.<\/p>\n<p>3. N\u00f3 c\u0169ng th\u01b0\u1eddng \u0111\u01b0\u1ee3c d\u00f9ng l\u00e0m ch\u1ea5t l\u00e0m c\u1ee9ng v\u1ecf trong qu\u00e1 tr\u00ecnh ch\u1ebf bi\u1ebfn th\u1ef1c ph\u1ea9m t\u1eeb tr\u00e1i c\u00e2y v\u00e0 rau qu\u1ea3.<\/p>\n<p>4. L\u00e0 m\u1ed9t ch\u1ea5t ph\u1ee5 gia th\u1ee9c \u0103n ch\u0103n nu\u00f4i trong ng\u00e0nh th\u1ee9c \u0103n ch\u0103n nu\u00f4i, c\u00f3 th\u1ec3 l\u00e0m t\u0103ng s\u1ea3n l\u01b0\u1ee3ng s\u1eefa, gi\u1ea3m t\u1ef7 l\u1ec7 v\u1ee1 v\u1ecf tr\u1ee9ng v\u00e0 th\u00fac \u0111\u1ea9y s\u1ef1 t\u0103ng tr\u01b0\u1edfng c\u1ee7a v\u1eadt nu\u00f4i non.<\/p>","protected":false},"excerpt":{"rendered":"<p>T\u00ean s\u1ea3n ph\u1ea9m: Calcium Lactat<\/p>\n<p>S\u1ed1 CAS: 814-80-2<\/p>\n<p>MF:C3H8CaO3<\/p>\n<p>Ngo\u1ea1i quan: H\u1ea1t ho\u1eb7c b\u1ed9t m\u00e0u tr\u1eafng<\/p>","protected":false},"featured_media":5182,"template":"","meta":{"_acf_changed":false,"_gspb_post_css":""},"product_brand":[],"product_cat":[55,103],"product_tag":[],"class_list":{"0":"post-6191","1":"product","2":"type-product","3":"status-publish","4":"has-post-thumbnail","6":"product_cat-food-additives","7":"product_cat-nutrition-enhancer","9":"first","10":"instock","11":"shipping-taxable","12":"product-type-simple"},"acf":[],"_links":{"self":[{"href":"https:\/\/wpachem.com\/vi\/wp-json\/wp\/v2\/product\/6191","targetHints":{"allow":["GET"]}}],"collection":[{"href":"https:\/\/wpachem.com\/vi\/wp-json\/wp\/v2\/product"}],"about":[{"href":"https:\/\/wpachem.com\/vi\/wp-json\/wp\/v2\/types\/product"}],"version-history":[{"count":0,"href":"https:\/\/wpachem.com\/vi\/wp-json\/wp\/v2\/product\/6191\/revisions"}],"wp:featuredmedia":[{"embeddable":true,"href":"https:\/\/wpachem.com\/vi\/wp-json\/wp\/v2\/media\/5182"}],"wp:attachment":[{"href":"https:\/\/wpachem.com\/vi\/wp-json\/wp\/v2\/media?parent=6191"}],"wp:term":[{"taxonomy":"product_brand","embeddable":true,"href":"https:\/\/wpachem.com\/vi\/wp-json\/wp\/v2\/product_brand?post=6191"},{"taxonomy":"product_cat","embeddable":true,"href":"https:\/\/wpachem.com\/vi\/wp-json\/wp\/v2\/product_cat?post=6191"},{"taxonomy":"product_tag","embeddable":true,"href":"https:\/\/wpachem.com\/vi\/wp-json\/wp\/v2\/product_tag?post=6191"}],"curies":[{"name":"wp","href":"https:\/\/api.w.org\/{rel}","templated":true}]}}