{"id":6278,"date":"2024-02-19T01:59:37","date_gmt":"2024-02-19T01:59:37","guid":{"rendered":"https:\/\/wpachem.com\/?post_type=product&#038;p=6278"},"modified":"2024-02-19T02:16:24","modified_gmt":"2024-02-19T02:16:24","slug":"kaoliang-red","status":"publish","type":"product","link":"https:\/\/wpachem.com\/vi\/product\/kaoliang-red\/","title":{"rendered":"M\u00e0u th\u1ef1c ph\u1ea9m t\u1ef1 nhi\u00ean Kaoliang Red"},"content":{"rendered":"<p><strong>\u0110\u1eb7c \u0111i\u1ec3m<\/strong><\/p>\n<p>B\u1ed9t v\u00f4 \u0111\u1ecbnh h\u00ecnh m\u00e0u \u0111\u1ecf g\u1ea1ch, c\u0169ng c\u00f3 th\u1ec3 \u1edf d\u1ea1ng l\u1ecfng, d\u1ea1ng s\u1ec7t ho\u1eb7c d\u1ea1ng kh\u1ed1i.<\/p>\n<p><strong>\u1ee8ng d\u1ee5ng:<\/strong><\/p>\n<p>S\u1ea3n ph\u1ea9m n\u00e0y c\u00f3 m\u00e0u s\u1eafc an to\u00e0n, kh\u00f4ng c\u00f3 m\u00f9i \u0111\u1eb7c bi\u1ec7t, s\u1eed d\u1ee5ng an to\u00e0n, m\u00e0u s\u1eafc t\u1ef1 nhi\u00ean v\u00e0 m\u1ec1m m\u1ea1i, ch\u1ecbu nh\u1eb9 v\u00e0 ch\u1ecbu nhi\u1ec7t, hi\u1ec7u su\u1ea5t \u1ed5n \u0111\u1ecbnh v\u00e0 gi\u00e1 tr\u1ecb ph\u00e1t tri\u1ec3n tuy\u1ec7t v\u1eddi.<\/p>","protected":false},"excerpt":{"rendered":"<p>T\u00ean s\u1ea3n ph\u1ea9m: Kaoliang Red<\/p>\n<p>Ngo\u1ea1i quan: B\u1ed9t v\u00f4 \u0111\u1ecbnh h\u00ecnh m\u00e0u \u0111\u1ecf g\u1ea1ch<\/p>","protected":false},"featured_media":3776,"template":"","meta":{"_acf_changed":false,"_gspb_post_css":""},"product_brand":[],"product_cat":[120],"product_tag":[],"class_list":{"0":"post-6278","1":"product","2":"type-product","3":"status-publish","4":"has-post-thumbnail","6":"product_cat-food-colorants","8":"first","9":"instock","10":"shipping-taxable","11":"product-type-simple"},"acf":[],"_links":{"self":[{"href":"https:\/\/wpachem.com\/vi\/wp-json\/wp\/v2\/product\/6278","targetHints":{"allow":["GET"]}}],"collection":[{"href":"https:\/\/wpachem.com\/vi\/wp-json\/wp\/v2\/product"}],"about":[{"href":"https:\/\/wpachem.com\/vi\/wp-json\/wp\/v2\/types\/product"}],"version-history":[{"count":0,"href":"https:\/\/wpachem.com\/vi\/wp-json\/wp\/v2\/product\/6278\/revisions"}],"wp:featuredmedia":[{"embeddable":true,"href":"https:\/\/wpachem.com\/vi\/wp-json\/wp\/v2\/media\/3776"}],"wp:attachment":[{"href":"https:\/\/wpachem.com\/vi\/wp-json\/wp\/v2\/media?parent=6278"}],"wp:term":[{"taxonomy":"product_brand","embeddable":true,"href":"https:\/\/wpachem.com\/vi\/wp-json\/wp\/v2\/product_brand?post=6278"},{"taxonomy":"product_cat","embeddable":true,"href":"https:\/\/wpachem.com\/vi\/wp-json\/wp\/v2\/product_cat?post=6278"},{"taxonomy":"product_tag","embeddable":true,"href":"https:\/\/wpachem.com\/vi\/wp-json\/wp\/v2\/product_tag?post=6278"}],"curies":[{"name":"wp","href":"https:\/\/api.w.org\/{rel}","templated":true}]}}