{"id":6280,"date":"2024-02-19T02:04:46","date_gmt":"2024-02-19T02:04:46","guid":{"rendered":"https:\/\/wpachem.com\/?post_type=product&#038;p=6280"},"modified":"2024-02-19T02:15:49","modified_gmt":"2024-02-19T02:15:49","slug":"cacao-color","status":"publish","type":"product","link":"https:\/\/wpachem.com\/vi\/product\/cacao-color\/","title":{"rendered":"M\u00e0u th\u1ef1c ph\u1ea9m t\u1ef1 nhi\u00ean M\u00e0u Cacao"},"content":{"rendered":"<p><strong>\u0110\u1eb7c \u0111i\u1ec3m<\/strong><\/p>\n<p>L\u00e0 ch\u1ea5t t\u1ea1o m\u00e0u t\u1ef1 nhi\u00ean \u0111\u01b0\u1ee3c chi\u1ebft xu\u1ea5t t\u1eeb h\u1ea1t v\u00e0 v\u1ecf qu\u1ea3 c\u1ee7a c\u00e2y Theobroma Cacao L. Th\u00e0nh ph\u1ea7n ch\u1ee7 y\u1ebfu l\u00e0 polyphenol, c\u00f3 \u0111\u1eb7c t\u00ednh ch\u1ed1ng oxy h\u00f3a t\u1ed1t, c\u00f3 t\u00e1c d\u1ee5ng b\u1ed5 sung dinh d\u01b0\u1ee1ng t\u1ed1t cho th\u1ef1c ph\u1ea9m b\u1ed5 sung.<\/p>\n<p><strong>\u1ee8ng d\u1ee5ng:<\/strong><\/p>\n<p>\u0110\u01b0\u1ee3c chi\u1ebft xu\u1ea5t t\u1eeb v\u1ecf c\u00e2y h\u1ecd Sycamore. S\u1ea3n ph\u1ea9m l\u00e0 b\u1ed9t m\u00e0u n\u00e2u, kh\u00f4ng m\u00f9i v\u00e0 kh\u00f4ng v\u1ecb, nh\u01b0ng c\u00f3 h\u01b0\u01a1ng v\u1ecb s\u00f4 c\u00f4 la v\u00e0 v\u1ecb h\u01a1i \u0111\u1eafng. D\u1ec5 tan trong n\u01b0\u1edbc, \u0111\u01b0\u1ee3c l\u00e0m trong b\u1eb1ng dung d\u1ecbch n\u01b0\u1edbc 0,1%, d\u1ec5 tan trong n\u01b0\u1edbc v\u00e0 etanol lo\u00e3ng. \u0110\u1ed9 pH g\u1ea7n trung t\u00ednh \u1ed5n \u0111\u1ecbnh, \u00edt thay \u0111\u1ed5i trong qu\u00e1 tr\u00ecnh b\u1ea3o qu\u1ea3n, \u0111\u1ed9 \u1ed5n \u0111\u1ecbnh m\u00e0u tr\u00ean protein, tinh b\u1ed9t, v.v., b\u00e1m m\u00e0u t\u1ed1t v\u00e0 ch\u1ed1ng oxy h\u00f3a; Ch\u1ecbu nhi\u1ec7t t\u1ed1t, d\u00f9ng \u0111\u1ec3 n\u01b0\u1edbng th\u1ef1c ph\u1ea9m kh\u00f4ng \u0111\u1ed5i m\u00e0u; Ch\u1ecbu \u00e1nh s\u00e1ng t\u1ed1t, chi\u1ebfu tia UV kh\u00f4ng \u0111\u1ed5i m\u00e0u; H\u1ea7u nh\u01b0 kh\u00f4ng b\u1ecb \u1ea3nh h\u01b0\u1edfng b\u1edfi c\u00e1c ch\u1ea5t oxy h\u00f3a nh\u01b0 hydro peroxide v\u00e0 b\u1ed9t t\u1ea9y tr\u1eafng, nh\u01b0ng d\u1ec5 phai m\u00e0u trong tr\u01b0\u1eddng h\u1ee3p c\u00f3 ch\u1ea5t kh\u1eed. S\u1eafc t\u1ed1 ca cao c\u00f3 m\u00e0u \u0111\u1ecf \u0111\u1eadm khi gi\u00e1 tr\u1ecb PH tr\u00ean 5,5 v\u00e0 d\u01b0\u1edbi 5,5<br \/>\n\u0110\u1ed9 v\u00e0ng cam m\u1ea1nh, nh\u01b0ng m\u00e0u s\u00f4 c\u00f4 la kh\u00f4ng \u0111\u1ed5i, gi\u00e1 tr\u1ecb PH l\u1edbn h\u01a1n 8 c\u00f3 th\u1ec3 k\u1ebft t\u1ee7a, trong tr\u01b0\u1eddng h\u1ee3p c\u00f3 ch\u1ea5t kh\u1eed d\u1ec5 phai m\u00e0u.<\/p>","protected":false},"excerpt":{"rendered":"<p>T\u00ean s\u1ea3n ph\u1ea9m: M\u00e0u Cacao<\/p>\n<p>Ngo\u1ea1i quan: B\u1ed9t m\u00e0u n\u00e2u s\u1eabm<\/p>","protected":false},"featured_media":4177,"template":"","meta":{"_acf_changed":false,"_gspb_post_css":""},"product_brand":[],"product_cat":[120],"product_tag":[],"class_list":{"0":"post-6280","1":"product","2":"type-product","3":"status-publish","4":"has-post-thumbnail","6":"product_cat-food-colorants","8":"first","9":"instock","10":"shipping-taxable","11":"product-type-simple"},"acf":[],"_links":{"self":[{"href":"https:\/\/wpachem.com\/vi\/wp-json\/wp\/v2\/product\/6280","targetHints":{"allow":["GET"]}}],"collection":[{"href":"https:\/\/wpachem.com\/vi\/wp-json\/wp\/v2\/product"}],"about":[{"href":"https:\/\/wpachem.com\/vi\/wp-json\/wp\/v2\/types\/product"}],"version-history":[{"count":0,"href":"https:\/\/wpachem.com\/vi\/wp-json\/wp\/v2\/product\/6280\/revisions"}],"wp:featuredmedia":[{"embeddable":true,"href":"https:\/\/wpachem.com\/vi\/wp-json\/wp\/v2\/media\/4177"}],"wp:attachment":[{"href":"https:\/\/wpachem.com\/vi\/wp-json\/wp\/v2\/media?parent=6280"}],"wp:term":[{"taxonomy":"product_brand","embeddable":true,"href":"https:\/\/wpachem.com\/vi\/wp-json\/wp\/v2\/product_brand?post=6280"},{"taxonomy":"product_cat","embeddable":true,"href":"https:\/\/wpachem.com\/vi\/wp-json\/wp\/v2\/product_cat?post=6280"},{"taxonomy":"product_tag","embeddable":true,"href":"https:\/\/wpachem.com\/vi\/wp-json\/wp\/v2\/product_tag?post=6280"}],"curies":[{"name":"wp","href":"https:\/\/api.w.org\/{rel}","templated":true}]}}