{"id":6284,"date":"2024-02-19T02:12:06","date_gmt":"2024-02-19T02:12:06","guid":{"rendered":"https:\/\/wpachem.com\/?post_type=product&#038;p=6284"},"modified":"2024-02-19T02:16:12","modified_gmt":"2024-02-19T02:16:12","slug":"vegetable-black-cas1333-86-4","status":"publish","type":"product","link":"https:\/\/wpachem.com\/vi\/product\/vegetable-black-cas1333-86-4\/","title":{"rendered":"M\u00e0u th\u1ef1c ph\u1ea9m t\u1ef1 nhi\u00ean Rau \u0110en CAS1333-86-4"},"content":{"rendered":"<p><strong>\u0110\u1eb7c \u0111i\u1ec3m<\/strong><\/p>\n<p>S\u1eed d\u1ee5ng th\u1ef1c v\u1eadt l\u00e0m nguy\u00ean li\u1ec7u, ph\u1ee5 gia th\u1ef1c ph\u1ea9m \u0111\u01b0\u1ee3c s\u1ea3n xu\u1ea5t b\u1eb1ng qu\u00e1 tr\u00ecnh cacbon h\u00f3a v\u00e0 tinh ch\u1ebf b\u1ed9t \u0111en carbon th\u1ef1c v\u1eadt, kh\u00f4ng m\u00f9i, kh\u00f4ng v\u1ecb, kh\u00f4ng tan trong n\u01b0\u1edbc v\u00e0 dung m\u00f4i h\u1eefu c\u01a1, kh\u00f4ng tan trong axit v\u00e0 ki\u1ec1m, c\u00f3 t\u00ednh \u1ed5n \u0111\u1ecbnh h\u00f3a h\u1ecdc, kh\u00f4ng b\u1ecb bi\u1ebfn \u0111\u1ed5i trong \u00e1nh s\u00e1ng v\u00e0 nhi\u1ec7t \u0111\u1ed9 cao, nh\u01b0ng trong kh\u00f4ng kh\u00ed c\u00f3 th\u1ec3 \u0111\u1ed1t ch\u00e1y th\u00e0nh carbon dioxide d\u1ef1a v\u00e0o di\u1ec7n t\u00edch b\u1ec1 m\u1eb7t l\u1edbn v\u00e0 \u0111\u1ed9 b\u00e1m d\u00ednh b\u1ec1 m\u1eb7t \u0111\u1eb7c bi\u1ec7t, c\u00f3 kh\u1ea3 n\u0103ng ph\u1ee7 v\u00e0 t\u1ea1o m\u00e0u tuy\u1ec7t v\u1eddi.<\/p>\n<p><strong>\u1ee8ng d\u1ee5ng:<\/strong><\/p>\n<ol>\n<li>Ch\u1ee9c n\u0103ng ch\u00ednh c\u1ee7a than \u0111en th\u1ef1c v\u1eadt l\u00e0 d\u00f9ng l\u00e0m melanin, ch\u1ea5t h\u1ed7 tr\u1ee3 ch\u1ebf bi\u1ebfn th\u1ef1c ph\u1ea9m v\u00e0 ch\u1ea5t h\u1ea5p ph\u1ee5, do \u0111\u00f3 c\u00f3 th\u1ec3 th\u1ea5y r\u1eb1ng than \u0111en th\u1ef1c v\u1eadt c\u00f3 th\u1ec3 \u0103n \u0111\u01b0\u1ee3c. N\u00f3i c\u00e1ch kh\u00e1c, t\u00e1c d\u1ee5ng c\u1ee7a than \u0111en th\u1ef1c v\u1eadt l\u00e0 d\u00f9ng l\u00e0m ch\u1ea5t t\u1ea1o m\u00e0u ph\u1ee5 gia th\u1ef1c ph\u1ea9m.<\/li>\n<li>Than \u0111en th\u1ef1c v\u1eadt c\u00f3 th\u1ec3 \u0111\u01b0\u1ee3c s\u1eed d\u1ee5ng trong k\u1eb9o, b\u00e1nh quy, b\u00e1nh ng\u1ecdt, \u0111\u1ed3 n\u01b0\u1edbng, ng\u0169 c\u1ed1c v\u00e0 c\u00e1c s\u1ea3n ph\u1ea9m t\u1eeb ng\u0169 c\u1ed1c, c\u00e1c s\u1ea3n ph\u1ea9m t\u1eeb s\u1eefa, \u0111\u01b0\u1eddng v\u00e0 th\u1ef1c ph\u1ea9m nhu\u1ed9m \u0111\u01b0\u1eddng, g\u1ea1o, \u0111\u1ed3 trang tr\u00ed v\u00e0 m\u00e0ng ph\u1ee7 \u0111\u00e1, c\u00e1c s\u1ea3n ph\u1ea9m t\u1eeb b\u1ed9t m\u00ec.<\/li>\n<\/ol>","protected":false},"excerpt":{"rendered":"<p>T\u00ean s\u1ea3n ph\u1ea9m: rau \u0111en<\/p>\n<p>Ngo\u1ea1i quan: h\u1ea1t b\u1ed9t m\u00e0u \u0111en,<\/p>","protected":false},"featured_media":6081,"template":"","meta":{"_acf_changed":false,"_gspb_post_css":""},"product_brand":[],"product_cat":[120],"product_tag":[],"class_list":{"0":"post-6284","1":"product","2":"type-product","3":"status-publish","4":"has-post-thumbnail","6":"product_cat-food-colorants","8":"first","9":"instock","10":"shipping-taxable","11":"product-type-simple"},"acf":[],"_links":{"self":[{"href":"https:\/\/wpachem.com\/vi\/wp-json\/wp\/v2\/product\/6284","targetHints":{"allow":["GET"]}}],"collection":[{"href":"https:\/\/wpachem.com\/vi\/wp-json\/wp\/v2\/product"}],"about":[{"href":"https:\/\/wpachem.com\/vi\/wp-json\/wp\/v2\/types\/product"}],"version-history":[{"count":0,"href":"https:\/\/wpachem.com\/vi\/wp-json\/wp\/v2\/product\/6284\/revisions"}],"wp:featuredmedia":[{"embeddable":true,"href":"https:\/\/wpachem.com\/vi\/wp-json\/wp\/v2\/media\/6081"}],"wp:attachment":[{"href":"https:\/\/wpachem.com\/vi\/wp-json\/wp\/v2\/media?parent=6284"}],"wp:term":[{"taxonomy":"product_brand","embeddable":true,"href":"https:\/\/wpachem.com\/vi\/wp-json\/wp\/v2\/product_brand?post=6284"},{"taxonomy":"product_cat","embeddable":true,"href":"https:\/\/wpachem.com\/vi\/wp-json\/wp\/v2\/product_cat?post=6284"},{"taxonomy":"product_tag","embeddable":true,"href":"https:\/\/wpachem.com\/vi\/wp-json\/wp\/v2\/product_tag?post=6284"}],"curies":[{"name":"wp","href":"https:\/\/api.w.org\/{rel}","templated":true}]}}