{"id":6316,"date":"2024-02-19T02:43:39","date_gmt":"2024-02-19T02:43:39","guid":{"rendered":"https:\/\/wpachem.com\/?post_type=product&#038;p=6316"},"modified":"2024-02-19T02:43:39","modified_gmt":"2024-02-19T02:43:39","slug":"13-dihydroxyacetone-cas-96-26-4","status":"publish","type":"product","link":"https:\/\/wpachem.com\/vi\/product\/13-dihydroxyacetone-cas-96-26-4\/","title":{"rendered":"1,3-Dihydroxyaceton CAS 96-26-4"},"content":{"rendered":"<p><strong>\u0110\u1eb7c \u0111i\u1ec3m<\/strong><\/p>\n<p>DHA l\u00e0 tinh th\u1ec3 b\u1ed9t m\u00e0u tr\u1eafng, c\u00f3 v\u1ecb ng\u1ecdt, th\u01b0\u1eddng c\u00f3 ngu\u1ed3n g\u1ed1c t\u1eeb th\u1ef1c v\u1eadt nh\u01b0 c\u1ee7 c\u1ea3i \u0111\u01b0\u1eddng, m\u00eda v\u00e0 thu \u0111\u01b0\u1ee3c b\u1eb1ng c\u00e1ch l\u00ean men glycerol. D\u00f9ng l\u00e0m kem ch\u1ed1ng n\u1eafng v\u00e0 ch\u1ea5t l\u00e0m r\u00e1m n\u1eafng da; Dilight acetone c\u0169ng c\u00f3 t\u00e1c d\u1ee5ng l\u00e0m gi\u1ea3m m\u1ee1 trong c\u01a1 th\u1ec3 l\u1ee3n, c\u00f3 th\u1ec3 d\u00f9ng l\u00e0m ph\u1ee5 gia th\u1ee9c \u0103n ch\u0103n nu\u00f4i \u0111\u1ec3 c\u1ea3i thi\u1ec7n t\u1ef7 l\u1ec7 th\u1ecbt n\u1ea1c.<\/p>\n<p><strong>\u1ee8ng d\u1ee5ng:<\/strong><\/p>\n<ol>\n<li>\u0110\u01b0\u1ee3c s\u1eed d\u1ee5ng trong ng\u00e0nh c\u00f4ng nghi\u1ec7p m\u1ef9 ph\u1ea9m, dihydroxyacetone ch\u1ee7 y\u1ebfu \u0111\u01b0\u1ee3c s\u1eed d\u1ee5ng l\u00e0m nguy\u00ean li\u1ec7u c\u00f4ng th\u1ee9c cho m\u1ef9 ph\u1ea9m, \u0111\u1eb7c bi\u1ec7t l\u00e0 kem ch\u1ed1ng n\u1eafng c\u00f3 t\u00e1c d\u1ee5ng \u0111\u1eb7c bi\u1ec7t, c\u00f3 th\u1ec3 ng\u0103n ng\u1eeba s\u1ef1 b\u1ed1c h\u01a1i qu\u00e1 m\u1ee9c c\u1ee7a \u0111\u1ed9 \u1ea9m tr\u00ean da v\u00e0 \u0111\u00f3ng vai tr\u00f2 d\u01b0\u1ee1ng \u1ea9m, ch\u1ed1ng n\u1eafng v\u00e0 b\u1ea3o v\u1ec7 kh\u1ecfi tia c\u1ef1c t\u00edm. Ngo\u00e0i ra, nh\u00f3m ch\u1ee9c ketone trong DHA c\u00f3 th\u1ec3 ph\u1ea3n \u1ee9ng v\u1edbi axit amin v\u00e0 nh\u00f3m amino c\u1ee7a keratin da \u0111\u1ec3 t\u1ea1o th\u00e0nh polyme m\u00e0u n\u00e2u, khi\u1ebfn da ng\u01b0\u1eddi s\u1ea3n xu\u1ea5t ra m\u00e0u n\u00e2u nh\u00e2n t\u1ea1o, v\u00ec v\u1eady n\u00f3 c\u0169ng c\u00f3 th\u1ec3 \u0111\u01b0\u1ee3c s\u1eed d\u1ee5ng l\u00e0m ch\u1ea5t m\u00f4 ph\u1ecfng cho m\u00e0u da r\u00e1m n\u1eafng, v\u00e0 tr\u00f4ng gi\u1ed1ng nh\u01b0 l\u00e0n da n\u00e2u ho\u1eb7c r\u00e1m n\u1eafng ti\u1ebfp x\u00fac v\u1edbi \u00e1nh n\u1eafng m\u1eb7t tr\u1eddi trong th\u1eddi gian d\u00e0i, khi\u1ebfn n\u00f3 tr\u00f4ng r\u1ea5t \u0111\u1eb9p.<\/li>\n<li>C\u1ea3i thi\u1ec7n t\u1ef7 l\u1ec7 th\u1ecbt n\u1ea1c c\u1ee7a l\u1ee3n.<\/li>\n<\/ol>","protected":false},"excerpt":{"rendered":"<p>T\u00ean s\u1ea3n ph\u1ea9m: 1,3-Dihydroxyacetone<\/p>\n<p>CAS\uff1a 96-26-4<\/p>\n<p>Ch\u1ea5t: C3H6O3<\/p>\n<p>Ngo\u1ea1i quan: tinh th\u1ec3 d\u1ea1ng b\u1ed9t m\u00e0u tr\u1eafng<\/p>","protected":false},"featured_media":6317,"template":"","meta":{"_acf_changed":false,"_gspb_post_css":""},"product_brand":[],"product_cat":[60,128],"product_tag":[],"class_list":{"0":"post-6316","1":"product","2":"type-product","3":"status-publish","4":"has-post-thumbnail","6":"product_cat-cosmetic-ingredients","7":"product_cat-tanning-agent","9":"first","10":"instock","11":"shipping-taxable","12":"product-type-simple"},"acf":[],"_links":{"self":[{"href":"https:\/\/wpachem.com\/vi\/wp-json\/wp\/v2\/product\/6316","targetHints":{"allow":["GET"]}}],"collection":[{"href":"https:\/\/wpachem.com\/vi\/wp-json\/wp\/v2\/product"}],"about":[{"href":"https:\/\/wpachem.com\/vi\/wp-json\/wp\/v2\/types\/product"}],"version-history":[{"count":0,"href":"https:\/\/wpachem.com\/vi\/wp-json\/wp\/v2\/product\/6316\/revisions"}],"wp:featuredmedia":[{"embeddable":true,"href":"https:\/\/wpachem.com\/vi\/wp-json\/wp\/v2\/media\/6317"}],"wp:attachment":[{"href":"https:\/\/wpachem.com\/vi\/wp-json\/wp\/v2\/media?parent=6316"}],"wp:term":[{"taxonomy":"product_brand","embeddable":true,"href":"https:\/\/wpachem.com\/vi\/wp-json\/wp\/v2\/product_brand?post=6316"},{"taxonomy":"product_cat","embeddable":true,"href":"https:\/\/wpachem.com\/vi\/wp-json\/wp\/v2\/product_cat?post=6316"},{"taxonomy":"product_tag","embeddable":true,"href":"https:\/\/wpachem.com\/vi\/wp-json\/wp\/v2\/product_tag?post=6316"}],"curies":[{"name":"wp","href":"https:\/\/api.w.org\/{rel}","templated":true}]}}