{"id":6319,"date":"2024-02-19T02:48:01","date_gmt":"2024-02-19T02:48:01","guid":{"rendered":"https:\/\/wpachem.com\/?post_type=product&#038;p=6319"},"modified":"2024-02-19T02:48:02","modified_gmt":"2024-02-19T02:48:02","slug":"erythrulose-cas-40031-31-0","status":"publish","type":"product","link":"https:\/\/wpachem.com\/vi\/product\/erythrulose-cas-40031-31-0\/","title":{"rendered":"Erythrulose CAS 40031-31-0"},"content":{"rendered":"<p><strong>\u0110\u1eb7c \u0111i\u1ec3m<\/strong><\/p>\n<p>L\u00e0 m\u1ed9t lo\u1ea1i melanin, c\u00f3 m\u00e0u n\u00e2u, ph\u1ea3n \u1ee9ng amino peptide protein b\u1ec1 m\u1eb7t da s\u1ebd t\u1ea1o ra s\u1ea3n ph\u1ea9m tr\u00f9ng h\u1ee3p m\u00e0u n\u00e2u, l\u00e0 ch\u1ea5t l\u00e0m r\u00e1m n\u1eafng t\u1ef1 nhi\u00ean, so v\u1edbi thu\u1ed1c th\u1eed h\u00f3a h\u1ecdc, r\u00e1m n\u1eafng b\u1eb1ng erythritone an to\u00e0n v\u00e0 l\u00e2u d\u00e0i h\u01a1n, l\u00e0m \u0111\u1eb9p th\u1ef1c s\u1ef1 h\u01a1n v\u00e0 th\u00fac \u0111\u1ea9y hi\u1ec7u qu\u1ea3 gi\u1eef \u1ea9m cho da, ng\u0103n ng\u1eeba m\u1ea5t \u0111\u1ed9 \u1ea9m cho da.<\/p>","protected":false},"excerpt":{"rendered":"<p>T\u00ean s\u1ea3n ph\u1ea9m: Erythrulose<\/p>\n<p>CAS\uff1a40031-31-0<\/p>\n<p>MF\uff1aC4H8O4<\/p>\n<p>Ngo\u1ea1i quan: L\u00e0 m\u1ed9t lo\u1ea1i melanin, c\u00f3 m\u00e0u n\u00e2u<\/p>","protected":false},"featured_media":4198,"template":"","meta":{"_acf_changed":false,"_gspb_post_css":""},"product_brand":[],"product_cat":[60,128],"product_tag":[],"class_list":{"0":"post-6319","1":"product","2":"type-product","3":"status-publish","4":"has-post-thumbnail","6":"product_cat-cosmetic-ingredients","7":"product_cat-tanning-agent","9":"first","10":"instock","11":"shipping-taxable","12":"product-type-simple"},"acf":[],"_links":{"self":[{"href":"https:\/\/wpachem.com\/vi\/wp-json\/wp\/v2\/product\/6319","targetHints":{"allow":["GET"]}}],"collection":[{"href":"https:\/\/wpachem.com\/vi\/wp-json\/wp\/v2\/product"}],"about":[{"href":"https:\/\/wpachem.com\/vi\/wp-json\/wp\/v2\/types\/product"}],"version-history":[{"count":0,"href":"https:\/\/wpachem.com\/vi\/wp-json\/wp\/v2\/product\/6319\/revisions"}],"wp:featuredmedia":[{"embeddable":true,"href":"https:\/\/wpachem.com\/vi\/wp-json\/wp\/v2\/media\/4198"}],"wp:attachment":[{"href":"https:\/\/wpachem.com\/vi\/wp-json\/wp\/v2\/media?parent=6319"}],"wp:term":[{"taxonomy":"product_brand","embeddable":true,"href":"https:\/\/wpachem.com\/vi\/wp-json\/wp\/v2\/product_brand?post=6319"},{"taxonomy":"product_cat","embeddable":true,"href":"https:\/\/wpachem.com\/vi\/wp-json\/wp\/v2\/product_cat?post=6319"},{"taxonomy":"product_tag","embeddable":true,"href":"https:\/\/wpachem.com\/vi\/wp-json\/wp\/v2\/product_tag?post=6319"}],"curies":[{"name":"wp","href":"https:\/\/api.w.org\/{rel}","templated":true}]}}