{"id":6321,"date":"2024-02-19T02:54:40","date_gmt":"2024-02-19T02:54:40","guid":{"rendered":"https:\/\/wpachem.com\/?post_type=product&#038;p=6321"},"modified":"2024-02-19T02:54:40","modified_gmt":"2024-02-19T02:54:40","slug":"kojic-acid-dipalmitate-cas-79725-98-7","status":"publish","type":"product","link":"https:\/\/wpachem.com\/vi\/product\/kojic-acid-dipalmitate-cas-79725-98-7\/","title":{"rendered":"Axit kojic dipalmitate CAS 79725-98-7"},"content":{"rendered":"<p><strong>\u0110\u1eb7c \u0111i\u1ec3m<\/strong><\/p>\n<p>Kojic acid dipalmitate l\u00e0 d\u1eabn xu\u1ea5t c\u1ee7a kojic acid \u0111\u00e3 bi\u1ebfn \u0111\u1ed5i, kh\u1eafc ph\u1ee5c t\u00ednh kh\u00f4ng \u1ed5n \u0111\u1ecbnh c\u1ee7a kojic acid \u0111\u1ed1i v\u1edbi \u00e1nh s\u00e1ng, nhi\u1ec7t \u0111\u1ed9 v\u00e0 ion kim lo\u1ea1i, \u0111\u1ed3ng th\u1eddi duy tr\u00ec t\u00e1c d\u1ee5ng \u1ee9c ch\u1ebf ho\u1ea1t \u0111\u1ed9ng c\u1ee7a tyrosinase v\u00e0 ng\u0103n ch\u1eb7n s\u1ef1 h\u00ecnh th\u00e0nh melanin tr\u00ean da c\u1ee7a kojic acid. \u0110\u00e2y l\u00e0 th\u1ebf h\u1ec7 m\u1edbi c\u1ee7a ho\u1ea1t ch\u1ea5t l\u00e0m tr\u1eafng hi\u1ec7u qu\u1ea3. Kojic acid dipalmitate l\u00e0 ho\u1ea1t ch\u1ea5t l\u00e0m tr\u1eafng tan trong ch\u1ea5t b\u00e9o, ngo\u00e0i c\u00f4ng th\u1ee9c d\u1ec5 d\u00e0ng h\u01a1n, c\u00f3 th\u1ec3 \u0111\u01b0\u1ee3c da h\u1ea5p th\u1ee5 hi\u1ec7u qu\u1ea3 h\u01a1n, \u0111\u1ed3ng th\u1eddi mang l\u1ea1i hi\u1ec7u qu\u1ea3 d\u01b0\u1ee1ng \u1ea9m t\u1ed1t cho da.<\/p>\n<p><strong>\u1ee8ng d\u1ee5ng:<\/strong><\/p>\n<ol>\n<li>\u0110\u01b0\u1ee3c s\u1eed d\u1ee5ng nh\u01b0 m\u1ed9t ch\u1ea5t ph\u1ee5 gia l\u00e0m tr\u1eafng m\u1ef9 ph\u1ea9m<\/li>\n<\/ol>","protected":false},"excerpt":{"rendered":"<p>T\u00ean s\u1ea3n ph\u1ea9m: Kojic acid dipalmitate CAS 79725-98-7<\/p>\n<p>CAS\uff1a79725-98-7<\/p>\n<p>MF\uff1aC38H66O6<\/p>\n<p>Ngo\u1ea1i quan: B\u1ed9t tinh th\u1ec3 m\u00e0u tr\u1eafng ho\u1eb7c g\u1ea7n nh\u01b0 tr\u1eafng<\/p>","protected":false},"featured_media":6317,"template":"","meta":{"_acf_changed":false,"_gspb_post_css":""},"product_brand":[],"product_cat":[60,129],"product_tag":[],"class_list":{"0":"post-6321","1":"product","2":"type-product","3":"status-publish","4":"has-post-thumbnail","6":"product_cat-cosmetic-ingredients","7":"product_cat-whitening-agent","9":"first","10":"instock","11":"shipping-taxable","12":"product-type-simple"},"acf":[],"_links":{"self":[{"href":"https:\/\/wpachem.com\/vi\/wp-json\/wp\/v2\/product\/6321","targetHints":{"allow":["GET"]}}],"collection":[{"href":"https:\/\/wpachem.com\/vi\/wp-json\/wp\/v2\/product"}],"about":[{"href":"https:\/\/wpachem.com\/vi\/wp-json\/wp\/v2\/types\/product"}],"version-history":[{"count":0,"href":"https:\/\/wpachem.com\/vi\/wp-json\/wp\/v2\/product\/6321\/revisions"}],"wp:featuredmedia":[{"embeddable":true,"href":"https:\/\/wpachem.com\/vi\/wp-json\/wp\/v2\/media\/6317"}],"wp:attachment":[{"href":"https:\/\/wpachem.com\/vi\/wp-json\/wp\/v2\/media?parent=6321"}],"wp:term":[{"taxonomy":"product_brand","embeddable":true,"href":"https:\/\/wpachem.com\/vi\/wp-json\/wp\/v2\/product_brand?post=6321"},{"taxonomy":"product_cat","embeddable":true,"href":"https:\/\/wpachem.com\/vi\/wp-json\/wp\/v2\/product_cat?post=6321"},{"taxonomy":"product_tag","embeddable":true,"href":"https:\/\/wpachem.com\/vi\/wp-json\/wp\/v2\/product_tag?post=6321"}],"curies":[{"name":"wp","href":"https:\/\/api.w.org\/{rel}","templated":true}]}}