{"id":6324,"date":"2024-02-19T03:15:07","date_gmt":"2024-02-19T03:15:07","guid":{"rendered":"https:\/\/wpachem.com\/?post_type=product&#038;p=6324"},"modified":"2024-02-19T03:15:07","modified_gmt":"2024-02-19T03:15:07","slug":"vitamin-c-ethyl-ether-cas-86404-04-8","status":"publish","type":"product","link":"https:\/\/wpachem.com\/vi\/product\/vitamin-c-ethyl-ether-cas-86404-04-8\/","title":{"rendered":"Vitamin C etyl ete CAS 86404-04-8"},"content":{"rendered":"<p><strong>\u0110\u1eb7c \u0111i\u1ec3m<\/strong><\/p>\n<p>\u1ee8c ch\u1ebf ho\u1ea1t \u0111\u1ed9ng c\u1ee7a tyrosinase, \u1ee9c ch\u1ebf s\u1ef1 h\u00ecnh th\u00e0nh melanin, gi\u1ea3m melanin th\u00e0nh kh\u00f4ng m\u00e0u, gi\u00fap l\u00e0m tr\u1eafng da hi\u1ec7u qu\u1ea3.<\/p>\n<p><strong>\u1ee8ng d\u1ee5ng:<\/strong><\/p>\n<ol>\n<li>\u1ee8c ch\u1ebf ho\u1ea1t \u0111\u1ed9ng c\u1ee7a tyrosinase v\u00e0 ng\u0103n ch\u1eb7n s\u1ef1 h\u00ecnh th\u00e0nh melanin b\u1eb1ng c\u00e1ch t\u00e1c \u0111\u1ed9ng l\u00ean Cu2+;<\/li>\n<li>\u00a0L\u00e0m tr\u1eafng da v\u00e0 lo\u1ea1i b\u1ecf t\u00e0n nhang r\u1ea5t hi\u1ec7u qu\u1ea3 (khi th\u00eam 2%);<\/li>\n<li>\u00a0Ch\u1ed1ng l\u1ea1i t\u00ecnh tr\u1ea1ng vi\u00eam do quang h\u00f3a g\u00e2y ra, c\u00f3 t\u00e1c d\u1ee5ng kh\u00e1ng khu\u1ea9n, ch\u1ed1ng vi\u00eam m\u1ea1nh;<\/li>\n<li>C\u1ea3i thi\u1ec7n l\u00e0n da x\u1ec9n m\u00e0u v\u00e0 t\u0103ng \u0111\u1ed9 \u0111\u00e0n h\u1ed3i cho da;<\/li>\n<li>Ph\u1ee5c h\u1ed3i ho\u1ea1t \u0111\u1ed9ng c\u1ee7a t\u1ebf b\u00e0o da v\u00e0 th\u00fac \u0111\u1ea9y s\u1ea3n xu\u1ea5t collagen.<\/li>\n<\/ol>","protected":false},"excerpt":{"rendered":"<p>T\u00ean s\u1ea3n ph\u1ea9m: Vitamin C etyl ete<\/p>\n<p>CAS\uff1a86404-04-8<\/p>\n<p>MF\uff1aC8H12O6<\/p>\n<p>Ngo\u1ea1i quan: Ch\u1ea5t r\u1eafn m\u00e0u tr\u1eafng \u0111\u1ebfn g\u1ea7n nh\u01b0 tr\u1eafng<\/p>","protected":false},"featured_media":5179,"template":"","meta":{"_acf_changed":false,"_gspb_post_css":""},"product_brand":[],"product_cat":[129,60],"product_tag":[],"class_list":{"0":"post-6324","1":"product","2":"type-product","3":"status-publish","4":"has-post-thumbnail","6":"product_cat-whitening-agent","7":"product_cat-cosmetic-ingredients","9":"first","10":"instock","11":"shipping-taxable","12":"product-type-simple"},"acf":[],"_links":{"self":[{"href":"https:\/\/wpachem.com\/vi\/wp-json\/wp\/v2\/product\/6324","targetHints":{"allow":["GET"]}}],"collection":[{"href":"https:\/\/wpachem.com\/vi\/wp-json\/wp\/v2\/product"}],"about":[{"href":"https:\/\/wpachem.com\/vi\/wp-json\/wp\/v2\/types\/product"}],"version-history":[{"count":0,"href":"https:\/\/wpachem.com\/vi\/wp-json\/wp\/v2\/product\/6324\/revisions"}],"wp:featuredmedia":[{"embeddable":true,"href":"https:\/\/wpachem.com\/vi\/wp-json\/wp\/v2\/media\/5179"}],"wp:attachment":[{"href":"https:\/\/wpachem.com\/vi\/wp-json\/wp\/v2\/media?parent=6324"}],"wp:term":[{"taxonomy":"product_brand","embeddable":true,"href":"https:\/\/wpachem.com\/vi\/wp-json\/wp\/v2\/product_brand?post=6324"},{"taxonomy":"product_cat","embeddable":true,"href":"https:\/\/wpachem.com\/vi\/wp-json\/wp\/v2\/product_cat?post=6324"},{"taxonomy":"product_tag","embeddable":true,"href":"https:\/\/wpachem.com\/vi\/wp-json\/wp\/v2\/product_tag?post=6324"}],"curies":[{"name":"wp","href":"https:\/\/api.w.org\/{rel}","templated":true}]}}