{"id":6329,"date":"2024-02-19T03:28:08","date_gmt":"2024-02-19T03:28:08","guid":{"rendered":"https:\/\/wpachem.com\/?post_type=product&#038;p=6329"},"modified":"2024-02-19T03:39:06","modified_gmt":"2024-02-19T03:39:06","slug":"trimethylglycine-cas-107-43-7","status":"publish","type":"product","link":"https:\/\/wpachem.com\/vi\/product\/trimethylglycine-cas-107-43-7\/","title":{"rendered":"Trimethylglycine CAS 107-43-7"},"content":{"rendered":"<p><strong>\u0110\u1eb7c \u0111i\u1ec3m<\/strong><\/p>\n<p>Hi\u1ec7u su\u1ea5t d\u01b0\u1ee1ng \u1ea9m v\u01b0\u1ee3t tr\u1ed9i, c\u1ea3m gi\u00e1c \u0111\u1eb7c bi\u1ec7t m\u1ecbn m\u00e0ng<\/p>\n<p><strong>\u1ee8ng d\u1ee5ng:<\/strong><\/p>\n<ol>\n<li>\u0110\u00e2y l\u00e0 m\u1ed9t lo\u1ea1i ancaloit amoni b\u1eadc b\u1ed1n. Trimethylglycine l\u00e0 m\u1ed9t lo\u1ea1i h\u00f3a ch\u1ea5t tinh khi\u1ebft m\u1edbi, c\u00f3 th\u1ec3 \u0111\u01b0\u1ee3c s\u1eed d\u1ee5ng r\u1ed9ng r\u00e3i trong th\u1ef1c ph\u1ea9m, y h\u1ecdc, h\u00f3a ch\u1ea5t h\u00e0ng ng\u00e0y, in \u1ea5n v\u00e0 nhu\u1ed9m, h\u00f3a ch\u1ea5t v\u00e0 c\u00e1c l\u0129nh v\u1ef1c kh\u00e1c. Trimethylglycine l\u00e0 m\u1ed9t ch\u1ea5t ph\u1ee5 gia dinh d\u01b0\u1ee1ng hi\u1ec7u qu\u1ea3 v\u00e0 ch\u1ea5t l\u01b0\u1ee3ng cao. Trimethylglycine c\u1ea5p d\u01b0\u1ee3c ph\u1ea9m c\u00f3 th\u1ec3 \u0111\u01b0\u1ee3c s\u1eed d\u1ee5ng trong ng\u00e0nh d\u01b0\u1ee3c ph\u1ea9m, m\u1ef9 ph\u1ea9m, th\u1ef1c ph\u1ea9m, n\u01b0\u1edbc tr\u00e1i c\u00e2y, c\u0169ng nh\u01b0 v\u1eadt li\u1ec7u nha khoa, ngo\u00e0i ra betaine c\u0169ng c\u00f3 th\u1ec3 \u0111\u01b0\u1ee3c s\u1eed d\u1ee5ng trong ng\u00e0nh l\u00ean men.<\/li>\n<li>Trimethylglycine d\u00f9ng l\u00e0m ph\u1ee5 gia th\u1ee9c \u0103n ch\u0103n nu\u00f4i, l\u00e0 ch\u1ea5t cho methyl t\u1ef1 nhi\u00ean v\u00e0 hi\u1ec7u qu\u1ea3, c\u00f3 th\u1ec3 thay th\u1ebf m\u1ed9t ph\u1ea7n methionine v\u00e0 choline chloride, gi\u1ea3m chi ph\u00ed th\u1ee9c \u0103n, gi\u1ea3m m\u1ee1 l\u01b0ng l\u1ee3n, c\u1ea3i thi\u1ec7n t\u1ef7 l\u1ec7 th\u1ecbt n\u1ea1c v\u00e0 ch\u1ea5t l\u01b0\u1ee3ng th\u00e2n th\u1ecbt.<\/li>\n<li>Gi\u1ea3m m\u1ee1 m\u00e1u, ch\u1ed1ng gan nhi\u1ec5m m\u1ee1; ch\u1ed1ng l\u00e3o h\u00f3a<\/li>\n<li>\u0110\u01b0\u1ee3c s\u1eed d\u1ee5ng l\u00e0m ph\u1ee5 gia th\u1ee9c \u0103n \u0111\u1ec3 th\u00fac \u0111\u1ea9y t\u0103ng tr\u01b0\u1edfng v\u1eadt nu\u00f4i v\u00e0 c\u1ea3i thi\u1ec7n kh\u1ea3 n\u0103ng kh\u00e1ng b\u1ec7nh<\/li>\n<\/ol>","protected":false},"excerpt":{"rendered":"<p>T\u00ean s\u1ea3n ph\u1ea9m: Trimethylglycine<\/p>\n<p>CAS\uff1a107-43-7<\/p>\n<p>MF\uff1aC5H11NO2<\/p>\n<p>Ngo\u1ea1i quan: tinh th\u1ec3 kh\u00f4ng m\u00e0u ho\u1eb7c b\u1ed9t tinh th\u1ec3<\/p>","protected":false},"featured_media":5171,"template":"","meta":{"_acf_changed":false,"_gspb_post_css":""},"product_brand":[],"product_cat":[132,60],"product_tag":[],"class_list":{"0":"post-6329","1":"product","2":"type-product","3":"status-publish","4":"has-post-thumbnail","6":"product_cat-moisturizing","7":"product_cat-cosmetic-ingredients","9":"first","10":"instock","11":"shipping-taxable","12":"product-type-simple"},"acf":[],"_links":{"self":[{"href":"https:\/\/wpachem.com\/vi\/wp-json\/wp\/v2\/product\/6329","targetHints":{"allow":["GET"]}}],"collection":[{"href":"https:\/\/wpachem.com\/vi\/wp-json\/wp\/v2\/product"}],"about":[{"href":"https:\/\/wpachem.com\/vi\/wp-json\/wp\/v2\/types\/product"}],"version-history":[{"count":0,"href":"https:\/\/wpachem.com\/vi\/wp-json\/wp\/v2\/product\/6329\/revisions"}],"wp:featuredmedia":[{"embeddable":true,"href":"https:\/\/wpachem.com\/vi\/wp-json\/wp\/v2\/media\/5171"}],"wp:attachment":[{"href":"https:\/\/wpachem.com\/vi\/wp-json\/wp\/v2\/media?parent=6329"}],"wp:term":[{"taxonomy":"product_brand","embeddable":true,"href":"https:\/\/wpachem.com\/vi\/wp-json\/wp\/v2\/product_brand?post=6329"},{"taxonomy":"product_cat","embeddable":true,"href":"https:\/\/wpachem.com\/vi\/wp-json\/wp\/v2\/product_cat?post=6329"},{"taxonomy":"product_tag","embeddable":true,"href":"https:\/\/wpachem.com\/vi\/wp-json\/wp\/v2\/product_tag?post=6329"}],"curies":[{"name":"wp","href":"https:\/\/api.w.org\/{rel}","templated":true}]}}