{"id":6338,"date":"2024-02-19T05:33:42","date_gmt":"2024-02-19T05:33:42","guid":{"rendered":"https:\/\/wpachem.com\/?post_type=product&#038;p=6338"},"modified":"2024-02-19T05:33:42","modified_gmt":"2024-02-19T05:33:42","slug":"13-butanediol-cas-107-88-0","status":"publish","type":"product","link":"https:\/\/wpachem.com\/vi\/product\/13-butanediol-cas-107-88-0\/","title":{"rendered":"1,3-Butanediol CAS 107-88-0"},"content":{"rendered":"<p><strong>\u0110\u1eb7c \u0111i\u1ec3m<\/strong><\/p>\n<p>D\u01b0\u1ee1ng \u1ea9m m\u1ea1nh, ch\u1ed1ng d\u1ecb \u1ee9ng, ph\u00f9 h\u1ee3p v\u1edbi m\u1ecdi s\u1ea3n ph\u1ea9m ch\u0103m s\u00f3c da.<\/p>\n<p><strong>\u1ee8ng d\u1ee5ng:<\/strong><\/p>\n<ol>\n<li>L\u00e0 lo\u1ea1i polyester kh\u00f4ng no \u0111\u01b0\u1ee3c t\u1ea1o th\u00e0nh t\u1eeb 1,3-butanediol ho\u1eb7c ethylene glycol pha tr\u1ed9n l\u00e0m nguy\u00ean li\u1ec7u cho nh\u1ef1a polyester v\u00e0 nh\u1ef1a alkyd c\u00f3 kh\u1ea3 n\u0103ng ch\u1ed1ng th\u1ea5m n\u01b0\u1edbc, m\u1ec1m m\u1ea1i v\u00e0 ch\u1ecbu va \u0111\u1eadp t\u1ed1t.<\/li>\n<li>Ch\u1ea5t h\u00f3a d\u1ebbo polyester \u0111\u01b0\u1ee3c l\u00e0m t\u1eeb 1,3-butanediol v\u00e0 axit dibasic (axit adipic), c\u00f3 \u0111\u1ed9 bay h\u01a1i th\u1ea5p, ch\u1ed1ng di tr\u00fa, ch\u1ed1ng n\u01b0\u1edbc x\u00e0 ph\u00f2ng, ch\u1ed1ng dung m\u00f4i v\u00e0 ch\u1ed1ng d\u1ea7u.<\/li>\n<li>V\u00ec nguy\u00ean li\u1ec7u cho l\u1edbp ph\u1ee7 polyurethane l\u00e0 polyester b\u00e3o h\u00f2a n\u00ean s\u1ea3n ph\u1ea9m thu \u0111\u01b0\u1ee3c c\u00f3 kh\u1ea3 n\u0103ng ch\u1ed1ng n\u01b0\u1edbc t\u1ed1t trong l\u1edbp s\u01a1n kh\u00f4ng tr\u00e1ng ph\u1ee7 v\u00e0 hi\u1ec7u qu\u1ea3 t\u1ed1t h\u01a1n so v\u1edbi c\u00e1c diol kh\u00e1c.<\/li>\n<li>\u0110\u01b0\u1ee3c s\u1eed d\u1ee5ng l\u00e0m ch\u1ea5t l\u00e0m \u01b0\u1edbt v\u00e0 l\u00e0m m\u1ec1m, 1,3-butanediol c\u00f3 \u0111\u1eb7c t\u00ednh gi\u1eef \u1ea9m tuy\u1ec7t v\u1eddi v\u00e0 \u0111\u1ed9c t\u00ednh th\u1ea5p. Sau khi \u0111\u01b0\u1ee3c ch\u1ebf bi\u1ebfn th\u00e0nh este, n\u00f3 c\u00f3 th\u1ec3 \u0111\u01b0\u1ee3c s\u1eed d\u1ee5ng l\u00e0m ch\u1ea5t l\u00e0m \u01b0\u1edbt v\u00e0 l\u00e0m m\u1ec1m cho thu\u1ed1c l\u00e1, celluloid, m\u00e0ng Vinylon, gi\u1ea5y v\u00e0 s\u1ee3i.<\/li>\n<li>Dung m\u00f4i \u0111\u01b0\u1ee3c s\u1eed d\u1ee5ng nh\u01b0 h\u00f3a ch\u1ea5t tinh khi\u1ebft c\u00f3 th\u1ec3 \u0111\u01b0\u1ee3c d\u00f9ng trong c\u00f4ng th\u1ee9c c\u1ee7a toner, kem, b\u1ed9t nh\u00e3o v\u00e0 kem \u0111\u00e1nh r\u0103ng. 1, 3-butanediol c\u0169ng l\u00e0 ch\u1ea5t trung gian trong y h\u1ecdc v\u00e0 thu\u1ed1c nhu\u1ed9m.<\/li>\n<\/ol>","protected":false},"excerpt":{"rendered":"<p>T\u00ean s\u1ea3n ph\u1ea9m: 1,3-Butanediol<\/p>\n<p>CAS\uff1a107-88-0<\/p>\n<p>MF\uff1aC4H10O2<\/p>\n<p>Ngo\u1ea1i quan: Ch\u1ea5t l\u1ecfng trong su\u1ed1t kh\u00f4ng m\u00e0u \u0111\u1ebfn v\u00e0ng<\/p>","protected":false},"featured_media":4766,"template":"","meta":{"_acf_changed":false,"_gspb_post_css":""},"product_brand":[],"product_cat":[60,132],"product_tag":[],"class_list":{"0":"post-6338","1":"product","2":"type-product","3":"status-publish","4":"has-post-thumbnail","6":"product_cat-cosmetic-ingredients","7":"product_cat-moisturizing","9":"first","10":"instock","11":"shipping-taxable","12":"product-type-simple"},"acf":[],"_links":{"self":[{"href":"https:\/\/wpachem.com\/vi\/wp-json\/wp\/v2\/product\/6338","targetHints":{"allow":["GET"]}}],"collection":[{"href":"https:\/\/wpachem.com\/vi\/wp-json\/wp\/v2\/product"}],"about":[{"href":"https:\/\/wpachem.com\/vi\/wp-json\/wp\/v2\/types\/product"}],"version-history":[{"count":0,"href":"https:\/\/wpachem.com\/vi\/wp-json\/wp\/v2\/product\/6338\/revisions"}],"wp:featuredmedia":[{"embeddable":true,"href":"https:\/\/wpachem.com\/vi\/wp-json\/wp\/v2\/media\/4766"}],"wp:attachment":[{"href":"https:\/\/wpachem.com\/vi\/wp-json\/wp\/v2\/media?parent=6338"}],"wp:term":[{"taxonomy":"product_brand","embeddable":true,"href":"https:\/\/wpachem.com\/vi\/wp-json\/wp\/v2\/product_brand?post=6338"},{"taxonomy":"product_cat","embeddable":true,"href":"https:\/\/wpachem.com\/vi\/wp-json\/wp\/v2\/product_cat?post=6338"},{"taxonomy":"product_tag","embeddable":true,"href":"https:\/\/wpachem.com\/vi\/wp-json\/wp\/v2\/product_tag?post=6338"}],"curies":[{"name":"wp","href":"https:\/\/api.w.org\/{rel}","templated":true}]}}