{"id":6340,"date":"2024-02-19T05:53:21","date_gmt":"2024-02-19T05:53:21","guid":{"rendered":"https:\/\/wpachem.com\/?post_type=product&#038;p=6340"},"modified":"2024-02-19T05:53:21","modified_gmt":"2024-02-19T05:53:21","slug":"jojoba-oil-cas-61789-91-1","status":"publish","type":"product","link":"https:\/\/wpachem.com\/vi\/product\/jojoba-oil-cas-61789-91-1\/","title":{"rendered":"D\u1ea6U JOJOBA CAS 61789-91-1"},"content":{"rendered":"<p><strong>\u0110\u1eb7c \u0111i\u1ec3m<\/strong><\/p>\n<p>Jojobaoil l\u00e0 chi\u1ebft xu\u1ea5t t\u1eeb c\u00e2y Jojoba b\u1ea3n \u0111\u1ecba c\u1ee7a Mexico, c\u00f3 t\u00e1c d\u1ee5ng d\u01b0\u1ee1ng \u1ea9m, l\u00e0m s\u0103n ch\u1eafc da, l\u00e0m m\u1ec1m m\u1ee1 v\u00e0 gi\u1ea3m vi\u00eam. D\u1ea7u jojoba kh\u00f4ng ph\u1ea3i l\u00e0 d\u1ea7u m\u00e0 l\u00e0 s\u00e1p l\u1ecfng \u0111\u00f4ng l\u1ea1i \u1edf nhi\u1ec7t \u0111\u1ed9 th\u1ea5p. N\u00f3i m\u1ed9t c\u00e1ch ch\u00ednh x\u00e1c, d\u1ea7u jojoba th\u1ef1c ch\u1ea5t kh\u00f4ng ph\u1ea3i l\u00e0 d\u1ea7u m\u00e0 l\u00e0 s\u00e1p l\u1ecfng n\u00ean \u0111\u00f4ng l\u1ea1i \u1edf nhi\u1ec7t \u0111\u1ed9 th\u1ea5p. D\u1ea7u jojoba l\u00e0 lo\u1ea1i d\u1ea7u n\u1ec1n d\u1ec5 th\u1ea9m th\u1ea5u nh\u1ea5t, d\u1ec5 d\u00e0ng \u0111\u01b0\u1ee3c da h\u1ea5p th\u1ee5, t\u01b0\u01a1i m\u00e1t v\u00e0 d\u01b0\u1ee1ng \u1ea9m, kh\u00f4ng nh\u1eddn, c\u00f3 th\u1ec3 ph\u1ee5c h\u1ed3i \u0111\u1ed9 c\u00e2n b\u1eb1ng pH c\u1ee7a da, x\u00f3a n\u1ebfp nh\u0103n, c\u1ea3i thi\u1ec7n hi\u1ec7u qu\u1ea3 l\u00e0n da d\u1ea7u, \u0111i\u1ec1u h\u00f2a ch\u1ee9c n\u0103ng ti\u1ebft b\u00e3 nh\u1eddn, thu nh\u1ecf l\u1ed7 ch\u00e2n l\u00f4ng v\u00e0 c\u0169ng l\u00e0 lo\u1ea1i d\u1ea7u d\u01b0\u1ee1ng \u1ea9m t\u1ed1t nh\u1ea5t cho da<\/p>\n<p><strong>\u1ee8ng d\u1ee5ng:<\/strong><\/p>\n<ol>\n<li>D\u1ea7u jojoba d\u01b0\u1ee1ng \u1ea9m v\u00e0 kh\u00f3a n\u01b0\u1edbc: C\u00f3 t\u00e1c d\u1ee5ng \u0111i\u1ec1u ch\u1ec9nh l\u01b0\u1ee3ng n\u01b0\u1edbc tr\u00ean da v\u00e0 d\u1ec5 d\u00e0ng \u0111\u01b0\u1ee3c da h\u1ea5p th\u1ee5, c\u00f3 th\u1ec3 t\u0103ng c\u01b0\u1eddng h\u00e0ng r\u00e0o b\u1ea3o v\u1ec7 n\u01b0\u1edbc c\u1ee7a da.<\/li>\n<li>L\u00e0m m\u1edd n\u1ebfp nh\u0103n: gi\u00e0u vitamin D v\u00e0 protein, l\u00e0 lo\u1ea1i d\u1ea7u d\u01b0\u1ee1ng \u1ea9m v\u00e0 gi\u1eef \u1ea9m t\u1ed1t. C\u00f3 th\u1ec3 l\u00e0m t\u0103ng hi\u1ec7u qu\u1ea3 \u0111\u1ed9 \u0111\u00e0n h\u1ed3i c\u1ee7a da v\u00e0 gi\u1ea3m s\u1ea3n xu\u1ea5t n\u1ebfp nh\u0103n kh\u00f4 v\u00e0 n\u1ebfp nh\u0103n nh\u1ecf. Ngo\u00e0i ra, c\u00f2n c\u00f3 t\u00e1c d\u1ee5ng l\u00e0m m\u1edd n\u1ebfp nh\u0103n \u0111\u00e3 h\u00ecnh th\u00e0nh.<\/li>\n<li>L\u00e0m m\u1ecbn l\u1ed7 ch\u00e2n l\u00f4ng: \u0111i\u1ec1u ti\u1ebft s\u1ef1 ti\u1ebft d\u1ea7u c\u1ee7a da, gi\u00fap l\u00e0m s\u1ea1ch l\u1ed7 ch\u00e2n l\u00f4ng, ng\u0103n ng\u1eeba t\u1eafc ngh\u1ebdn da. C\u00f3 th\u1ec3 \u0111i\u1ec1u ti\u1ebft s\u1ef1 ti\u1ebft d\u1ea7u c\u1ee7a da d\u1ea7u ho\u1eb7c da h\u1ed7n h\u1ee3p, ph\u00f9 h\u1ee3p v\u1edbi m\u1ecdi lo\u1ea1i da. Hi\u1ec7u qu\u1ea3 ch\u0103m s\u00f3c tuy\u1ec7t v\u1eddi c\u1ee7a d\u1ea7u jojoba s\u1ebd mang l\u1ea1i \u0111\u1ed9 \u1ea9m \u0111\u1ea7y \u0111\u1ee7 cho da, \u1ed5n \u0111\u1ecbnh l\u1edbp d\u1ea7u do da t\u1ea1o ra v\u00e0 da s\u1ebd tr\u1edf n\u00ean m\u1ec1m m\u1ea1i v\u00e0 s\u00e1ng b\u00f3ng tr\u1edf l\u1ea1i. S\u1eed d\u1ee5ng m\u1ed9t th\u1eddi gian, t\u00ecnh tr\u1ea1ng kh\u00f4 nh\u1ea1y c\u1ea3m gi\u1edd \u0111\u00e2y c\u00f3 th\u1ec3 \u0111\u01b0\u1ee3c c\u1ea3i thi\u1ec7n.<\/li>\n<\/ol>\n<p>L\u00e0 m\u1ed9t lo\u1ea1i d\u1ea7u n\u1ec1n, \u0111\u00e2y l\u00e0 lo\u1ea1i d\u1ea7u th\u00e2n thi\u1ec7n v\u1edbi da, c\u00f3 th\u1ec3 k\u1ebft h\u1ee3p v\u1edbi nhi\u1ec1u lo\u1ea1i tinh d\u1ea7u \u0111\u01a1n gi\u1ea3n cho m\u1ecdi lo\u1ea1i da.<\/p>","protected":false},"excerpt":{"rendered":"<p>T\u00ean s\u1ea3n ph\u1ea9m: D\u1ea6U JOJOBA<\/p>\n<p>CAS\uff1a61789-91-1<\/p>\n<p>Ngo\u1ea1i quan: D\u1ea1ng s\u00e1p l\u1ecfng<\/p>","protected":false},"featured_media":5860,"template":"","meta":{"_acf_changed":false,"_gspb_post_css":""},"product_brand":[],"product_cat":[60,132],"product_tag":[],"class_list":{"0":"post-6340","1":"product","2":"type-product","3":"status-publish","4":"has-post-thumbnail","6":"product_cat-cosmetic-ingredients","7":"product_cat-moisturizing","9":"first","10":"instock","11":"shipping-taxable","12":"product-type-simple"},"acf":[],"_links":{"self":[{"href":"https:\/\/wpachem.com\/vi\/wp-json\/wp\/v2\/product\/6340","targetHints":{"allow":["GET"]}}],"collection":[{"href":"https:\/\/wpachem.com\/vi\/wp-json\/wp\/v2\/product"}],"about":[{"href":"https:\/\/wpachem.com\/vi\/wp-json\/wp\/v2\/types\/product"}],"version-history":[{"count":0,"href":"https:\/\/wpachem.com\/vi\/wp-json\/wp\/v2\/product\/6340\/revisions"}],"wp:featuredmedia":[{"embeddable":true,"href":"https:\/\/wpachem.com\/vi\/wp-json\/wp\/v2\/media\/5860"}],"wp:attachment":[{"href":"https:\/\/wpachem.com\/vi\/wp-json\/wp\/v2\/media?parent=6340"}],"wp:term":[{"taxonomy":"product_brand","embeddable":true,"href":"https:\/\/wpachem.com\/vi\/wp-json\/wp\/v2\/product_brand?post=6340"},{"taxonomy":"product_cat","embeddable":true,"href":"https:\/\/wpachem.com\/vi\/wp-json\/wp\/v2\/product_cat?post=6340"},{"taxonomy":"product_tag","embeddable":true,"href":"https:\/\/wpachem.com\/vi\/wp-json\/wp\/v2\/product_tag?post=6340"}],"curies":[{"name":"wp","href":"https:\/\/api.w.org\/{rel}","templated":true}]}}