{"id":6343,"date":"2024-02-19T09:27:02","date_gmt":"2024-02-19T09:27:02","guid":{"rendered":"https:\/\/wpachem.com\/?post_type=product&#038;p=6343"},"modified":"2024-02-19T09:27:47","modified_gmt":"2024-02-19T09:27:47","slug":"peg-400-cas-25322-68-3","status":"publish","type":"product","link":"https:\/\/wpachem.com\/vi\/product\/peg-400-cas-25322-68-3\/","title":{"rendered":"PEG 400 CAS 25322-68-3"},"content":{"rendered":"<p><strong>\u0110\u1eb7c \u0111i\u1ec3m<\/strong><\/p>\n<p>Ch\u1ea5t l\u1ecfng nh\u1edbt kh\u00f4ng m\u00e0u ho\u1eb7c ch\u1ea5t r\u1eafn m\u00e0u tr\u1eafng. \u0110\u1ed9c t\u00ednh th\u1ea5p! Tan trong n\u01b0\u1edbc v\u00e0 nhi\u1ec1u dung m\u00f4i h\u1eefu c\u01a1, d\u1ec5 tan trong hydrocarbon th\u01a1m, tan \u00edt trong hydrocarbon aliphatic.<\/p>\n<p><strong>\u1ee8ng d\u1ee5ng:<\/strong><\/p>\n<p>Polyethylene glycol v\u00e0 este axit b\u00e9o polyethylene glycol \u0111\u01b0\u1ee3c s\u1eed d\u1ee5ng r\u1ed9ng r\u00e3i trong ng\u00e0nh c\u00f4ng nghi\u1ec7p m\u1ef9 ph\u1ea9m v\u00e0 c\u00f4ng nghi\u1ec7p d\u01b0\u1ee3c ph\u1ea9m.<\/p>\n<ol>\n<li>Polyethylene glycol (Mr &lt; 2000) c\u00f3 tr\u1ecdng l\u01b0\u1ee3ng ph\u00e2n t\u1eed th\u1ea5p th\u00edch h\u1ee3p \u0111\u1ec3 s\u1eed d\u1ee5ng l\u00e0m ch\u1ea5t l\u00e0m \u01b0\u1edbt v\u00e0 ch\u1ea5t \u0111i\u1ec1u ch\u1ec9nh \u0111\u1ed9 \u0111\u1eb7c, cho kem, s\u1eefa d\u01b0\u1ee1ng da, kem \u0111\u00e1nh r\u0103ng v\u00e0 kem c\u1ea1o r\u00e2u, v.v., v\u00e0 cho c\u00e1c s\u1ea3n ph\u1ea9m ch\u0103m s\u00f3c t\u00f3c ch\u01b0a g\u1ed9i \u0111\u1ec3 mang l\u1ea1i cho t\u00f3c \u0111\u1ed9 b\u00f3ng nh\u01b0 s\u1ee3i.<br \/>\nPolyethylene glycol (Mr&gt;2000) c\u00f3 tr\u1ecdng l\u01b0\u1ee3ng ph\u00e2n t\u1eed cao th\u00edch h\u1ee3p cho son m\u00f4i, l\u0103n kh\u1eed m\u00f9i, x\u00e0 ph\u00f2ng, x\u00e0 ph\u00f2ng c\u1ea1o r\u00e2u, kem n\u1ec1n v\u00e0 m\u1ef9 ph\u1ea9m l\u00e0m \u0111\u1eb9p.<\/li>\n<li>Trong c\u00e1c ch\u1ea5t t\u1ea9y r\u1eeda, polyethylene glycol c\u0169ng \u0111\u01b0\u1ee3c s\u1eed d\u1ee5ng nh\u01b0 m\u1ed9t ch\u1ea5t t\u1ea1o huy\u1ec1n ph\u00f9 v\u00e0 ch\u1ea5t l\u00e0m \u0111\u1eb7c.<\/li>\n<li>Trong ng\u00e0nh d\u01b0\u1ee3c ph\u1ea9m, n\u00f3 \u0111\u01b0\u1ee3c d\u00f9ng l\u00e0m ch\u1ea5t n\u1ec1n cho thu\u1ed1c m\u1ee1, nh\u0169 t\u01b0\u01a1ng, thu\u1ed1c m\u1ee1, thu\u1ed1c b\u00f4i v\u00e0 thu\u1ed1c \u0111\u1ea1n. PolyethyleneGlycolNF (v\u00ed d\u1ee5: PolyethyleneGlycolNF, DowchemicalCo.) c\u00f3 b\u00e1n tr\u00ean th\u1ecb tr\u01b0\u1eddng \u0111\u1ec3 s\u1eed d\u1ee5ng trong th\u1ef1c ph\u1ea9m v\u00e0 thu\u1ed1c ph\u00f9 h\u1ee3p h\u01a1n v\u1edbi m\u1ef9 ph\u1ea9m.<\/li>\n<li>Polyethylene glycol \u0111\u01b0\u1ee3c s\u1eed d\u1ee5ng r\u1ed9ng r\u00e3i trong nhi\u1ec1u ch\u1ebf ph\u1ea9m d\u01b0\u1ee3c ph\u1ea9m, ch\u1eb3ng h\u1ea1n nh\u01b0 ch\u1ebf ph\u1ea9m ti\u00eam, t\u1ea1i ch\u1ed7, nh\u1ecf m\u1eaft, u\u1ed1ng v\u00e0 tr\u1ef1c tr\u00e0ng. Polyethylene glycol d\u1ea1ng r\u1eafn c\u00f3 th\u1ec3 \u0111\u01b0\u1ee3c th\u00eam v\u00e0o polyethylene glycol d\u1ea1ng l\u1ecfng \u0111\u1ec3 \u0111i\u1ec1u ch\u1ec9nh \u0111\u1ed9 nh\u1edbt cho thu\u1ed1c m\u1ee1 t\u1ea1i ch\u1ed7; h\u1ed7n h\u1ee3p polyethylene glycol c\u00f3 th\u1ec3 \u0111\u01b0\u1ee3c s\u1eed d\u1ee5ng l\u00e0m ch\u1ea5t n\u1ec1n thu\u1ed1c \u0111\u1ea1n. Dung d\u1ecbch polyethylene glycol d\u1ea1ng n\u01b0\u1edbc c\u00f3 th\u1ec3 \u0111\u01b0\u1ee3c s\u1eed d\u1ee5ng l\u00e0m ch\u1ea5t h\u1ed7 tr\u1ee3 huy\u1ec1n ph\u00f9 ho\u1eb7c \u0111\u1ec3 \u0111i\u1ec1u ch\u1ec9nh \u0111\u1ed9 nh\u1edbt c\u1ee7a c\u00e1c m\u00f4i tr\u01b0\u1eddng huy\u1ec1n ph\u00f9 kh\u00e1c. S\u1ef1 k\u1ebft h\u1ee3p c\u1ee7a polyethylene glycol v\u00e0 c\u00e1c ch\u1ea5t nh\u0169 h\u00f3a kh\u00e1c l\u00e0m t\u0103ng \u0111\u1ed9 \u1ed5n \u0111\u1ecbnh c\u1ee7a nh\u0169 t\u01b0\u01a1ng.<\/li>\n<\/ol>\n<p>Ngo\u00e0i ra, polyethylene glycol c\u00f2n \u0111\u01b0\u1ee3c d\u00f9ng l\u00e0m ch\u1ea5t bao phim, ch\u1ea5t b\u00f4i tr\u01a1n vi\u00ean n\u00e9n, v\u1eadt li\u1ec7u gi\u1ea3i ph\u00f3ng k\u00e9o d\u00e0i, v.v.<\/p>","protected":false},"excerpt":{"rendered":"<p>T\u00ean s\u1ea3n ph\u1ea9m: PEG 400<\/p>\n<p>CAS\uff1a25322-68-3<\/p>\n<p>Ngo\u1ea1i quan: Ch\u1ea5t l\u1ecfng nh\u1edbt kh\u00f4ng m\u00e0u ho\u1eb7c ch\u1ea5t r\u1eafn m\u00e0u tr\u1eafng<\/p>","protected":false},"featured_media":5825,"template":"","meta":{"_acf_changed":false,"_gspb_post_css":""},"product_brand":[],"product_cat":[132,60],"product_tag":[],"class_list":{"0":"post-6343","1":"product","2":"type-product","3":"status-publish","4":"has-post-thumbnail","6":"product_cat-moisturizing","7":"product_cat-cosmetic-ingredients","9":"first","10":"instock","11":"shipping-taxable","12":"product-type-simple"},"acf":[],"_links":{"self":[{"href":"https:\/\/wpachem.com\/vi\/wp-json\/wp\/v2\/product\/6343","targetHints":{"allow":["GET"]}}],"collection":[{"href":"https:\/\/wpachem.com\/vi\/wp-json\/wp\/v2\/product"}],"about":[{"href":"https:\/\/wpachem.com\/vi\/wp-json\/wp\/v2\/types\/product"}],"version-history":[{"count":0,"href":"https:\/\/wpachem.com\/vi\/wp-json\/wp\/v2\/product\/6343\/revisions"}],"wp:featuredmedia":[{"embeddable":true,"href":"https:\/\/wpachem.com\/vi\/wp-json\/wp\/v2\/media\/5825"}],"wp:attachment":[{"href":"https:\/\/wpachem.com\/vi\/wp-json\/wp\/v2\/media?parent=6343"}],"wp:term":[{"taxonomy":"product_brand","embeddable":true,"href":"https:\/\/wpachem.com\/vi\/wp-json\/wp\/v2\/product_brand?post=6343"},{"taxonomy":"product_cat","embeddable":true,"href":"https:\/\/wpachem.com\/vi\/wp-json\/wp\/v2\/product_cat?post=6343"},{"taxonomy":"product_tag","embeddable":true,"href":"https:\/\/wpachem.com\/vi\/wp-json\/wp\/v2\/product_tag?post=6343"}],"curies":[{"name":"wp","href":"https:\/\/api.w.org\/{rel}","templated":true}]}}