{"id":6344,"date":"2024-02-19T08:10:58","date_gmt":"2024-02-19T08:10:58","guid":{"rendered":"https:\/\/wpachem.com\/?post_type=product&#038;p=6344"},"modified":"2024-04-26T05:37:37","modified_gmt":"2024-04-26T05:37:37","slug":"calcium-lactate-cas-814-80-2-2","status":"publish","type":"product","link":"https:\/\/wpachem.com\/vi\/product\/calcium-lactate-cas-814-80-2-2\/","title":{"rendered":"Canxi lactat CAS 814-80-2"},"content":{"rendered":"<p><strong>\u0110\u1eb7c \u0111i\u1ec3m<\/strong><\/p>\n<p>B\u1ed9t tr\u1eafng<\/p>\n<p><strong>\u1ee8ng d\u1ee5ng:<\/strong><\/p>\n<p>N\u00f3 \u0111\u01b0\u1ee3c d\u00f9ng l\u00e0m ch\u1ea5t b\u1ea3o qu\u1ea3n v\u00e0 \u0111i\u1ec1u ch\u1ec9nh \u0111\u1ed9 pH v\u00e0 th\u01b0\u1eddng \u0111\u01b0\u1ee3c th\u00eam v\u00e0o th\u1ef1c ph\u1ea9m v\u00e0 \u0111\u1ed3 u\u1ed1ng \u0111\u1ec3 t\u0103ng th\u1eddi h\u1ea1n s\u1eed d\u1ee5ng v\u00e0 \u0111\u1ed9 \u1ed5n \u0111\u1ecbnh c\u1ee7a ch\u00fang.<br \/>\nN\u00f3 c\u0169ng c\u00f3 th\u1ec3 \u0111\u01b0\u1ee3c s\u1eed d\u1ee5ng \u0111\u1ec3 \u0111i\u1ec1u ch\u1ebf mu\u1ed1i canxi c\u1ee7a anhydride lactic, c\u00f3 th\u1ec3 \u0111\u01b0\u1ee3c th\u00eam v\u00e0o th\u1ef1c ph\u1ea9m nh\u01b0 m\u1ed9t ch\u1ea5t b\u1ed5 sung canxi.<br \/>\nN\u00f3 c\u0169ng \u0111\u01b0\u1ee3c d\u00f9ng l\u00e0m th\u00e0nh ph\u1ea7n trong m\u1ef9 ph\u1ea9m v\u00e0 c\u00e1c s\u1ea3n ph\u1ea9m ch\u0103m s\u00f3c c\u00e1 nh\u00e2n \u0111\u1ec3 cung c\u1ea5p d\u01b0\u1ee1ng \u1ea9m v\u00e0 s\u00e1t tr\u00f9ng.<\/p>","protected":false},"excerpt":{"rendered":"<p>T\u00ean s\u1ea3n ph\u1ea9m: Canxi lactat<\/p>\n<p>S\u1ed0 CAS: 814-80-2<\/p>\n<p>MF: C3H8CaO3<\/p>\n<p>Ngo\u1ea1i quan: B\u1ed9t m\u00e0u tr\u1eafng<\/p>","protected":false},"featured_media":5179,"template":"","meta":{"_acf_changed":false,"_gspb_post_css":""},"product_brand":[],"product_cat":[69,132,135,55,57,59,60],"product_tag":[],"class_list":{"0":"post-6344","1":"product","2":"type-product","3":"status-publish","4":"has-post-thumbnail","6":"product_cat-more","7":"product_cat-moisturizing","8":"product_cat-preservative-cosmetic-ingredients","9":"product_cat-food-additives","10":"product_cat-preservative","11":"product_cat-acidity-regulators","12":"product_cat-cosmetic-ingredients","14":"first","15":"instock","16":"shipping-taxable","17":"product-type-simple"},"acf":[],"_links":{"self":[{"href":"https:\/\/wpachem.com\/vi\/wp-json\/wp\/v2\/product\/6344","targetHints":{"allow":["GET"]}}],"collection":[{"href":"https:\/\/wpachem.com\/vi\/wp-json\/wp\/v2\/product"}],"about":[{"href":"https:\/\/wpachem.com\/vi\/wp-json\/wp\/v2\/types\/product"}],"version-history":[{"count":0,"href":"https:\/\/wpachem.com\/vi\/wp-json\/wp\/v2\/product\/6344\/revisions"}],"wp:featuredmedia":[{"embeddable":true,"href":"https:\/\/wpachem.com\/vi\/wp-json\/wp\/v2\/media\/5179"}],"wp:attachment":[{"href":"https:\/\/wpachem.com\/vi\/wp-json\/wp\/v2\/media?parent=6344"}],"wp:term":[{"taxonomy":"product_brand","embeddable":true,"href":"https:\/\/wpachem.com\/vi\/wp-json\/wp\/v2\/product_brand?post=6344"},{"taxonomy":"product_cat","embeddable":true,"href":"https:\/\/wpachem.com\/vi\/wp-json\/wp\/v2\/product_cat?post=6344"},{"taxonomy":"product_tag","embeddable":true,"href":"https:\/\/wpachem.com\/vi\/wp-json\/wp\/v2\/product_tag?post=6344"}],"curies":[{"name":"wp","href":"https:\/\/api.w.org\/{rel}","templated":true}]}}