{"id":6490,"date":"2024-02-21T03:56:32","date_gmt":"2024-02-21T03:56:32","guid":{"rendered":"https:\/\/wpachem.com\/?post_type=product&#038;p=6490"},"modified":"2024-02-21T05:13:47","modified_gmt":"2024-02-21T05:13:47","slug":"pdmtd-cas-79509-46-9-poly134-thiadiazole-25-diyldithio","status":"publish","type":"product","link":"https:\/\/wpachem.com\/vi\/product\/pdmtd-cas-79509-46-9-poly134-thiadiazole-25-diyldithio\/","title":{"rendered":"PDMTD CAS 79509-46-9 Poly(1,3,4-thiadiazole-2,5-diyldithio)"},"content":{"rendered":"<p><strong>\u0110\u1eb7c \u0111i\u1ec3m<\/strong><\/p>\n<p>Tinh th\u1ec3 m\u00e0u tr\u1eafng ho\u1eb7c v\u00e0ng nh\u1ea1t<\/p>\n<p><strong>\u1ee8ng d\u1ee5ng:<\/strong><\/p>\n<p>S\u1ea3n ph\u1ea9m n\u00e0y c\u00f3 th\u1ec3 \u0111\u01b0\u1ee3c s\u1eed d\u1ee5ng l\u00e0m ch\u1ea5t l\u01b0u h\u00f3a v\u00e0 ch\u1ea5t x\u00fac ti\u1ebfn cho cao su thi\u00ean nhi\u00ean v\u00e0 cao su t\u1ed5ng h\u1ee3p. S\u1ea3n ph\u1ea9m n\u00e0y s\u1ebd kh\u00f4ng g\u00e2y ra hi\u1ec7n t\u01b0\u1ee3ng \u0111\u00f3ng b\u0103ng, \u00f4 nhi\u1ec5m, \u0111\u1ed5i m\u00e0u v\u00e0 ph\u00e2n t\u00e1n d\u1ec5 d\u00e0ng c\u1ee7a v\u1eadt li\u1ec7u cao su. Cao su l\u01b0u h\u00f3a thu \u0111\u01b0\u1ee3c khi s\u1eed d\u1ee5ng trong c\u00e1c h\u1ec7 th\u1ed1ng l\u01b0u h\u00f3a hi\u1ec7u qu\u1ea3 v\u00e0 b\u00e1n hi\u1ec7u qu\u1ea3 c\u00f3 kh\u1ea3 n\u0103ng ch\u1ecbu nhi\u1ec7t v\u00e0 ch\u1ed1ng l\u00e3o h\u00f3a t\u1ed1t. N\u00f3 c\u00f3 th\u1ec3 gi\u1ea3i ph\u00f3ng l\u01b0u hu\u1ef3nh ho\u1ea1t t\u00ednh \u1edf nhi\u1ec7t \u0111\u1ed9 l\u01b0u h\u00f3a. H\u00e0m l\u01b0\u1ee3ng l\u01b0u hu\u1ef3nh hi\u1ec7u qu\u1ea3 l\u00e0 27%. N\u00f3 an to\u00e0n khi v\u1eadn h\u00e0nh. Khi s\u1eed d\u1ee5ng ri\u00eang l\u1ebb, t\u1ed1c \u0111\u1ed9 l\u01b0u h\u00f3a ch\u1eadm. Khi s\u1eed d\u1ee5ng c\u00f9ng v\u1edbi c\u00e1c mu\u1ed1i thiazole, thiuram v\u00e0 dithiocarbamate, t\u1ed1c \u0111\u1ed9 l\u01b0u h\u00f3a c\u00f3 th\u1ec3 t\u0103ng l\u00ean. S\u1ea3n ph\u1ea9m n\u00e0y \u0111\u1eb7c bi\u1ec7t ph\u00f9 h\u1ee3p v\u1edbi cao su butyl, ch\u1ee7 y\u1ebfu \u0111\u01b0\u1ee3c s\u1eed d\u1ee5ng trong s\u1ea3n xu\u1ea5t l\u1ed1p xe, s\u0103m butyl, b\u0103ng keo v\u00e0 c\u00e1c s\u1ea3n ph\u1ea9m cao su ch\u1ecbu nhi\u1ec7t. N\u00f3 c\u0169ng \u0111\u01b0\u1ee3c s\u1eed d\u1ee5ng l\u00e0m ch\u1ea5t \u1ed5n \u0111\u1ecbnh nh\u1ef1a \u0111\u01b0\u1eddng tr\u00ean \u0111\u01b0\u1eddng cao t\u1ed1c.<\/p>","protected":false},"excerpt":{"rendered":"<p>T\u00ean s\u1ea3n ph\u1ea9m: PDMTD<\/p>\n<p>CAS\uff1a79509-46-9<\/p>\n<p>MF: (C2N2S3)n<\/p>\n<p>Ngo\u1ea1i quan: Tinh th\u1ec3 m\u00e0u tr\u1eafng ho\u1eb7c v\u00e0ng nh\u1ea1t<\/p>","protected":false},"featured_media":6483,"template":"","meta":{"_acf_changed":false,"_gspb_post_css":""},"product_brand":[],"product_cat":[62,74],"product_tag":[],"class_list":{"0":"post-6490","1":"product","2":"type-product","3":"status-publish","4":"has-post-thumbnail","6":"product_cat-rubberplastic-ingredients","7":"product_cat-vulcanizing-agent","9":"first","10":"instock","11":"shipping-taxable","12":"product-type-simple"},"acf":[],"_links":{"self":[{"href":"https:\/\/wpachem.com\/vi\/wp-json\/wp\/v2\/product\/6490","targetHints":{"allow":["GET"]}}],"collection":[{"href":"https:\/\/wpachem.com\/vi\/wp-json\/wp\/v2\/product"}],"about":[{"href":"https:\/\/wpachem.com\/vi\/wp-json\/wp\/v2\/types\/product"}],"version-history":[{"count":0,"href":"https:\/\/wpachem.com\/vi\/wp-json\/wp\/v2\/product\/6490\/revisions"}],"wp:featuredmedia":[{"embeddable":true,"href":"https:\/\/wpachem.com\/vi\/wp-json\/wp\/v2\/media\/6483"}],"wp:attachment":[{"href":"https:\/\/wpachem.com\/vi\/wp-json\/wp\/v2\/media?parent=6490"}],"wp:term":[{"taxonomy":"product_brand","embeddable":true,"href":"https:\/\/wpachem.com\/vi\/wp-json\/wp\/v2\/product_brand?post=6490"},{"taxonomy":"product_cat","embeddable":true,"href":"https:\/\/wpachem.com\/vi\/wp-json\/wp\/v2\/product_cat?post=6490"},{"taxonomy":"product_tag","embeddable":true,"href":"https:\/\/wpachem.com\/vi\/wp-json\/wp\/v2\/product_tag?post=6490"}],"curies":[{"name":"wp","href":"https:\/\/api.w.org\/{rel}","templated":true}]}}