{"id":6492,"date":"2024-02-21T05:26:03","date_gmt":"2024-02-21T05:26:03","guid":{"rendered":"https:\/\/wpachem.com\/?post_type=product&#038;p=6492"},"modified":"2024-02-21T05:29:28","modified_gmt":"2024-02-21T05:29:28","slug":"tcy-cas-638-16-4-trithiocyanuric-acid","status":"publish","type":"product","link":"https:\/\/wpachem.com\/vi\/product\/tcy-cas-638-16-4-trithiocyanuric-acid\/","title":{"rendered":"TCY CAS 638-16-4 Axit trithiocyanuric"},"content":{"rendered":"<p><strong>\u0110\u1eb7c \u0111i\u1ec3m<\/strong><\/p>\n<p>B\u1ed9t tinh th\u1ec3 m\u00e0u tr\u1eafng<\/p>\n<p><strong>\u1ee8ng d\u1ee5ng:<\/strong><\/p>\n<p>\u0110\u01b0\u1ee3c s\u1eed d\u1ee5ng r\u1ed9ng r\u00e3i nh\u01b0 ch\u1ea5t \u1ed5n \u0111\u1ecbnh nhi\u1ec7t cho polypropylene, cao su v\u00e0 c\u00e1c lo\u1ea1i polyme kh\u00e1c, ch\u1ea5t l\u01b0u h\u00f3a cho polyme ethyl acrylate-ethylene clo h\u00f3a, cao su acrylic v\u00e0 c\u00e1c lo\u1ea1i polyme kh\u00e1c, th\u00edch h\u1ee3p cho cao su acrylic ACM, cao su chloroether CO.ECO v\u00e0 cao su butadiene clo CR c\u0169ng c\u00f3 th\u1ec3 \u0111\u01b0\u1ee3c s\u1eed d\u1ee5ng trong v\u1eadt li\u1ec7u pha tr\u1ed9n cao su v\u00e0 nh\u1ef1a. S\u1ea3n ph\u1ea9m n\u00e0y c\u00f3 t\u1ed1c \u0111\u1ed9 l\u01b0u h\u00f3a nhanh v\u00e0 ch\u00e1y x\u00e9m an to\u00e0n. N\u00f3 c\u00f3 th\u1ec3 r\u00fat ng\u1eafn th\u1eddi gian l\u01b0u h\u00f3a v\u00e0 lo\u1ea1i b\u1ecf nhu c\u1ea7u l\u01b0u h\u00f3a th\u1ee9 c\u1ea5p. Cao su l\u01b0u h\u00f3a \u0111\u01b0\u1ee3c s\u1ea3n xu\u1ea5t c\u00f3 kh\u1ea3 n\u0103ng ch\u1ed1ng d\u1ea7u, ch\u1ecbu nhi\u1ec7t v\u00e0 ch\u1ed1ng thay \u0111\u1ed5i \u00e1p su\u1ea5t v\u01b0\u1ee3t tr\u1ed9i. T\u00ednh ch\u1ea5t c\u01a1 h\u1ecdc t\u1ed1t. \u0110\u00e2y l\u00e0 ch\u1ea5t l\u01b0u h\u00f3a \u0111\u1eb7c bi\u1ec7t cho cao su acrylic. L\u00e0 ch\u1ea5t l\u01b0u h\u00f3a \u0111\u1eb7c bi\u1ec7t, n\u00f3 c\u0169ng c\u00f3 th\u1ec3 \u0111\u01b0\u1ee3c s\u1eed d\u1ee5ng cho cao su chlorohydrin v\u00e0 cao su chloroprene. N\u00f3 c\u0169ng c\u00f3 th\u1ec3 \u0111\u01b0\u1ee3c s\u1eed d\u1ee5ng l\u00e0m ch\u1ea5t li\u00ean k\u1ebft ngang \u0111\u1ed3ng l\u01b0u h\u00f3a cho cao su nitrile v\u00e0 cao su k\u1ebft h\u1ee3p PVC. N\u00f3 c\u0169ng c\u00f3 th\u1ec3 \u0111\u01b0\u1ee3c s\u1eed d\u1ee5ng ri\u00eang l\u00e0m ch\u1ea5t li\u00ean k\u1ebft ngang cho nh\u1ef1a phenolic PVC. ch\u1ea5t k\u1ebft h\u1ee3p.<\/p>","protected":false},"excerpt":{"rendered":"<p>T\u00ean s\u1ea3n ph\u1ea9m: Axit trithiocyanuric<\/p>\n<p>CAS\uff1a638-16-4<\/p>\n<p>Nguy\u00ean t\u1eed: C3H3N3S3<\/p>\n<p>Ngo\u1ea1i quan: B\u1ed9t tinh th\u1ec3 m\u00e0u tr\u1eafng<\/p>","protected":false},"featured_media":6483,"template":"","meta":{"_acf_changed":false,"_gspb_post_css":""},"product_brand":[],"product_cat":[62,74],"product_tag":[],"class_list":{"0":"post-6492","1":"product","2":"type-product","3":"status-publish","4":"has-post-thumbnail","6":"product_cat-rubberplastic-ingredients","7":"product_cat-vulcanizing-agent","9":"first","10":"instock","11":"shipping-taxable","12":"product-type-simple"},"acf":[],"_links":{"self":[{"href":"https:\/\/wpachem.com\/vi\/wp-json\/wp\/v2\/product\/6492","targetHints":{"allow":["GET"]}}],"collection":[{"href":"https:\/\/wpachem.com\/vi\/wp-json\/wp\/v2\/product"}],"about":[{"href":"https:\/\/wpachem.com\/vi\/wp-json\/wp\/v2\/types\/product"}],"version-history":[{"count":0,"href":"https:\/\/wpachem.com\/vi\/wp-json\/wp\/v2\/product\/6492\/revisions"}],"wp:featuredmedia":[{"embeddable":true,"href":"https:\/\/wpachem.com\/vi\/wp-json\/wp\/v2\/media\/6483"}],"wp:attachment":[{"href":"https:\/\/wpachem.com\/vi\/wp-json\/wp\/v2\/media?parent=6492"}],"wp:term":[{"taxonomy":"product_brand","embeddable":true,"href":"https:\/\/wpachem.com\/vi\/wp-json\/wp\/v2\/product_brand?post=6492"},{"taxonomy":"product_cat","embeddable":true,"href":"https:\/\/wpachem.com\/vi\/wp-json\/wp\/v2\/product_cat?post=6492"},{"taxonomy":"product_tag","embeddable":true,"href":"https:\/\/wpachem.com\/vi\/wp-json\/wp\/v2\/product_tag?post=6492"}],"curies":[{"name":"wp","href":"https:\/\/api.w.org\/{rel}","templated":true}]}}