{"id":6494,"date":"2024-02-21T05:31:25","date_gmt":"2024-02-21T05:31:25","guid":{"rendered":"https:\/\/wpachem.com\/?post_type=product&#038;p=6494"},"modified":"2024-02-21T05:43:45","modified_gmt":"2024-02-21T05:43:45","slug":"dtdccld-cas-23847-08-7-dithiocaprolactame","status":"publish","type":"product","link":"https:\/\/wpachem.com\/vi\/product\/dtdccld-cas-23847-08-7-dithiocaprolactame\/","title":{"rendered":"DTDC(CLD) CAS 23847-08-7 Dithiocaprolactame"},"content":{"rendered":"<p><strong>\u0110\u1eb7c \u0111i\u1ec3m<\/strong><\/p>\n<p>Ch\u1ea5t r\u1eafn k\u1ebft tinh kh\u00f4ng m\u00e0u ho\u1eb7c h\u01a1i v\u00e0ng<\/p>\n<p><strong>\u1ee8ng d\u1ee5ng:<\/strong><\/p>\n<p>N\u00f3 c\u00f3 nhi\u1ec1u \u1ee9ng d\u1ee5ng trong ng\u00e0nh c\u00f4ng nghi\u1ec7p h\u00f3a ch\u1ea5t. N\u00f3 l\u00e0 m\u1ed9t t\u00e1c nh\u00e2n li\u00ean k\u1ebft ngang v\u00e0 ch\u1ea5t t\u0103ng t\u1ed1c l\u01b0u h\u00f3a th\u01b0\u1eddng \u0111\u01b0\u1ee3c s\u1eed d\u1ee5ng c\u00f3 th\u1ec3 \u0111\u01b0\u1ee3c s\u1eed d\u1ee5ng trong ph\u1ea3n \u1ee9ng l\u01b0u h\u00f3a c\u1ee7a c\u00e1c s\u1ea3n ph\u1ea9m cao su. Ngo\u00e0i ra, n\u00f3 c\u00f3 th\u1ec3 \u0111\u01b0\u1ee3c s\u1eed d\u1ee5ng nh\u01b0 m\u1ed9t ch\u1ea5t ch\u1ed1ng oxy h\u00f3a, ch\u1ea5t ch\u1ed1ng l\u00e3o h\u00f3a v\u00e0 ch\u1ea5t \u1ed5n \u0111\u1ecbnh. Do c\u00f3 \u0111\u1eb7c t\u00ednh ho\u1ea1t \u0111\u1ed9ng b\u1ec1 m\u1eb7t t\u1ed1t, n\u00f3 c\u0169ng \u0111\u01b0\u1ee3c s\u1eed d\u1ee5ng r\u1ed9ng r\u00e3i trong s\u1ea3n xu\u1ea5t ch\u1ea5t b\u00f4i tr\u01a1n v\u00e0 ch\u1ea5t ho\u1ea1t \u0111\u1ed9ng b\u1ec1 m\u1eb7t.<\/p>","protected":false},"excerpt":{"rendered":"<p>T\u00ean s\u1ea3n ph\u1ea9m: DTDC(CLD)<\/p>\n<p>S\u1ed1 hi\u1ec7u: 23847-08-7<\/p>\n<p>Ch\u1ea5t trung gian: C12H20N2O2S2<\/p>\n<p>Ngo\u1ea1i quan: Ch\u1ea5t r\u1eafn k\u1ebft tinh kh\u00f4ng m\u00e0u ho\u1eb7c h\u01a1i v\u00e0ng<\/p>","protected":false},"featured_media":6483,"template":"","meta":{"_acf_changed":false,"_gspb_post_css":""},"product_brand":[],"product_cat":[62,74],"product_tag":[],"class_list":{"0":"post-6494","1":"product","2":"type-product","3":"status-publish","4":"has-post-thumbnail","6":"product_cat-rubberplastic-ingredients","7":"product_cat-vulcanizing-agent","9":"first","10":"instock","11":"shipping-taxable","12":"product-type-simple"},"acf":[],"_links":{"self":[{"href":"https:\/\/wpachem.com\/vi\/wp-json\/wp\/v2\/product\/6494","targetHints":{"allow":["GET"]}}],"collection":[{"href":"https:\/\/wpachem.com\/vi\/wp-json\/wp\/v2\/product"}],"about":[{"href":"https:\/\/wpachem.com\/vi\/wp-json\/wp\/v2\/types\/product"}],"version-history":[{"count":0,"href":"https:\/\/wpachem.com\/vi\/wp-json\/wp\/v2\/product\/6494\/revisions"}],"wp:featuredmedia":[{"embeddable":true,"href":"https:\/\/wpachem.com\/vi\/wp-json\/wp\/v2\/media\/6483"}],"wp:attachment":[{"href":"https:\/\/wpachem.com\/vi\/wp-json\/wp\/v2\/media?parent=6494"}],"wp:term":[{"taxonomy":"product_brand","embeddable":true,"href":"https:\/\/wpachem.com\/vi\/wp-json\/wp\/v2\/product_brand?post=6494"},{"taxonomy":"product_cat","embeddable":true,"href":"https:\/\/wpachem.com\/vi\/wp-json\/wp\/v2\/product_cat?post=6494"},{"taxonomy":"product_tag","embeddable":true,"href":"https:\/\/wpachem.com\/vi\/wp-json\/wp\/v2\/product_tag?post=6494"}],"curies":[{"name":"wp","href":"https:\/\/api.w.org\/{rel}","templated":true}]}}