{"id":6496,"date":"2024-02-21T05:44:17","date_gmt":"2024-02-21T05:44:17","guid":{"rendered":"https:\/\/wpachem.com\/?post_type=product&#038;p=6496"},"modified":"2024-02-21T05:48:09","modified_gmt":"2024-02-21T05:48:09","slug":"zda-cas-14643-87-9-zinc-acrylate","status":"publish","type":"product","link":"https:\/\/wpachem.com\/vi\/product\/zda-cas-14643-87-9-zinc-acrylate\/","title":{"rendered":"ZDA CAS 14643-87-9 K\u1ebdm acryit"},"content":{"rendered":"<p><strong>\u0110\u1eb7c \u0111i\u1ec3m<\/strong><\/p>\n<p>Tinh th\u1ec3 kh\u00f4ng m\u00e0u ho\u1eb7c b\u1ed9t m\u00e0u tr\u1eafng<\/p>\n<p><strong>\u1ee8ng d\u1ee5ng:<\/strong><\/p>\n<p>1. \u0110\u01b0\u1ee3c s\u1eed d\u1ee5ng l\u00e0m ch\u1ea5t h\u1ed7 tr\u1ee3 c\u1ea7u n\u1ed1i peroxide \u0111\u1ec3 t\u0103ng m\u1eadt \u0111\u1ed9 li\u00ean k\u1ebft ngang, t\u0103ng t\u1ed1c \u0111\u1ed9 l\u01b0u h\u00f3a, r\u00fat ng\u1eafn th\u1eddi gian l\u01b0u h\u00f3a v\u00e0 c\u0169ng c\u1ea3i thi\u1ec7n hi\u1ec7u su\u1ea5t li\u00ean k\u1ebft v\u1edbi kim lo\u1ea1i.<br \/>\n2. S\u1ea3n ph\u1ea9m l\u01b0u h\u00f3a c\u00f3 th\u1ec3 thu \u0111\u01b0\u1ee3c li\u00ean k\u1ebft li\u00ean k\u1ebft mu\u1ed1i, t\u0103ng \u0111\u1ed9 c\u1ee9ng c\u1ee7a s\u1ea3n ph\u1ea9m, c\u1ea3i thi\u1ec7n \u0111\u00e1ng k\u1ec3 hi\u1ec7u su\u1ea5t u\u1ed1n v\u00e0 c\u1ea3i thi\u1ec7n \u0111\u1ed9 \u0111\u00e0n h\u1ed3i. 3. N\u00f3 c\u0169ng c\u00f3 th\u1ec3 \u0111\u01b0\u1ee3c s\u1eed d\u1ee5ng trong c\u00e1c h\u1ec7 th\u1ed1ng l\u01b0u h\u00f3a l\u01b0u hu\u1ef3nh \u0111\u1ec3 t\u0103ng \u0111\u1ed9 b\u1ec1n k\u00e9o v\u00e0 c\u1ea3i thi\u1ec7n c\u00e1c \u0111\u1eb7c t\u00ednh u\u1ed1n. 4. S\u1ea3n ph\u1ea9m n\u00e0y c\u00f3 kh\u1ea3 n\u0103ng ch\u1ed1ng axit, ch\u1ed1ng ki\u1ec1m, ch\u1ed1ng d\u1ea7u, ch\u1ed1ng \u0103n m\u00f2n v\u00e0 ch\u1ecbu nhi\u1ec7t \u0111\u1ed9 cao, v\u00e0 ph\u00f9 h\u1ee3p v\u1edbi NBR, SBR, BR, EPDM, EPM v\u00e0 c\u00e1c lo\u1ea1i cao su kh\u00e1c.<\/p>","protected":false},"excerpt":{"rendered":"<p>T\u00ean s\u1ea3n ph\u1ea9m: K\u1ebdm acrylate<\/p>\n<p>CAS\uff1a14643-87-9<\/p>\n<p>Ch\u1ea5t trung gian: C6H6O4Zn<\/p>\n<p>Ngo\u1ea1i quan: Tinh th\u1ec3 kh\u00f4ng m\u00e0u ho\u1eb7c b\u1ed9t m\u00e0u tr\u1eafng<\/p>","protected":false},"featured_media":5179,"template":"","meta":{"_acf_changed":false,"_gspb_post_css":""},"product_brand":[],"product_cat":[62,74],"product_tag":[],"class_list":{"0":"post-6496","1":"product","2":"type-product","3":"status-publish","4":"has-post-thumbnail","6":"product_cat-rubberplastic-ingredients","7":"product_cat-vulcanizing-agent","9":"first","10":"instock","11":"shipping-taxable","12":"product-type-simple"},"acf":[],"_links":{"self":[{"href":"https:\/\/wpachem.com\/vi\/wp-json\/wp\/v2\/product\/6496","targetHints":{"allow":["GET"]}}],"collection":[{"href":"https:\/\/wpachem.com\/vi\/wp-json\/wp\/v2\/product"}],"about":[{"href":"https:\/\/wpachem.com\/vi\/wp-json\/wp\/v2\/types\/product"}],"version-history":[{"count":0,"href":"https:\/\/wpachem.com\/vi\/wp-json\/wp\/v2\/product\/6496\/revisions"}],"wp:featuredmedia":[{"embeddable":true,"href":"https:\/\/wpachem.com\/vi\/wp-json\/wp\/v2\/media\/5179"}],"wp:attachment":[{"href":"https:\/\/wpachem.com\/vi\/wp-json\/wp\/v2\/media?parent=6496"}],"wp:term":[{"taxonomy":"product_brand","embeddable":true,"href":"https:\/\/wpachem.com\/vi\/wp-json\/wp\/v2\/product_brand?post=6496"},{"taxonomy":"product_cat","embeddable":true,"href":"https:\/\/wpachem.com\/vi\/wp-json\/wp\/v2\/product_cat?post=6496"},{"taxonomy":"product_tag","embeddable":true,"href":"https:\/\/wpachem.com\/vi\/wp-json\/wp\/v2\/product_tag?post=6496"}],"curies":[{"name":"wp","href":"https:\/\/api.w.org\/{rel}","templated":true}]}}