{"id":6498,"date":"2024-02-21T05:48:36","date_gmt":"2024-02-21T05:48:36","guid":{"rendered":"https:\/\/wpachem.com\/?post_type=product&#038;p=6498"},"modified":"2024-02-21T05:59:08","modified_gmt":"2024-02-21T05:59:08","slug":"pdm-cas-13006-93-7-nn-13-phenylene-bismaleimide","status":"publish","type":"product","link":"https:\/\/wpachem.com\/vi\/product\/pdm-cas-13006-93-7-nn-13-phenylene-bismaleimide\/","title":{"rendered":"PDM CAS 13006-93-7 N,N&#039;-1,3-Phenylene bismaleimide"},"content":{"rendered":"<p><strong>\u0110\u1eb7c \u0111i\u1ec3m<\/strong><\/p>\n<p>Pha l\u00ea \u0111en<\/p>\n<p><strong>\u1ee8ng d\u1ee5ng:<\/strong><\/p>\n<p>Ch\u1ea5t l\u01b0u h\u00f3a PM \u0111\u01b0\u1ee3c s\u1eed d\u1ee5ng r\u1ed9ng r\u00e3i trong c\u00e1c l\u0129nh v\u1ef1c nh\u01b0 b\u1ea3o v\u1ec7 ch\u1ed1ng \u0103n m\u00f2n kim lo\u1ea1i, ch\u1ebf bi\u1ebfn cao su, bi\u1ebfn t\u00ednh nh\u1ef1a v\u00e0 ph\u1ee5 gia b\u00f4i tr\u01a1n. V\u1ec1 m\u1eb7t ch\u1ed1ng \u0103n m\u00f2n kim lo\u1ea1i, ch\u1ea5t l\u01b0u h\u00f3a PM c\u00f3 th\u1ec3 \u0111\u01b0\u1ee3c s\u1eed d\u1ee5ng l\u00e0m ch\u1ea5t l\u01b0u h\u00f3a cho m\u1ea1 h\u00f3a h\u1ecdc, l\u1edbp ph\u1ee7 l\u01b0u h\u00f3a v\u00e0 cao su l\u01b0u h\u00f3a; trong ch\u1ebf bi\u1ebfn cao su, n\u00f3 c\u00f3 th\u1ec3 \u0111\u01b0\u1ee3c s\u1eed d\u1ee5ng l\u00e0m ch\u1ea5t l\u01b0u h\u00f3a \u0111\u1ec3 th\u00fac \u0111\u1ea9y ph\u1ea3n \u1ee9ng l\u01b0u h\u00f3a cao su v\u00e0 c\u1ea3i thi\u1ec7n c\u00e1c t\u00ednh ch\u1ea5t c\u01a1 h\u1ecdc c\u1ee7a cao su; trong bi\u1ebfn t\u00ednh nh\u1ef1a M\u1eb7t kh\u00e1c, ch\u1ea5t l\u01b0u h\u00f3a PM c\u00f3 th\u1ec3 \u0111\u01b0\u1ee3c s\u1eed d\u1ee5ng \u0111\u1ec3 t\u0103ng c\u00e1c t\u00ednh ch\u1ea5t l\u00e0m c\u1ee9ng nhi\u1ec7t c\u1ee7a nh\u1ef1a; trong ph\u1ee5 gia d\u1ea7u b\u00f4i tr\u01a1n, ch\u1ea5t l\u01b0u h\u00f3a PM c\u00f3 th\u1ec3 \u0111\u01b0\u1ee3c s\u1eed d\u1ee5ng \u0111\u1ec3 c\u1ea3i thi\u1ec7n c\u00e1c t\u00ednh ch\u1ea5t ch\u1ecbu \u00e1p su\u1ea5t c\u1ef1c \u0111\u1ea1i v\u00e0 ch\u1ed1ng m\u00e0i m\u00f2n c\u1ee7a d\u1ea7u b\u00f4i tr\u01a1n.<\/p>","protected":false},"excerpt":{"rendered":"<p>T\u00ean s\u1ea3n ph\u1ea9m: PDM<\/p>\n<p>CAS\uff1a3006-93-7<\/p>\n<p>MF:C14H8N2O4<\/p>\n<p>Ngo\u1ea1i h\u00ecnh: Pha l\u00ea \u0111en<\/p>","protected":false},"featured_media":3698,"template":"","meta":{"_acf_changed":false,"_gspb_post_css":""},"product_brand":[],"product_cat":[62,74],"product_tag":[],"class_list":{"0":"post-6498","1":"product","2":"type-product","3":"status-publish","4":"has-post-thumbnail","6":"product_cat-rubberplastic-ingredients","7":"product_cat-vulcanizing-agent","9":"first","10":"instock","11":"shipping-taxable","12":"product-type-simple"},"acf":[],"_links":{"self":[{"href":"https:\/\/wpachem.com\/vi\/wp-json\/wp\/v2\/product\/6498","targetHints":{"allow":["GET"]}}],"collection":[{"href":"https:\/\/wpachem.com\/vi\/wp-json\/wp\/v2\/product"}],"about":[{"href":"https:\/\/wpachem.com\/vi\/wp-json\/wp\/v2\/types\/product"}],"version-history":[{"count":0,"href":"https:\/\/wpachem.com\/vi\/wp-json\/wp\/v2\/product\/6498\/revisions"}],"wp:featuredmedia":[{"embeddable":true,"href":"https:\/\/wpachem.com\/vi\/wp-json\/wp\/v2\/media\/3698"}],"wp:attachment":[{"href":"https:\/\/wpachem.com\/vi\/wp-json\/wp\/v2\/media?parent=6498"}],"wp:term":[{"taxonomy":"product_brand","embeddable":true,"href":"https:\/\/wpachem.com\/vi\/wp-json\/wp\/v2\/product_brand?post=6498"},{"taxonomy":"product_cat","embeddable":true,"href":"https:\/\/wpachem.com\/vi\/wp-json\/wp\/v2\/product_cat?post=6498"},{"taxonomy":"product_tag","embeddable":true,"href":"https:\/\/wpachem.com\/vi\/wp-json\/wp\/v2\/product_tag?post=6498"}],"curies":[{"name":"wp","href":"https:\/\/api.w.org\/{rel}","templated":true}]}}