{"id":6502,"date":"2024-02-21T06:40:58","date_gmt":"2024-02-21T06:40:58","guid":{"rendered":"https:\/\/wpachem.com\/?post_type=product&#038;p=6502"},"modified":"2024-02-21T06:48:22","modified_gmt":"2024-02-21T06:48:22","slug":"dcbs-cas-4979-32-2-nn-dicyclohexyl-2-benzothiazolsulfene-amide","status":"publish","type":"product","link":"https:\/\/wpachem.com\/vi\/product\/dcbs-cas-4979-32-2-nn-dicyclohexyl-2-benzothiazolsulfene-amide\/","title":{"rendered":"DCBS CAS 4979-32-2 N,N-Dicyclohexyl-2-benzothiazolsulfene amide"},"content":{"rendered":"<p><strong>\u0110\u1eb7c \u0111i\u1ec3m<\/strong><\/p>\n<p>M\u00e0u v\u00e0ng nh\u1ea1t \u0111\u1ebfn m\u00e0u be nh\u1ea1t<\/p>\n<p><strong>\u1ee8ng d\u1ee5ng:<\/strong><\/p>\n<p>N\u00f3 \u0111\u01b0\u1ee3c s\u1eed d\u1ee5ng nh\u01b0 m\u1ed9t ch\u1ea5t t\u0103ng t\u1ed1c h\u1eadu hi\u1ec7u \u1ee9ng cho cao su thi\u00ean nhi\u00ean, cao su butadien, butylaniline, cao su isopentyl, v.v. T\u00ednh ch\u1ea5t ph\u00e2n t\u00e1n t\u1ed1t trong cao su. Th\u1eddi gian ch\u00e1y x\u00e9m trong h\u1ee3p ch\u1ea5t cao su thi\u00ean nhi\u00ean d\u00e0i h\u01a1n ch\u1ea5t t\u0103ng t\u1ed1c DIBS, do \u0111\u00f3 \u0111\u1ed9 an to\u00e0n khi v\u1eadn h\u00e0nh cao h\u01a1n. T\u1ed1c \u0111\u1ed9 l\u01b0u h\u00f3a \u1edf nhi\u1ec7t \u0111\u1ed9 l\u01b0u h\u00f3a t\u01b0\u01a1ng t\u1ef1 nh\u01b0 ch\u1ea5t t\u0103ng t\u1ed1c DIBS. \u0110\u1ed9 ph\u1eb3ng l\u01b0u h\u00f3a t\u01b0\u01a1ng t\u1ef1 nh\u01b0 ch\u1ea5t t\u0103ng t\u1ed1c CZ. L\u01b0u h\u00f3a b\u1eb1ng h\u01a1i n\u01b0\u1edbc kh\u00f4ng khu\u00f4n c\u1ee7a cao su ch\u1ee9a s\u1ea3n ph\u1ea9m n\u00e0y nhanh h\u01a1n m\u1ed9t ch\u00fat so v\u1edbi l\u01b0u h\u00f3a ph\u1eb3ng. N\u00f3 ph\u00f9 h\u1ee3p v\u1edbi c\u00e1c v\u1eadt li\u1ec7u cao su c\u00f3 l\u01b0\u1ee3ng l\u1edbn ch\u1ea5t gia c\u01b0\u1eddng c\u00f3 ho\u1ea1t t\u00ednh cao v\u00e0 c\u0169ng ph\u00f9 h\u1ee3p v\u1edbi c\u00e1c v\u1eadt li\u1ec7u cao su ch\u1ee7 y\u1ebfu bao g\u1ed3m cao su polybutadien ho\u1eb7c cao su t\u00e1i ch\u1ebf. C\u00e1c t\u00ednh ch\u1ea5t c\u01a1 h\u1ecdc c\u1ee7a cao su l\u01b0u h\u00f3a, \u0111\u1eb7c bi\u1ec7t l\u00e0 c\u00e1c t\u00ednh ch\u1ea5t \u0111\u1ed9ng, t\u01b0\u01a1ng \u0111\u1ed1i t\u1ed1t v\u00e0 \u0111\u1ed9 \u0111\u00e0n h\u1ed3i v\u00e0 \u0111\u1ed9 b\u1ec1n k\u00e9o d\u00e0i cao. Do cao su l\u01b0u h\u00f3a c\u00f3 v\u1ecb \u0111\u1eafng n\u00ean kh\u00f4ng ph\u00f9 h\u1ee3p \u0111\u1ec3 s\u1ea3n xu\u1ea5t c\u00e1c s\u1ea3n ph\u1ea9m cao su ti\u1ebfp x\u00fac v\u1edbi th\u1ef1c ph\u1ea9m. Ch\u1ee7 y\u1ebfu \u0111\u01b0\u1ee3c s\u1eed d\u1ee5ng trong s\u1ea3n xu\u1ea5t l\u1ed1p xe, b\u0103ng keo, s\u1ea3n ph\u1ea9m gi\u1ea3m x\u00f3c v\u00e0 cao su l\u00f3t \u0111\u1ec3 t\u00e1i t\u1ea1o l\u1ed1p xe.<\/p>","protected":false},"excerpt":{"rendered":"<p>T\u00ean s\u1ea3n ph\u1ea9m: DCBS<\/p>\n<p>CAS\uff1a4979-32-2<\/p>\n<p>M\u1ea0NG L\u01af\u1ee2NG: C19H26N2S2<\/p>\n<p>Ngo\u1ea1i h\u00ecnh: Ch\u1ea5t r\u1eafn m\u00e0u v\u00e0ng nh\u1ea1t \u0111\u1ebfn m\u00e0u be nh\u1ea1t<\/p>","protected":false},"featured_media":6483,"template":"","meta":{"_acf_changed":false,"_gspb_post_css":""},"product_brand":[],"product_cat":[62,73],"product_tag":[],"class_list":{"0":"post-6502","1":"product","2":"type-product","3":"status-publish","4":"has-post-thumbnail","6":"product_cat-rubberplastic-ingredients","7":"product_cat-rubber-antioxidant","9":"first","10":"instock","11":"shipping-taxable","12":"product-type-simple"},"acf":[],"_links":{"self":[{"href":"https:\/\/wpachem.com\/vi\/wp-json\/wp\/v2\/product\/6502","targetHints":{"allow":["GET"]}}],"collection":[{"href":"https:\/\/wpachem.com\/vi\/wp-json\/wp\/v2\/product"}],"about":[{"href":"https:\/\/wpachem.com\/vi\/wp-json\/wp\/v2\/types\/product"}],"version-history":[{"count":0,"href":"https:\/\/wpachem.com\/vi\/wp-json\/wp\/v2\/product\/6502\/revisions"}],"wp:featuredmedia":[{"embeddable":true,"href":"https:\/\/wpachem.com\/vi\/wp-json\/wp\/v2\/media\/6483"}],"wp:attachment":[{"href":"https:\/\/wpachem.com\/vi\/wp-json\/wp\/v2\/media?parent=6502"}],"wp:term":[{"taxonomy":"product_brand","embeddable":true,"href":"https:\/\/wpachem.com\/vi\/wp-json\/wp\/v2\/product_brand?post=6502"},{"taxonomy":"product_cat","embeddable":true,"href":"https:\/\/wpachem.com\/vi\/wp-json\/wp\/v2\/product_cat?post=6502"},{"taxonomy":"product_tag","embeddable":true,"href":"https:\/\/wpachem.com\/vi\/wp-json\/wp\/v2\/product_tag?post=6502"}],"curies":[{"name":"wp","href":"https:\/\/api.w.org\/{rel}","templated":true}]}}