{"id":6504,"date":"2024-02-21T06:49:13","date_gmt":"2024-02-21T06:49:13","guid":{"rendered":"https:\/\/wpachem.com\/?post_type=product&#038;p=6504"},"modified":"2024-02-21T06:51:11","modified_gmt":"2024-02-21T06:51:11","slug":"cbbs-cas-3264-02-6-n-benzothiazol-2-ylthio-n-cyclohexylbenzothiazole-2-sulphenamide","status":"publish","type":"product","link":"https:\/\/wpachem.com\/vi\/product\/cbbs-cas-3264-02-6-n-benzothiazol-2-ylthio-n-cyclohexylbenzothiazole-2-sulphenamide\/","title":{"rendered":"CBBS CAS 3264-02-6 N-(benzothiazol-2-ylthio)-N-cyclohexylbenzothiazole-2-sulphenamide"},"content":{"rendered":"<p><strong>\u0110\u1eb7c \u0111i\u1ec3m<\/strong><\/p>\n<p>M\u00e0u v\u00e0ng nh\u1ea1t \u0111\u1ebfn m\u00e0u be nh\u1ea1t<\/p>\n<p><strong>\u1ee8ng d\u1ee5ng:<\/strong><\/p>\n<p>\u0110\u00e2y l\u00e0 ch\u1ea5t t\u0103ng t\u1ed1c b\u00e1n si\u00eau t\u1ed1c sau t\u00e1c d\u1ee5ng c\u00f3 ho\u1ea1t t\u00ednh cao v\u1edbi kh\u1ea3 n\u0103ng ch\u1ed1ng ch\u00e1y x\u00e9m tuy\u1ec7t v\u1eddi, x\u1eed l\u00fd an to\u00e0n v\u00e0 th\u1eddi gian l\u01b0u h\u00f3a ng\u1eafn. Th\u00eam ch\u1ea5t t\u0103ng t\u1ed1c ki\u1ec1m, ch\u1eb3ng h\u1ea1n nh\u01b0 thiuram v\u00e0 dithiocarbamates, c\u00f3 th\u1ec3 t\u0103ng c\u01b0\u1eddng ho\u1ea1t \u0111\u1ed9ng c\u1ee7a n\u00f3. N\u00f3 ph\u00f9 h\u1ee3p v\u1edbi m\u1ecdi lo\u1ea1i cao su, c\u00f3 \u0111\u1ed9 \u0111\u1ed5i m\u00e0u nh\u1eb9 v\u00e0 kh\u00f4ng n\u1edf hoa. C\u00e1c s\u1ea3n ph\u1ea9m cao su l\u01b0u h\u00f3a c\u00f3 kh\u1ea3 n\u0103ng ch\u1ed1ng l\u00e3o h\u00f3a, c\u00f3 \u0111\u1ed9 b\u1ec1n k\u00e9o v\u00e0 \u0111\u1ed9 gi\u00e3n d\u00e0i cao, v\u00e0 ph\u00f9 h\u1ee3p \u0111\u1ec3 s\u1ea3n xu\u1ea5t c\u00e1c s\u1ea3n ph\u1ea9m cao su c\u00f4ng nghi\u1ec7p nh\u01b0 l\u1ed1p xe, gi\u00e0y cao su v\u00e0 c\u00e1p. N\u00f3 ph\u00f9 h\u1ee3p v\u1edbi c\u00e1c v\u1eadt li\u1ec7u cao su s\u1eed d\u1ee5ng \u0111en l\u00f2, ch\u1eb3ng h\u1ea1n nh\u01b0 cao su thi\u00ean nhi\u00ean, cao su butyl, cao su isopren, cao su styren-butadien, cao su nitrile, cao su EPDM, v.v. N\u00f3 \u0111\u01b0\u1ee3c \u0111\u1eb7c tr\u01b0ng b\u1edfi kh\u1ea3 n\u0103ng ch\u1ed1ng ch\u00e1y x\u00e9m tuy\u1ec7t v\u1eddi v\u00e0 th\u1eddi gian l\u01b0u h\u00f3a ng\u1eafn. , kh\u00f4ng n\u1edf hoa, ch\u1ed1ng l\u00e3o h\u00f3a, s\u1ea3n ph\u1ea9m ch\u1ed1ng nhi\u1ec7t, n\u1ee9t v\u00e0 m\u00e0i m\u00f2n. C\u00f3 th\u1ec3 s\u1eed d\u1ee5ng ri\u00eang nh\u01b0 m\u1ed9t ch\u1ea5t t\u0103ng t\u1ed1c l\u01b0u h\u00f3a ho\u1eb7c k\u1ebft h\u1ee3p v\u1edbi c\u00e1c ch\u1ea5t t\u0103ng t\u1ed1c kh\u00e1c nh\u01b0 D, DT, TT, TS, v.v. \u0110\u01b0\u1ee3c s\u1eed d\u1ee5ng \u0111\u1ec3 chu\u1ea9n b\u1ecb l\u1ed1p xe, b\u0103ng keo, c\u00e1p, \u1ed1ng m\u1ec1m v\u00e0 c\u00e1c v\u1eadt t\u01b0 c\u00f4ng nghi\u1ec7p n\u00f3i chung kh\u00e1c.<\/p>","protected":false},"excerpt":{"rendered":"<p>T\u00ean s\u1ea3n ph\u1ea9m: CBBS<\/p>\n<p>S\u1ed1 CAS: 3264-02-6<\/p>\n<p>M\u00e3 s\u1ed1: C20H19N3S4<\/p>\n<p>Ngo\u1ea1i h\u00ecnh: Ch\u1ea5t r\u1eafn m\u00e0u v\u00e0ng nh\u1ea1t \u0111\u1ebfn m\u00e0u be nh\u1ea1t<\/p>","protected":false},"featured_media":6483,"template":"","meta":{"_acf_changed":false,"_gspb_post_css":""},"product_brand":[],"product_cat":[62,73],"product_tag":[],"class_list":{"0":"post-6504","1":"product","2":"type-product","3":"status-publish","4":"has-post-thumbnail","6":"product_cat-rubberplastic-ingredients","7":"product_cat-rubber-antioxidant","9":"first","10":"instock","11":"shipping-taxable","12":"product-type-simple"},"acf":[],"_links":{"self":[{"href":"https:\/\/wpachem.com\/vi\/wp-json\/wp\/v2\/product\/6504","targetHints":{"allow":["GET"]}}],"collection":[{"href":"https:\/\/wpachem.com\/vi\/wp-json\/wp\/v2\/product"}],"about":[{"href":"https:\/\/wpachem.com\/vi\/wp-json\/wp\/v2\/types\/product"}],"version-history":[{"count":0,"href":"https:\/\/wpachem.com\/vi\/wp-json\/wp\/v2\/product\/6504\/revisions"}],"wp:featuredmedia":[{"embeddable":true,"href":"https:\/\/wpachem.com\/vi\/wp-json\/wp\/v2\/media\/6483"}],"wp:attachment":[{"href":"https:\/\/wpachem.com\/vi\/wp-json\/wp\/v2\/media?parent=6504"}],"wp:term":[{"taxonomy":"product_brand","embeddable":true,"href":"https:\/\/wpachem.com\/vi\/wp-json\/wp\/v2\/product_brand?post=6504"},{"taxonomy":"product_cat","embeddable":true,"href":"https:\/\/wpachem.com\/vi\/wp-json\/wp\/v2\/product_cat?post=6504"},{"taxonomy":"product_tag","embeddable":true,"href":"https:\/\/wpachem.com\/vi\/wp-json\/wp\/v2\/product_tag?post=6504"}],"curies":[{"name":"wp","href":"https:\/\/api.w.org\/{rel}","templated":true}]}}