{"id":6506,"date":"2024-02-21T06:53:52","date_gmt":"2024-02-21T06:53:52","guid":{"rendered":"https:\/\/wpachem.com\/?post_type=product&#038;p=6506"},"modified":"2024-02-21T06:56:08","modified_gmt":"2024-02-21T06:56:08","slug":"mbtm-cas-149-30-4-2-mercaptobenzothiazole","status":"publish","type":"product","link":"https:\/\/wpachem.com\/vi\/product\/mbtm-cas-149-30-4-2-mercaptobenzothiazole\/","title":{"rendered":"MBT(M) CAS 149-30-4 2-Mercaptobenzothiazol"},"content":{"rendered":"<p><strong>\u0110\u1eb7c \u0111i\u1ec3m<\/strong><\/p>\n<p>Kim \u0111\u01a1n nghi\u00eang m\u00e0u v\u00e0ng nh\u1ea1t ho\u1eb7c tinh th\u1ec3 v\u1ea3y<\/p>\n<p><strong>\u1ee8ng d\u1ee5ng:<\/strong><\/p>\n<p>L\u00e0 ch\u1ea5t x\u00fac ti\u1ebfn l\u01b0u h\u00f3a chung, s\u1ea3n ph\u1ea9m n\u00e0y \u0111\u01b0\u1ee3c s\u1eed d\u1ee5ng r\u1ed9ng r\u00e3i trong nhi\u1ec1u lo\u1ea1i cao su. N\u00f3 c\u00f3 t\u00e1c d\u1ee5ng t\u0103ng t\u1ed1c nhanh \u0111\u1ed1i v\u1edbi cao su thi\u00ean nhi\u00ean v\u00e0 cao su t\u1ed5ng h\u1ee3p th\u01b0\u1eddng l\u01b0u h\u00f3a b\u1eb1ng l\u01b0u hu\u1ef3nh. Tuy nhi\u00ean, vi\u1ec7c s\u1eed d\u1ee5ng n\u00f3 \u0111\u00f2i h\u1ecfi ph\u1ea3i \u0111\u01b0\u1ee3c ho\u1ea1t h\u00f3a b\u1eb1ng k\u1ebdm oxit, axit b\u00e9o, v.v. Th\u01b0\u1eddng \u0111\u01b0\u1ee3c s\u1eed d\u1ee5ng k\u1ebft h\u1ee3p v\u1edbi c\u00e1c h\u1ec7 th\u1ed1ng x\u00fac ti\u1ebfn kh\u00e1c, ch\u1eb3ng h\u1ea1n nh\u01b0 thiuram dithiocarbamate v\u00e0 tellurium dithiocarbamate, n\u00f3 c\u00f3 th\u1ec3 \u0111\u01b0\u1ee3c s\u1eed d\u1ee5ng l\u00e0m ch\u1ea5t x\u00fac ti\u1ebfn cho cao su butyl; n\u00f3 c\u00f3 th\u1ec3 \u0111\u01b0\u1ee3c s\u1eed d\u1ee5ng v\u1edbi tribasic ch\u00ec maleat cho c\u00e1c \u1ee9ng d\u1ee5ng ch\u1ed1ng n\u01b0\u1edbc, m\u00e0u s\u00e1ng. c\u1ee7a cao su polyethylene chlorosulfonat. N\u00f3 th\u01b0\u1eddng \u0111\u01b0\u1ee3c s\u1eed d\u1ee5ng c\u00f9ng v\u1edbi dithiocarbamate trong m\u1ee7 cao su, v\u00e0 khi s\u1eed d\u1ee5ng c\u00f9ng v\u1edbi diethyldithiocarbamate diethylamine, n\u00f3 c\u00f3 th\u1ec3 \u0111\u01b0\u1ee3c l\u01b0u h\u00f3a \u1edf nhi\u1ec7t \u0111\u1ed9 ph\u00f2ng. S\u1ea3n ph\u1ea9m n\u00e0y d\u1ec5 ph\u00e2n t\u00e1n trong cao su v\u00e0 kh\u00f4ng g\u00e2y \u00f4 nhi\u1ec5m. Tuy nhi\u00ean, do c\u00f3 v\u1ecb \u0111\u1eafng n\u00ean kh\u00f4ng th\u00edch h\u1ee3p \u0111\u1ec3 s\u1eed d\u1ee5ng trong c\u00e1c s\u1ea3n ph\u1ea9m cao su ti\u1ebfp x\u00fac v\u1edbi th\u1ef1c ph\u1ea9m. Ch\u1ea5t t\u0103ng t\u1ed1c M l\u00e0 ch\u1ea5t trung gian c\u1ee7a ch\u1ea5t t\u0103ng t\u1ed1c MZ, DM, NS, DIBS, CA, DZ, NOBS, MDB, v.v., 2-mercaptobenzothiazole v\u00e0 1-amino-4-nitroanthraquinone v\u00e0 kali cacbonat trong dimethyl Reflux trong formamide trong 3 gi\u1edd \u0111\u1ec3 chu\u1ea9n b\u1ecb thu\u1ed1c nhu\u1ed9m Disperse Red S-GL (CIDisperseRed121). Thu\u1ed1c nhu\u1ed9m n\u00e0y \u0111\u01b0\u1ee3c s\u1eed d\u1ee5ng \u0111\u1ec3 nhu\u1ed9m polyester v\u00e0 c\u00e1c lo\u1ea1i v\u1ea3i pha tr\u1ed9n c\u1ee7a n\u00f3. 2-Mercaptobenzothiazole c\u00f2n \u0111\u01b0\u1ee3c g\u1ecdi l\u00e0 ch\u1ea5t l\u00e0m s\u00e1ng m\u1ea1 \u0111\u1ed3ng c\u00f3 t\u00ednh axit M khi \u0111\u01b0\u1ee3c s\u1eed d\u1ee5ng l\u00e0m ph\u1ee5 gia m\u1ea1 \u0111i\u1ec7n. N\u00f3 \u0111\u01b0\u1ee3c s\u1eed d\u1ee5ng nh\u01b0 ch\u1ea5t l\u00e0m s\u00e1ng tr\u1ee3 gi\u00fap lan truy\u1ec1n trong m\u1ea1 \u0111\u1ed3ng s\u00e1ng v\u1edbi \u0111\u1ed3ng sunfat l\u00e0 mu\u1ed1i ch\u00ednh. Ngo\u00e0i ra, s\u1ea3n ph\u1ea9m n\u00e0y c\u00f2n \u0111\u01b0\u1ee3c s\u1eed d\u1ee5ng \u0111\u1ec3 \u0111i\u1ec1u ch\u1ebf thu\u1ed1c tr\u1eeb s\u00e2u di\u1ec7t n\u1ea5m, ch\u1ea5t hi\u1ec7p \u0111\u1ed3ng ph\u00e2n b\u00f3n nit\u01a1, d\u1ea7u c\u1eaft v\u00e0 ph\u1ee5 gia b\u00f4i tr\u01a1n, ch\u1ea5t ch\u1ed1ng tro h\u00f3a h\u1eefu c\u01a1 trong h\u00f3a h\u1ecdc nhi\u1ebfp \u1ea3nh, ch\u1ea5t \u1ee9c ch\u1ebf \u0103n m\u00f2n kim lo\u1ea1i, v.v. Ngo\u00e0i ra, n\u00f3 l\u00e0 thu\u1ed1c th\u1eed \u0111\u1ec3 ph\u00e2n t\u00edch h\u00f3a h\u1ecdc. S\u1ea3n ph\u1ea9m n\u00e0y c\u00f3 \u0111\u1ed9c t\u00ednh th\u1ea5p v\u00e0 kh\u00f4ng g\u00e2y k\u00edch \u1ee9ng cho da v\u00e0 ni\u00eam m\u1ea1c.<\/p>","protected":false},"excerpt":{"rendered":"<p>T\u00ean s\u1ea3n ph\u1ea9m: MBT(M)<\/p>\n<p>CAS\uff1a149-30-4<\/p>\n<p>Nguy\u00ean t\u1eed: C7H5NS2<\/p>\n<p>Ngo\u1ea1i quan: Kim \u0111\u01a1n nghi\u00eang m\u00e0u v\u00e0ng nh\u1ea1t ho\u1eb7c tinh th\u1ec3 v\u1ea3y<\/p>","protected":false},"featured_media":6483,"template":"","meta":{"_acf_changed":false,"_gspb_post_css":""},"product_brand":[],"product_cat":[62,73],"product_tag":[],"class_list":{"0":"post-6506","1":"product","2":"type-product","3":"status-publish","4":"has-post-thumbnail","6":"product_cat-rubberplastic-ingredients","7":"product_cat-rubber-antioxidant","9":"first","10":"instock","11":"shipping-taxable","12":"product-type-simple"},"acf":[],"_links":{"self":[{"href":"https:\/\/wpachem.com\/vi\/wp-json\/wp\/v2\/product\/6506","targetHints":{"allow":["GET"]}}],"collection":[{"href":"https:\/\/wpachem.com\/vi\/wp-json\/wp\/v2\/product"}],"about":[{"href":"https:\/\/wpachem.com\/vi\/wp-json\/wp\/v2\/types\/product"}],"version-history":[{"count":0,"href":"https:\/\/wpachem.com\/vi\/wp-json\/wp\/v2\/product\/6506\/revisions"}],"wp:featuredmedia":[{"embeddable":true,"href":"https:\/\/wpachem.com\/vi\/wp-json\/wp\/v2\/media\/6483"}],"wp:attachment":[{"href":"https:\/\/wpachem.com\/vi\/wp-json\/wp\/v2\/media?parent=6506"}],"wp:term":[{"taxonomy":"product_brand","embeddable":true,"href":"https:\/\/wpachem.com\/vi\/wp-json\/wp\/v2\/product_brand?post=6506"},{"taxonomy":"product_cat","embeddable":true,"href":"https:\/\/wpachem.com\/vi\/wp-json\/wp\/v2\/product_cat?post=6506"},{"taxonomy":"product_tag","embeddable":true,"href":"https:\/\/wpachem.com\/vi\/wp-json\/wp\/v2\/product_tag?post=6506"}],"curies":[{"name":"wp","href":"https:\/\/api.w.org\/{rel}","templated":true}]}}