{"id":6510,"date":"2024-02-21T06:57:52","date_gmt":"2024-02-21T06:57:52","guid":{"rendered":"https:\/\/wpachem.com\/?post_type=product&#038;p=6510"},"modified":"2024-02-21T07:00:54","modified_gmt":"2024-02-21T07:00:54","slug":"mbtsdm-cas-120-78-5-22-dithiobisbenzothiazole","status":"publish","type":"product","link":"https:\/\/wpachem.com\/vi\/product\/mbtsdm-cas-120-78-5-22-dithiobisbenzothiazole\/","title":{"rendered":"MBTS(DM) CAS 120-78-5 2,2\u2032-Dithiobis(benzothiazole)"},"content":{"rendered":"<p><strong>\u0110\u1eb7c \u0111i\u1ec3m<\/strong><\/p>\n<p>Tinh th\u1ec3 kim m\u00e0u v\u00e0ng nh\u1ea1t<\/p>\n<p><strong>\u1ee8ng d\u1ee5ng:<\/strong><\/p>\n<p>Ch\u1ea5t x\u00fac ti\u1ebfn cho cao su thi\u00ean nhi\u00ean v\u00e0 nhi\u1ec1u lo\u1ea1i cao su t\u1ed5ng h\u1ee3p, c\u00f3 th\u1ec3 t\u1ea1o ra qu\u00e1 tr\u00ecnh l\u01b0u h\u00f3a ph\u1eb3ng v\u00e0 t\u1ed1c \u0111\u1ed9 trung b\u00ecnh, c\u00f3 nhi\u1ec7t \u0111\u1ed9 l\u01b0u h\u00f3a cao, c\u00f3 h\u1eadu qu\u1ea3 \u0111\u00e1ng k\u1ec3, s\u1ebd kh\u00f4ng l\u01b0u h\u00f3a s\u1edbm, an to\u00e0n khi v\u1eadn h\u00e0nh, d\u1ec5 ph\u00e2n t\u00e1n, kh\u00f4ng g\u00e2y \u00f4 nhi\u1ec5m v\u00e0 cao su l\u01b0u h\u00f3a c\u00f3 kh\u1ea3 n\u0103ng ch\u1ed1ng l\u00e3o h\u00f3a. S\u1ea3n ph\u1ea9m n\u00e0y c\u00f3 t\u1ed1c \u0111\u1ed9 l\u01b0u h\u00f3a ch\u1eadm khi s\u1eed d\u1ee5ng ri\u00eang l\u1ebb. N\u00f3 th\u01b0\u1eddng \u0111\u01b0\u1ee3c s\u1eed d\u1ee5ng k\u1ebft h\u1ee3p v\u1edbi ch\u1ea5t x\u00fac ti\u1ebfn thiuram, dithiocarbamates, aldehyde amin v\u00e0 guanidine. N\u00f3 l\u00e0 ch\u1ea5t ch\u1ed1ng ch\u00e1y tuy\u1ec7t v\u1eddi cho neoprene lo\u1ea1i G. Ch\u1ee7 y\u1ebfu \u0111\u01b0\u1ee3c s\u1eed d\u1ee5ng trong s\u1ea3n xu\u1ea5t l\u1ed1p xe, \u1ed1ng cao su, gi\u00e0y cao su, b\u0103ng keo v\u00e0 c\u00e1c s\u1ea3n ph\u1ea9m c\u00f4ng nghi\u1ec7p n\u00f3i chung kh\u00e1c. N\u00f3 c\u0169ng c\u00f3 th\u1ec3 ho\u1ea1t \u0111\u1ed9ng nh\u01b0 ch\u1ea5t h\u00f3a d\u1ebbo ho\u1eb7c ch\u1ea5t l\u00e0m ch\u1eadm trong neoprene.<\/p>","protected":false},"excerpt":{"rendered":"<p>T\u00ean s\u1ea3n ph\u1ea9m: MBTS(DM)<\/p>\n<p>CAS\uff1a120-78-5<\/p>\n<p>MF: C14H8N2S4<\/p>\n<p>Ngo\u1ea1i quan: Tinh th\u1ec3 kim m\u00e0u v\u00e0ng nh\u1ea1t<\/p>","protected":false},"featured_media":6483,"template":"","meta":{"_acf_changed":false,"_gspb_post_css":""},"product_brand":[],"product_cat":[62,73],"product_tag":[],"class_list":{"0":"post-6510","1":"product","2":"type-product","3":"status-publish","4":"has-post-thumbnail","6":"product_cat-rubberplastic-ingredients","7":"product_cat-rubber-antioxidant","9":"first","10":"instock","11":"shipping-taxable","12":"product-type-simple"},"acf":[],"_links":{"self":[{"href":"https:\/\/wpachem.com\/vi\/wp-json\/wp\/v2\/product\/6510","targetHints":{"allow":["GET"]}}],"collection":[{"href":"https:\/\/wpachem.com\/vi\/wp-json\/wp\/v2\/product"}],"about":[{"href":"https:\/\/wpachem.com\/vi\/wp-json\/wp\/v2\/types\/product"}],"version-history":[{"count":0,"href":"https:\/\/wpachem.com\/vi\/wp-json\/wp\/v2\/product\/6510\/revisions"}],"wp:featuredmedia":[{"embeddable":true,"href":"https:\/\/wpachem.com\/vi\/wp-json\/wp\/v2\/media\/6483"}],"wp:attachment":[{"href":"https:\/\/wpachem.com\/vi\/wp-json\/wp\/v2\/media?parent=6510"}],"wp:term":[{"taxonomy":"product_brand","embeddable":true,"href":"https:\/\/wpachem.com\/vi\/wp-json\/wp\/v2\/product_brand?post=6510"},{"taxonomy":"product_cat","embeddable":true,"href":"https:\/\/wpachem.com\/vi\/wp-json\/wp\/v2\/product_cat?post=6510"},{"taxonomy":"product_tag","embeddable":true,"href":"https:\/\/wpachem.com\/vi\/wp-json\/wp\/v2\/product_tag?post=6510"}],"curies":[{"name":"wp","href":"https:\/\/api.w.org\/{rel}","templated":true}]}}