{"id":6512,"date":"2024-02-21T07:01:50","date_gmt":"2024-02-21T07:01:50","guid":{"rendered":"https:\/\/wpachem.com\/?post_type=product&#038;p=6512"},"modified":"2024-02-21T07:04:40","modified_gmt":"2024-02-21T07:04:40","slug":"tmtdtt-cas-137-26-8-tetramethylthiuram-disulfide","status":"publish","type":"product","link":"https:\/\/wpachem.com\/vi\/product\/tmtdtt-cas-137-26-8-tetramethylthiuram-disulfide\/","title":{"rendered":"TMTD(TT) CAS 137-26-8 Tetramethylthiuram Disulfide"},"content":{"rendered":"<p><strong>\u0110\u1eb7c \u0111i\u1ec3m<\/strong><\/p>\n<p>Tinh th\u1ec3 kh\u00f4ng m\u00e0u, kh\u00f4ng m\u00f9i<\/p>\n<p><strong>\u1ee8ng d\u1ee5ng:<\/strong><\/p>\n<p>Th\u00edch h\u1ee3p cho cao su thi\u00ean nhi\u00ean, cao su t\u1ed5ng h\u1ee3p, m\u1ee7 cao su v\u00e0 c\u00f3 th\u1ec3 d\u00f9ng l\u00e0m ch\u1ea5t l\u01b0u h\u00f3a. S\u1ea3n ph\u1ea9m n\u00e0y l\u00e0 ch\u1ea5t x\u00fac ti\u1ebfn th\u1ee9 hai tuy\u1ec7t v\u1eddi cho ch\u1ea5t x\u00fac ti\u1ebfn thiazole v\u00e0 c\u00f3 th\u1ec3 d\u00f9ng c\u00f9ng v\u1edbi c\u00e1c ch\u1ea5t x\u00fac ti\u1ebfn kh\u00e1c l\u00e0m ch\u1ea5t x\u00fac ti\u1ebfn cho h\u1ee3p ch\u1ea5t cao su l\u01b0u h\u00f3a li\u00ean t\u1ee5c.<\/p>","protected":false},"excerpt":{"rendered":"<p>T\u00ean s\u1ea3n ph\u1ea9m: TMTD(TT)<\/p>\n<p>CAS\uff1a137-26-8<\/p>\n<p>Nguy\u00ean t\u1eed: C6H12N2S4<\/p>\n<p>Ngo\u1ea1i quan: Tinh th\u1ec3 kh\u00f4ng m\u00e0u, kh\u00f4ng m\u00f9i<\/p>","protected":false},"featured_media":5182,"template":"","meta":{"_acf_changed":false,"_gspb_post_css":""},"product_brand":[],"product_cat":[62,73],"product_tag":[],"class_list":{"0":"post-6512","1":"product","2":"type-product","3":"status-publish","4":"has-post-thumbnail","6":"product_cat-rubberplastic-ingredients","7":"product_cat-rubber-antioxidant","9":"first","10":"instock","11":"shipping-taxable","12":"product-type-simple"},"acf":[],"_links":{"self":[{"href":"https:\/\/wpachem.com\/vi\/wp-json\/wp\/v2\/product\/6512","targetHints":{"allow":["GET"]}}],"collection":[{"href":"https:\/\/wpachem.com\/vi\/wp-json\/wp\/v2\/product"}],"about":[{"href":"https:\/\/wpachem.com\/vi\/wp-json\/wp\/v2\/types\/product"}],"version-history":[{"count":0,"href":"https:\/\/wpachem.com\/vi\/wp-json\/wp\/v2\/product\/6512\/revisions"}],"wp:featuredmedia":[{"embeddable":true,"href":"https:\/\/wpachem.com\/vi\/wp-json\/wp\/v2\/media\/5182"}],"wp:attachment":[{"href":"https:\/\/wpachem.com\/vi\/wp-json\/wp\/v2\/media?parent=6512"}],"wp:term":[{"taxonomy":"product_brand","embeddable":true,"href":"https:\/\/wpachem.com\/vi\/wp-json\/wp\/v2\/product_brand?post=6512"},{"taxonomy":"product_cat","embeddable":true,"href":"https:\/\/wpachem.com\/vi\/wp-json\/wp\/v2\/product_cat?post=6512"},{"taxonomy":"product_tag","embeddable":true,"href":"https:\/\/wpachem.com\/vi\/wp-json\/wp\/v2\/product_tag?post=6512"}],"curies":[{"name":"wp","href":"https:\/\/api.w.org\/{rel}","templated":true}]}}