{"id":6514,"date":"2024-02-21T07:07:36","date_gmt":"2024-02-21T07:07:36","guid":{"rendered":"https:\/\/wpachem.com\/?post_type=product&#038;p=6514"},"modified":"2024-02-21T07:12:52","modified_gmt":"2024-02-21T07:12:52","slug":"mbs-nobscas-102-77-2-2-morpholinothiobenzothiazole","status":"publish","type":"product","link":"https:\/\/wpachem.com\/vi\/product\/mbs-nobscas-102-77-2-2-morpholinothiobenzothiazole\/","title":{"rendered":"MBS (NOBS)CAS 102-77-2 2-(Morpholinothio)benzothiazol"},"content":{"rendered":"<p><strong>\u0110\u1eb7c \u0111i\u1ec3m<\/strong><\/p>\n<p>Tinh th\u1ec3 d\u1ea1ng v\u1ea3y m\u00e0u v\u00e0ng nh\u1ea1t \u0111\u1ebfn n\u00e2u<\/p>\n<p><strong>\u1ee8ng d\u1ee5ng:<\/strong><\/p>\n<p>L\u00e0 ch\u1ea5t x\u00fac ti\u1ebfn l\u01b0u h\u00f3a sau t\u00e1c d\u1ee5ng c\u00f3 ho\u1ea1t t\u00ednh th\u1ea5p, \u0111\u1ed9 d\u1ebbo l\u1edbn, th\u1eddi gian l\u01b0u h\u00f3a ng\u1eafn, kh\u1ea3 n\u0103ng ch\u1ed1ng ch\u00e1y tuy\u1ec7t v\u1eddi, gia c\u00f4ng an to\u00e0n, d\u1ec5 ph\u00e2n t\u00e1n, kh\u00f4ng n\u1edf hoa, \u0111\u1ed5i m\u00e0u nh\u1eb9, th\u00edch h\u1ee3p cho cao su thi\u00ean nhi\u00ean v\u00e0 cao su t\u1ed5ng h\u1ee3p. Ch\u1ee7 y\u1ebfu d\u00f9ng trong s\u1ea3n xu\u1ea5t l\u1ed1p xe, \u1ed1ng m\u1ec1m, gi\u00e0y cao su, b\u0103ng t\u1ea3i v\u00e0 c\u00e1c s\u1ea3n ph\u1ea9m cao su c\u00f4ng nghi\u1ec7p kh\u00e1c.<\/p>","protected":false},"excerpt":{"rendered":"<p>T\u00ean s\u1ea3n ph\u1ea9m: MBS (NOBS)<\/p>\n<p>CAS\uff1a102-77-2<\/p>\n<p>MF: C11H12N2OS2<\/p>\n<p>Ngo\u1ea1i quan: Tinh th\u1ec3 d\u1ea1ng v\u1ea3y m\u00e0u v\u00e0ng nh\u1ea1t \u0111\u1ebfn n\u00e2u<\/p>","protected":false},"featured_media":6515,"template":"","meta":{"_acf_changed":false,"_gspb_post_css":""},"product_brand":[],"product_cat":[62,73],"product_tag":[],"class_list":{"0":"post-6514","1":"product","2":"type-product","3":"status-publish","4":"has-post-thumbnail","6":"product_cat-rubberplastic-ingredients","7":"product_cat-rubber-antioxidant","9":"first","10":"instock","11":"shipping-taxable","12":"product-type-simple"},"acf":[],"_links":{"self":[{"href":"https:\/\/wpachem.com\/vi\/wp-json\/wp\/v2\/product\/6514","targetHints":{"allow":["GET"]}}],"collection":[{"href":"https:\/\/wpachem.com\/vi\/wp-json\/wp\/v2\/product"}],"about":[{"href":"https:\/\/wpachem.com\/vi\/wp-json\/wp\/v2\/types\/product"}],"version-history":[{"count":0,"href":"https:\/\/wpachem.com\/vi\/wp-json\/wp\/v2\/product\/6514\/revisions"}],"wp:featuredmedia":[{"embeddable":true,"href":"https:\/\/wpachem.com\/vi\/wp-json\/wp\/v2\/media\/6515"}],"wp:attachment":[{"href":"https:\/\/wpachem.com\/vi\/wp-json\/wp\/v2\/media?parent=6514"}],"wp:term":[{"taxonomy":"product_brand","embeddable":true,"href":"https:\/\/wpachem.com\/vi\/wp-json\/wp\/v2\/product_brand?post=6514"},{"taxonomy":"product_cat","embeddable":true,"href":"https:\/\/wpachem.com\/vi\/wp-json\/wp\/v2\/product_cat?post=6514"},{"taxonomy":"product_tag","embeddable":true,"href":"https:\/\/wpachem.com\/vi\/wp-json\/wp\/v2\/product_tag?post=6514"}],"curies":[{"name":"wp","href":"https:\/\/api.w.org\/{rel}","templated":true}]}}