{"id":6519,"date":"2024-02-21T07:21:18","date_gmt":"2024-02-21T07:21:18","guid":{"rendered":"https:\/\/wpachem.com\/?post_type=product&#038;p=6519"},"modified":"2024-02-21T07:24:32","modified_gmt":"2024-02-21T07:24:32","slug":"zdbc-cas-136-23-2","status":"publish","type":"product","link":"https:\/\/wpachem.com\/vi\/product\/zdbc-cas-136-23-2\/","title":{"rendered":"ZDBC CAS 136-23-2"},"content":{"rendered":"<p><strong>\u0110\u1eb7c \u0111i\u1ec3m<\/strong><\/p>\n<p>B\u1ed9t m\u00e0u tr\u1eafng s\u1eefa ho\u1eb7c tr\u1eafng ng\u00e0 c\u00f3 m\u00f9i \u0111\u1eb7c bi\u1ec7t<\/p>\n<p><strong>\u1ee8ng d\u1ee5ng:<\/strong><\/p>\n<p>Th\u01b0\u1eddng \u0111\u01b0\u1ee3c s\u1eed d\u1ee5ng c\u00f9ng v\u1edbi ch\u1ea5t ch\u1ed1ng oxy h\u00f3a ch\u00ednh trong polypropylene v\u00e0 polyvinyl clorua. N\u00f3 c\u0169ng \u0111\u01b0\u1ee3c s\u1eed d\u1ee5ng l\u00e0m ch\u1ea5t k\u1ebft d\u00ednh cao su, ch\u1ea5t t\u0103ng t\u1ed1c \u0111\u00f3ng r\u1eafn latex, cao su thi\u00ean nhi\u00ean, cao su t\u1ed5ng h\u1ee3p v\u00e0 ch\u1ea5t si\u00eau t\u0103ng t\u1ed1c latex.<\/p>","protected":false},"excerpt":{"rendered":"<p>T\u00ean s\u1ea3n ph\u1ea9m: ZDBC<\/p>\n<p>CAS\uff1a136-23-2<\/p>\n<p>Ch\u1ea5t: C18H36N2S4Zn<\/p>\n<p>Ngo\u1ea1i quan: B\u1ed9t m\u00e0u tr\u1eafng s\u1eefa ho\u1eb7c tr\u1eafng ng\u00e0 c\u00f3 m\u00f9i \u0111\u1eb7c bi\u1ec7t<\/p>","protected":false},"featured_media":2176,"template":"","meta":{"_acf_changed":false,"_gspb_post_css":""},"product_brand":[],"product_cat":[62,73],"product_tag":[],"class_list":{"0":"post-6519","1":"product","2":"type-product","3":"status-publish","4":"has-post-thumbnail","6":"product_cat-rubberplastic-ingredients","7":"product_cat-rubber-antioxidant","9":"first","10":"instock","11":"shipping-taxable","12":"product-type-simple"},"acf":[],"_links":{"self":[{"href":"https:\/\/wpachem.com\/vi\/wp-json\/wp\/v2\/product\/6519","targetHints":{"allow":["GET"]}}],"collection":[{"href":"https:\/\/wpachem.com\/vi\/wp-json\/wp\/v2\/product"}],"about":[{"href":"https:\/\/wpachem.com\/vi\/wp-json\/wp\/v2\/types\/product"}],"version-history":[{"count":0,"href":"https:\/\/wpachem.com\/vi\/wp-json\/wp\/v2\/product\/6519\/revisions"}],"wp:featuredmedia":[{"embeddable":true,"href":"https:\/\/wpachem.com\/vi\/wp-json\/wp\/v2\/media\/2176"}],"wp:attachment":[{"href":"https:\/\/wpachem.com\/vi\/wp-json\/wp\/v2\/media?parent=6519"}],"wp:term":[{"taxonomy":"product_brand","embeddable":true,"href":"https:\/\/wpachem.com\/vi\/wp-json\/wp\/v2\/product_brand?post=6519"},{"taxonomy":"product_cat","embeddable":true,"href":"https:\/\/wpachem.com\/vi\/wp-json\/wp\/v2\/product_cat?post=6519"},{"taxonomy":"product_tag","embeddable":true,"href":"https:\/\/wpachem.com\/vi\/wp-json\/wp\/v2\/product_tag?post=6519"}],"curies":[{"name":"wp","href":"https:\/\/api.w.org\/{rel}","templated":true}]}}