{"id":6521,"date":"2024-02-21T07:24:41","date_gmt":"2024-02-21T07:24:41","guid":{"rendered":"https:\/\/wpachem.com\/?post_type=product&#038;p=6521"},"modified":"2024-02-21T07:27:39","modified_gmt":"2024-02-21T07:27:39","slug":"zdeczdc%e3%80%81ez-cas-14324-55-1-ethyl-ziram","status":"publish","type":"product","link":"https:\/\/wpachem.com\/vi\/product\/zdeczdc%e3%80%81ez-cas-14324-55-1-ethyl-ziram\/","title":{"rendered":"ZDEC(ZDC\u3001EZ) CAS 14324-55-1 Ethyl ziram"},"content":{"rendered":"<p><strong>\u0110\u1eb7c \u0111i\u1ec3m<\/strong><\/p>\n<p>Tinh th\u1ec3 m\u00e0u tr\u1eafng<\/p>\n<p><strong>\u1ee8ng d\u1ee5ng:<\/strong><\/p>\n<p>Ch\u1ea5t x\u00fac ti\u1ebfn ZDC l\u00e0 ch\u1ea5t x\u00fac ti\u1ebfn si\u00eau t\u1ed1c cho cao su thi\u00ean nhi\u00ean v\u00e0 nhi\u1ec1u lo\u1ea1i cao su t\u1ed5ng h\u1ee3p. \u0110\u00e2y l\u00e0 m\u1ed9t lo\u1ea1i mu\u1ed1i k\u1ebdm dithiocarbamate ti\u00eau bi\u1ec3u v\u00e0 c\u0169ng l\u00e0 ch\u1ea5t x\u00fac ti\u1ebfn ph\u1ed5 bi\u1ebfn cho m\u1ee7 cao su. S\u1ea3n ph\u1ea9m n\u00e0y kh\u00f4ng g\u00e2y \u00f4 nhi\u1ec5m, kh\u00f4ng \u0111\u1ed5i m\u00e0u, kh\u00f4ng m\u00f9i, kh\u00f4ng v\u1ecb v\u00e0 kh\u00f4ng \u0111\u1ed9c h\u1ea1i. Ch\u1ea5t x\u00fac ti\u1ebfn ki\u1ec1m c\u00f3 t\u00e1c d\u1ee5ng ho\u1ea1t h\u00f3a. N\u00f3 c\u00f3 kh\u1ea3 n\u0103ng ph\u00e2n t\u00e1n t\u1ed1t v\u00e0 c\u00f3 th\u1ec3 c\u1ea3i thi\u1ec7n \u0111\u1ed9 b\u1ec1n k\u00e9o v\u00e0 \u0111\u1ed9 \u0111\u00e0n h\u1ed3i c\u1ee7a cao su l\u01b0u h\u00f3a. N\u00f3 c\u00f3 kh\u1ea3 n\u0103ng ph\u00e2n t\u00e1n t\u1ed1t trong cao su v\u00e0 c\u00f3 th\u1ec3 c\u1ea3i thi\u1ec7n \u0111\u1ed9 b\u1ec1n k\u00e9o v\u00e0 \u0111\u1ed9 \u0111\u00e0n h\u1ed3i c\u1ee7a cao su l\u01b0u h\u00f3a. Ch\u1ea5t ch\u1ed1ng oxy h\u00f3a n\u00ean \u0111\u01b0\u1ee3c th\u00eam v\u00e0o NR v\u00e0 IR \u0111\u1ec3 c\u1ea3i thi\u1ec7n kh\u1ea3 n\u0103ng ch\u1ecbu nhi\u1ec7t. Ch\u1ea5t x\u00fac ti\u1ebfn ZDC c\u0169ng c\u00f3 th\u1ec3 \u0111\u01b0\u1ee3c s\u1eed d\u1ee5ng nh\u01b0 m\u1ed9t ch\u1ea5t ch\u1ed1ng oxy h\u00f3a trong h\u1ec7 th\u1ed1ng ch\u1ea5t k\u1ebft d\u00ednh.<\/p>","protected":false},"excerpt":{"rendered":"<p>T\u00ean s\u1ea3n ph\u1ea9m: ZDEC(ZDC\u3001EZ)<\/p>\n<p>CAS\uff1a14324-55-1<\/p>\n<p>Ch\u1ea5t: C10H20N2S4Zn<\/p>\n<p>Ngo\u1ea1i quan: Tinh th\u1ec3 m\u00e0u tr\u1eafng<\/p>","protected":false},"featured_media":5182,"template":"","meta":{"_acf_changed":false,"_gspb_post_css":""},"product_brand":[],"product_cat":[62,73],"product_tag":[],"class_list":{"0":"post-6521","1":"product","2":"type-product","3":"status-publish","4":"has-post-thumbnail","6":"product_cat-rubberplastic-ingredients","7":"product_cat-rubber-antioxidant","9":"first","10":"instock","11":"shipping-taxable","12":"product-type-simple"},"acf":[],"_links":{"self":[{"href":"https:\/\/wpachem.com\/vi\/wp-json\/wp\/v2\/product\/6521","targetHints":{"allow":["GET"]}}],"collection":[{"href":"https:\/\/wpachem.com\/vi\/wp-json\/wp\/v2\/product"}],"about":[{"href":"https:\/\/wpachem.com\/vi\/wp-json\/wp\/v2\/types\/product"}],"version-history":[{"count":0,"href":"https:\/\/wpachem.com\/vi\/wp-json\/wp\/v2\/product\/6521\/revisions"}],"wp:featuredmedia":[{"embeddable":true,"href":"https:\/\/wpachem.com\/vi\/wp-json\/wp\/v2\/media\/5182"}],"wp:attachment":[{"href":"https:\/\/wpachem.com\/vi\/wp-json\/wp\/v2\/media?parent=6521"}],"wp:term":[{"taxonomy":"product_brand","embeddable":true,"href":"https:\/\/wpachem.com\/vi\/wp-json\/wp\/v2\/product_brand?post=6521"},{"taxonomy":"product_cat","embeddable":true,"href":"https:\/\/wpachem.com\/vi\/wp-json\/wp\/v2\/product_cat?post=6521"},{"taxonomy":"product_tag","embeddable":true,"href":"https:\/\/wpachem.com\/vi\/wp-json\/wp\/v2\/product_tag?post=6521"}],"curies":[{"name":"wp","href":"https:\/\/api.w.org\/{rel}","templated":true}]}}