{"id":6524,"date":"2024-02-21T07:28:31","date_gmt":"2024-02-21T07:28:31","guid":{"rendered":"https:\/\/wpachem.com\/?post_type=product&#038;p=6524"},"modified":"2024-02-21T07:34:30","modified_gmt":"2024-02-21T07:34:30","slug":"dpgd-cas-102-06-7-n-cyclohexyl-2-benzothiazolesulfenamide-copy","status":"publish","type":"product","link":"https:\/\/wpachem.com\/vi\/product\/dpgd-cas-102-06-7-n-cyclohexyl-2-benzothiazolesulfenamide-copy\/","title":{"rendered":"DPG(D) CAS 102-06-7 1,3-Diphenylguanidine"},"content":{"rendered":"<p><strong>\u0110\u1eb7c \u0111i\u1ec3m<\/strong><\/p>\n<p>B\u1ed9t tr\u1eafng<\/p>\n<p><strong>\u1ee8ng d\u1ee5ng:<\/strong><\/p>\n<p>Baitong th\u00edch h\u1ee3p cho cao su thi\u00ean nhi\u00ean v\u00e0 cao su t\u1ed5ng h\u1ee3p, kh\u00f4ng th\u00edch h\u1ee3p cho cao su latex. Ch\u1ee7 y\u1ebfu d\u00f9ng trong s\u1ea3n xu\u1ea5t c\u00e1c s\u1ea3n ph\u1ea9m c\u00f4ng nghi\u1ec7p cao su nh\u01b0 l\u1ed1p xe, t\u1ea5m cao su, gi\u00e0y cao su.<\/p>","protected":false},"excerpt":{"rendered":"<p>T\u00ean s\u1ea3n ph\u1ea9m: DPG(D)<\/p>\n<p>CAS\uff1a102-06-7<\/p>\n<p>Nguy\u00ean t\u1eed: C13H13N3<\/p>\n<p>Ngo\u1ea1i quan: B\u1ed9t m\u00e0u tr\u1eafng<\/p>","protected":false},"featured_media":5179,"template":"","meta":{"_acf_changed":false,"_gspb_post_css":""},"product_brand":[],"product_cat":[62,73],"product_tag":[],"class_list":{"0":"post-6524","1":"product","2":"type-product","3":"status-publish","4":"has-post-thumbnail","6":"product_cat-rubberplastic-ingredients","7":"product_cat-rubber-antioxidant","9":"first","10":"instock","11":"shipping-taxable","12":"product-type-simple"},"acf":[],"_links":{"self":[{"href":"https:\/\/wpachem.com\/vi\/wp-json\/wp\/v2\/product\/6524","targetHints":{"allow":["GET"]}}],"collection":[{"href":"https:\/\/wpachem.com\/vi\/wp-json\/wp\/v2\/product"}],"about":[{"href":"https:\/\/wpachem.com\/vi\/wp-json\/wp\/v2\/types\/product"}],"version-history":[{"count":0,"href":"https:\/\/wpachem.com\/vi\/wp-json\/wp\/v2\/product\/6524\/revisions"}],"wp:featuredmedia":[{"embeddable":true,"href":"https:\/\/wpachem.com\/vi\/wp-json\/wp\/v2\/media\/5179"}],"wp:attachment":[{"href":"https:\/\/wpachem.com\/vi\/wp-json\/wp\/v2\/media?parent=6524"}],"wp:term":[{"taxonomy":"product_brand","embeddable":true,"href":"https:\/\/wpachem.com\/vi\/wp-json\/wp\/v2\/product_brand?post=6524"},{"taxonomy":"product_cat","embeddable":true,"href":"https:\/\/wpachem.com\/vi\/wp-json\/wp\/v2\/product_cat?post=6524"},{"taxonomy":"product_tag","embeddable":true,"href":"https:\/\/wpachem.com\/vi\/wp-json\/wp\/v2\/product_tag?post=6524"}],"curies":[{"name":"wp","href":"https:\/\/api.w.org\/{rel}","templated":true}]}}