{"id":6527,"date":"2024-02-21T07:31:21","date_gmt":"2024-02-21T07:31:21","guid":{"rendered":"https:\/\/wpachem.com\/?post_type=product&#038;p=6527"},"modified":"2024-02-21T07:33:45","modified_gmt":"2024-02-21T07:33:45","slug":"tbbs%ef%bc%88ns%ef%bc%89-cas-95-31-8-n-tert-butyl-2-benzothiazolesulfenamide","status":"publish","type":"product","link":"https:\/\/wpachem.com\/vi\/product\/tbbs%ef%bc%88ns%ef%bc%89-cas-95-31-8-n-tert-butyl-2-benzothiazolesulfenamide\/","title":{"rendered":"TBBS\uff08NS\uff09 CAS 95-31-8 N-tert-Butyl-2-benzothiazolesulfenamide"},"content":{"rendered":"<p><strong>\u0110\u1eb7c \u0111i\u1ec3m<\/strong><\/p>\n<p>B\u1ed9t m\u00e0u n\u00e2u v\u00e0ng nh\u1ea1t<\/p>\n<p><strong>\u1ee8ng d\u1ee5ng:<\/strong><\/p>\n<p>S\u1ea3n ph\u1ea9m n\u00e0y l\u00e0 ch\u1ea5t t\u0103ng t\u1ed1c h\u1eadu t\u00e1c d\u1ee5ng cho cao su thi\u00ean nhi\u00ean, cao su butadien, cao su isopentyl, cao su styren-butadien v\u00e0 cao su t\u00e1i ch\u1ebf. N\u00f3 \u0111\u1eb7c bi\u1ec7t th\u00edch h\u1ee3p cho cao su \u0111en cacbon c\u00f3 t\u00ednh ki\u1ec1m m\u1ea1nh. N\u00f3 an to\u00e0n \u1edf nhi\u1ec7t \u0111\u1ed9 ho\u1ea1t \u0111\u1ed9ng, c\u00f3 kh\u1ea3 n\u0103ng ch\u1ed1ng ch\u00e1y x\u00e9m m\u1ea1nh, t\u1ed1c \u0111\u1ed9 l\u01b0u h\u00f3a nhanh v\u00e0 \u0111\u1ed9 gi\u00e3n d\u00e0i cao, c\u00f3 th\u1ec3 l\u00e0m t\u0103ng t\u1ef7 l\u1ec7 s\u1eed d\u1ee5ng cao su t\u1ed5ng h\u1ee3p. \u0110\u1ed9c t\u00ednh th\u1ea5p v\u00e0 hi\u1ec7u qu\u1ea3 cao, n\u00f3 l\u00e0 ch\u1ea5t thay th\u1ebf l\u00fd t\u01b0\u1edfng cho NOBS. N\u00f3 c\u00f3 hi\u1ec7u su\u1ea5t to\u00e0n di\u1ec7n tuy\u1ec7t v\u1eddi v\u00e0 \u0111\u01b0\u1ee3c g\u1ecdi l\u00e0 ch\u1ea5t t\u0103ng t\u1ed1c ti\u00eau chu\u1ea9n. \u0110\u01b0\u1ee3c s\u1eed d\u1ee5ng r\u1ed9ng r\u00e3i trong s\u1ea3n xu\u1ea5t l\u1ed1p xe b\u00e1n k\u00ednh. N\u00f3 c\u00f3 th\u1ec3 \u0111\u01b0\u1ee3c s\u1eed d\u1ee5ng c\u00f9ng v\u1edbi ch\u1ea5t t\u0103ng t\u1ed1c aldehyde amin, guanidine v\u00e0 thiuram. Khi \u0111\u01b0\u1ee3c s\u1eed d\u1ee5ng c\u00f9ng v\u1edbi ch\u1ea5t ch\u1ed1ng ch\u00e1y x\u00e9m PVI, n\u00f3 t\u1ea1o th\u00e0nh m\u1ed9t h\u1ec7 th\u1ed1ng l\u01b0u h\u00f3a t\u1ed1t. Ch\u1ee7 y\u1ebfu \u0111\u01b0\u1ee3c s\u1eed d\u1ee5ng trong s\u1ea3n xu\u1ea5t v\u00e0 ch\u1ebf t\u1ea1o l\u1ed1p xe, gi\u00e0y cao su, \u1ed1ng cao su, b\u0103ng keo v\u00e0 c\u00e1p.<\/p>","protected":false},"excerpt":{"rendered":"<p>T\u00ean s\u1ea3n ph\u1ea9m: TBBS\uff08NS\uff09<\/p>\n<p>CAS: 95-31-8<\/p>\n<p>M\u1ea0NG L\u01af\u1ee2NG: C11H14N2S2<\/p>\n<p>Ngo\u1ea1i quan: B\u1ed9t m\u00e0u n\u00e2u v\u00e0ng nh\u1ea1t<\/p>","protected":false},"featured_media":6483,"template":"","meta":{"_acf_changed":false,"_gspb_post_css":""},"product_brand":[],"product_cat":[62,73],"product_tag":[],"class_list":{"0":"post-6527","1":"product","2":"type-product","3":"status-publish","4":"has-post-thumbnail","6":"product_cat-rubberplastic-ingredients","7":"product_cat-rubber-antioxidant","9":"first","10":"instock","11":"shipping-taxable","12":"product-type-simple"},"acf":[],"_links":{"self":[{"href":"https:\/\/wpachem.com\/vi\/wp-json\/wp\/v2\/product\/6527","targetHints":{"allow":["GET"]}}],"collection":[{"href":"https:\/\/wpachem.com\/vi\/wp-json\/wp\/v2\/product"}],"about":[{"href":"https:\/\/wpachem.com\/vi\/wp-json\/wp\/v2\/types\/product"}],"version-history":[{"count":0,"href":"https:\/\/wpachem.com\/vi\/wp-json\/wp\/v2\/product\/6527\/revisions"}],"wp:featuredmedia":[{"embeddable":true,"href":"https:\/\/wpachem.com\/vi\/wp-json\/wp\/v2\/media\/6483"}],"wp:attachment":[{"href":"https:\/\/wpachem.com\/vi\/wp-json\/wp\/v2\/media?parent=6527"}],"wp:term":[{"taxonomy":"product_brand","embeddable":true,"href":"https:\/\/wpachem.com\/vi\/wp-json\/wp\/v2\/product_brand?post=6527"},{"taxonomy":"product_cat","embeddable":true,"href":"https:\/\/wpachem.com\/vi\/wp-json\/wp\/v2\/product_cat?post=6527"},{"taxonomy":"product_tag","embeddable":true,"href":"https:\/\/wpachem.com\/vi\/wp-json\/wp\/v2\/product_tag?post=6527"}],"curies":[{"name":"wp","href":"https:\/\/api.w.org\/{rel}","templated":true}]}}