{"id":6529,"date":"2024-02-21T07:34:01","date_gmt":"2024-02-21T07:34:01","guid":{"rendered":"https:\/\/wpachem.com\/?post_type=product&#038;p=6529"},"modified":"2024-02-21T07:37:29","modified_gmt":"2024-02-21T07:37:29","slug":"tbsi-cas-3741-80-8-nn-bis13-benzothiazol-2-ylsulfanyl-2-methylpropan-2-amine","status":"publish","type":"product","link":"https:\/\/wpachem.com\/vi\/product\/tbsi-cas-3741-80-8-nn-bis13-benzothiazol-2-ylsulfanyl-2-methylpropan-2-amine\/","title":{"rendered":"TBSI CAS 3741-80-8 N,N-bis(1,3-benzothiazol-2-ylsulfanyl)-2-methylpropan-2-amine"},"content":{"rendered":"<p><strong>\u0110\u1eb7c \u0111i\u1ec3m<\/strong><\/p>\n<p>Ch\u1ea5t r\u1eafn m\u00e0u tr\u1eafng ho\u1eb7c tr\u1eafng ng\u00e0<\/p>\n<p><strong>\u1ee8ng d\u1ee5ng:<\/strong><\/p>\n<p>L\u00e0 ch\u1ea5t h\u1ed7 tr\u1ee3 ch\u1ebf bi\u1ebfn \u0111\u01b0\u1ee3c s\u1eed d\u1ee5ng r\u1ed9ng r\u00e3i trong ng\u00e0nh cao su. N\u00f3 \u0111\u00f3ng vai tr\u00f2 l\u00e0 ch\u1ea5t t\u0103ng t\u1ed1c li\u00ean k\u1ebft ch\u00e9o trong qu\u00e1 tr\u00ecnh l\u01b0u h\u00f3a c\u00e1c s\u1ea3n ph\u1ea9m cao su, c\u00f3 th\u1ec3 c\u1ea3i thi\u1ec7n t\u1ed1c \u0111\u1ed9 l\u01b0u h\u00f3a v\u00e0 c\u00e1c t\u00ednh ch\u1ea5t v\u1eadt l\u00fd c\u1ee7a cao su, ch\u1eb3ng h\u1ea1n nh\u01b0 kh\u1ea3 n\u0103ng ch\u1ed1ng m\u00e0i m\u00f2n, ch\u1ed1ng l\u00e3o h\u00f3a, v.v.<\/p>","protected":false},"excerpt":{"rendered":"<p>T\u00ean s\u1ea3n ph\u1ea9m: TBSI<\/p>\n<p>CAS\uff1a3741-80-8<\/p>\n<p>M\u00e3 s\u1ed1: C18H17N3S4<\/p>\n<p>Ngo\u1ea1i quan: Ch\u1ea5t r\u1eafn m\u00e0u tr\u1eafng ho\u1eb7c tr\u1eafng ng\u00e0<\/p>","protected":false},"featured_media":5179,"template":"","meta":{"_acf_changed":false,"_gspb_post_css":""},"product_brand":[],"product_cat":[62,73],"product_tag":[],"class_list":{"0":"post-6529","1":"product","2":"type-product","3":"status-publish","4":"has-post-thumbnail","6":"product_cat-rubberplastic-ingredients","7":"product_cat-rubber-antioxidant","9":"first","10":"instock","11":"shipping-taxable","12":"product-type-simple"},"acf":[],"_links":{"self":[{"href":"https:\/\/wpachem.com\/vi\/wp-json\/wp\/v2\/product\/6529","targetHints":{"allow":["GET"]}}],"collection":[{"href":"https:\/\/wpachem.com\/vi\/wp-json\/wp\/v2\/product"}],"about":[{"href":"https:\/\/wpachem.com\/vi\/wp-json\/wp\/v2\/types\/product"}],"version-history":[{"count":0,"href":"https:\/\/wpachem.com\/vi\/wp-json\/wp\/v2\/product\/6529\/revisions"}],"wp:featuredmedia":[{"embeddable":true,"href":"https:\/\/wpachem.com\/vi\/wp-json\/wp\/v2\/media\/5179"}],"wp:attachment":[{"href":"https:\/\/wpachem.com\/vi\/wp-json\/wp\/v2\/media?parent=6529"}],"wp:term":[{"taxonomy":"product_brand","embeddable":true,"href":"https:\/\/wpachem.com\/vi\/wp-json\/wp\/v2\/product_brand?post=6529"},{"taxonomy":"product_cat","embeddable":true,"href":"https:\/\/wpachem.com\/vi\/wp-json\/wp\/v2\/product_cat?post=6529"},{"taxonomy":"product_tag","embeddable":true,"href":"https:\/\/wpachem.com\/vi\/wp-json\/wp\/v2\/product_tag?post=6529"}],"curies":[{"name":"wp","href":"https:\/\/api.w.org\/{rel}","templated":true}]}}