{"id":6532,"date":"2024-02-21T07:37:44","date_gmt":"2024-02-21T07:37:44","guid":{"rendered":"https:\/\/wpachem.com\/?post_type=product&#038;p=6532"},"modified":"2024-02-21T07:40:35","modified_gmt":"2024-02-21T07:40:35","slug":"zdmcpz-cas-137-30-4-zinc-dimethyldithiocarbamate","status":"publish","type":"product","link":"https:\/\/wpachem.com\/vi\/product\/zdmcpz-cas-137-30-4-zinc-dimethyldithiocarbamate\/","title":{"rendered":"ZDMC(PZ) CAS 137-30-4 K\u1ebdm dimethyldithiocarbamate"},"content":{"rendered":"<p><strong>\u0110\u1eb7c \u0111i\u1ec3m<\/strong><\/p>\n<p>Ch\u1ea5t r\u1eafn m\u00e0u v\u00e0ng nh\u1ea1t<\/p>\n<p><strong>\u1ee8ng d\u1ee5ng:<\/strong><\/p>\n<p>\u0110\u01b0\u1ee3c s\u1eed d\u1ee5ng nh\u01b0 m\u1ed9t ch\u1ea5t t\u0103ng t\u1ed1c hi\u1ec7u qu\u1ea3, n\u00f3 c\u00f3 t\u00ednh ch\u1ea5t ph\u00e2n t\u00e1n t\u1ed1t trong cao su, mang l\u1ea1i cho c\u00e1c s\u1ea3n ph\u1ea9m cao su t\u00ednh ch\u1ea5t c\u01a1 h\u1ecdc t\u1ed1t v\u00e0 th\u00edch h\u1ee3p cho l\u1ed1p xe, b\u0103ng keo, v.v.<\/p>","protected":false},"excerpt":{"rendered":"<p>T\u00ean s\u1ea3n ph\u1ea9m: ZDMC(PZ)<\/p>\n<p>CAS\uff1a137-30-4<\/p>\n<p>Nguy\u00ean t\u1eed: C6H12N2S4Zn1<\/p>\n<p>Ngo\u1ea1i quan: Ch\u1ea5t r\u1eafn m\u00e0u v\u00e0ng nh\u1ea1t<\/p>","protected":false},"featured_media":6483,"template":"","meta":{"_acf_changed":false,"_gspb_post_css":""},"product_brand":[],"product_cat":[62,73],"product_tag":[],"class_list":{"0":"post-6532","1":"product","2":"type-product","3":"status-publish","4":"has-post-thumbnail","6":"product_cat-rubberplastic-ingredients","7":"product_cat-rubber-antioxidant","9":"first","10":"instock","11":"shipping-taxable","12":"product-type-simple"},"acf":[],"_links":{"self":[{"href":"https:\/\/wpachem.com\/vi\/wp-json\/wp\/v2\/product\/6532","targetHints":{"allow":["GET"]}}],"collection":[{"href":"https:\/\/wpachem.com\/vi\/wp-json\/wp\/v2\/product"}],"about":[{"href":"https:\/\/wpachem.com\/vi\/wp-json\/wp\/v2\/types\/product"}],"version-history":[{"count":0,"href":"https:\/\/wpachem.com\/vi\/wp-json\/wp\/v2\/product\/6532\/revisions"}],"wp:featuredmedia":[{"embeddable":true,"href":"https:\/\/wpachem.com\/vi\/wp-json\/wp\/v2\/media\/6483"}],"wp:attachment":[{"href":"https:\/\/wpachem.com\/vi\/wp-json\/wp\/v2\/media?parent=6532"}],"wp:term":[{"taxonomy":"product_brand","embeddable":true,"href":"https:\/\/wpachem.com\/vi\/wp-json\/wp\/v2\/product_brand?post=6532"},{"taxonomy":"product_cat","embeddable":true,"href":"https:\/\/wpachem.com\/vi\/wp-json\/wp\/v2\/product_cat?post=6532"},{"taxonomy":"product_tag","embeddable":true,"href":"https:\/\/wpachem.com\/vi\/wp-json\/wp\/v2\/product_tag?post=6532"}],"curies":[{"name":"wp","href":"https:\/\/api.w.org\/{rel}","templated":true}]}}