{"id":6536,"date":"2024-02-21T07:43:12","date_gmt":"2024-02-21T07:43:12","guid":{"rendered":"https:\/\/wpachem.com\/?post_type=product&#038;p=6536"},"modified":"2024-02-21T07:47:18","modified_gmt":"2024-02-21T07:47:18","slug":"zepcpxznepdc-cas-14634-93-6-zinc-ethylphenyl-dithiocarbamate","status":"publish","type":"product","link":"https:\/\/wpachem.com\/vi\/product\/zepcpxznepdc-cas-14634-93-6-zinc-ethylphenyl-dithiocarbamate\/","title":{"rendered":"ZEPC(PX,ZnEPDC) CAS 14634-93-6 K\u1ebdm etylphenyl dithiocarbamate"},"content":{"rendered":"<p><strong>\u0110\u1eb7c \u0111i\u1ec3m<\/strong><\/p>\n<p>B\u1ed9t m\u00e0u tr\u1eafng ho\u1eb7c v\u00e0ng<\/p>\n<p><strong>\u1ee8ng d\u1ee5ng:<\/strong><\/p>\n<p>N\u00f3 \u0111\u01b0\u1ee3c s\u1eed d\u1ee5ng nh\u01b0 m\u1ed9t ch\u1ea5t t\u0103ng t\u1ed1c si\u00eau t\u1ed1c, th\u00edch h\u1ee3p cho qu\u00e1 tr\u00ecnh l\u01b0u h\u00f3a latex, v\u00e0 c\u00f3 th\u1ec3 \u0111\u01b0\u1ee3c s\u1eed d\u1ee5ng \u0111\u1ec3 s\u1ea3n xu\u1ea5t latex t\u1ea9m v\u00e0 c\u00e1c s\u1ea3n ph\u1ea9m kh\u00e1c ti\u1ebfp x\u00fac v\u1edbi th\u1ef1c ph\u1ea9m. N\u00f3 c\u0169ng c\u00f3 th\u1ec3 \u0111\u01b0\u1ee3c s\u1eed d\u1ee5ng nh\u01b0 m\u1ed9t ch\u1ea5t ho\u1ea1t h\u00f3a cho ch\u1ea5t t\u0103ng t\u1ed1c thiazole.<\/p>","protected":false},"excerpt":{"rendered":"<p>T\u00ean s\u1ea3n ph\u1ea9m: ZEPC(PX,ZnEPDC)<\/p>\n<p>CAS\uff1a14634-93-6<\/p>\n<p>Ch\u1ea5t: C18H20N2S4Zn<\/p>\n<p>Ngo\u1ea1i quan: B\u1ed9t m\u00e0u tr\u1eafng ho\u1eb7c v\u00e0ng<\/p>","protected":false},"featured_media":6483,"template":"","meta":{"_acf_changed":false,"_gspb_post_css":""},"product_brand":[],"product_cat":[62,73],"product_tag":[],"class_list":{"0":"post-6536","1":"product","2":"type-product","3":"status-publish","4":"has-post-thumbnail","6":"product_cat-rubberplastic-ingredients","7":"product_cat-rubber-antioxidant","9":"first","10":"instock","11":"shipping-taxable","12":"product-type-simple"},"acf":[],"_links":{"self":[{"href":"https:\/\/wpachem.com\/vi\/wp-json\/wp\/v2\/product\/6536","targetHints":{"allow":["GET"]}}],"collection":[{"href":"https:\/\/wpachem.com\/vi\/wp-json\/wp\/v2\/product"}],"about":[{"href":"https:\/\/wpachem.com\/vi\/wp-json\/wp\/v2\/types\/product"}],"version-history":[{"count":0,"href":"https:\/\/wpachem.com\/vi\/wp-json\/wp\/v2\/product\/6536\/revisions"}],"wp:featuredmedia":[{"embeddable":true,"href":"https:\/\/wpachem.com\/vi\/wp-json\/wp\/v2\/media\/6483"}],"wp:attachment":[{"href":"https:\/\/wpachem.com\/vi\/wp-json\/wp\/v2\/media?parent=6536"}],"wp:term":[{"taxonomy":"product_brand","embeddable":true,"href":"https:\/\/wpachem.com\/vi\/wp-json\/wp\/v2\/product_brand?post=6536"},{"taxonomy":"product_cat","embeddable":true,"href":"https:\/\/wpachem.com\/vi\/wp-json\/wp\/v2\/product_cat?post=6536"},{"taxonomy":"product_tag","embeddable":true,"href":"https:\/\/wpachem.com\/vi\/wp-json\/wp\/v2\/product_tag?post=6536"}],"curies":[{"name":"wp","href":"https:\/\/api.w.org\/{rel}","templated":true}]}}