{"id":6538,"date":"2024-02-21T07:47:38","date_gmt":"2024-02-21T07:47:38","guid":{"rendered":"https:\/\/wpachem.com\/?post_type=product&#038;p=6538"},"modified":"2024-02-21T07:55:34","modified_gmt":"2024-02-21T07:55:34","slug":"zdibc%ef%bc%88ibz%ef%bc%89-cas-36190-62-2-zinc-diisobutyldithiocarbamate","status":"publish","type":"product","link":"https:\/\/wpachem.com\/vi\/product\/zdibc%ef%bc%88ibz%ef%bc%89-cas-36190-62-2-zinc-diisobutyldithiocarbamate\/","title":{"rendered":"ZDIBC\uff08IBZ\uff09 CAS 36190-62-2 K\u1ebdm diisobutyldithiocarbamate"},"content":{"rendered":"<p><strong>\u0110\u1eb7c \u0111i\u1ec3m<\/strong><\/p>\n<p>B\u1ed9t tinh th\u1ec3 m\u00e0u tr\u1eafng \u0111\u1ebfn v\u00e0ng nh\u1ea1t<\/p>\n<p><strong>\u1ee8ng d\u1ee5ng:<\/strong><\/p>\n<p>N\u00f3 th\u01b0\u1eddng \u0111\u01b0\u1ee3c s\u1eed d\u1ee5ng nh\u01b0 ch\u1ea5t t\u0103ng t\u1ed1c cao su \u0111\u1ec3 gi\u00fap c\u1ea3i thi\u1ec7n kh\u1ea3 n\u0103ng ch\u1ed1ng m\u00e0i m\u00f2n v\u00e0 ch\u1ed1ng l\u00e3o h\u00f3a c\u1ee7a cao su.<\/p>","protected":false},"excerpt":{"rendered":"<p>T\u00ean s\u1ea3n ph\u1ea9m: ZDIBC\uff08IBZ\uff09<\/p>\n<p>CAS\uff1a36190-62-2<\/p>\n<p>Ch\u1ea5t: C18H40N2S4Zn<\/p>\n<p>Ngo\u1ea1i quan: B\u1ed9t tinh th\u1ec3 m\u00e0u tr\u1eafng \u0111\u1ebfn v\u00e0ng nh\u1ea1t<\/p>","protected":false},"featured_media":6483,"template":"","meta":{"_acf_changed":false,"_gspb_post_css":""},"product_brand":[],"product_cat":[62,73],"product_tag":[],"class_list":{"0":"post-6538","1":"product","2":"type-product","3":"status-publish","4":"has-post-thumbnail","6":"product_cat-rubberplastic-ingredients","7":"product_cat-rubber-antioxidant","9":"first","10":"instock","11":"shipping-taxable","12":"product-type-simple"},"acf":[],"_links":{"self":[{"href":"https:\/\/wpachem.com\/vi\/wp-json\/wp\/v2\/product\/6538","targetHints":{"allow":["GET"]}}],"collection":[{"href":"https:\/\/wpachem.com\/vi\/wp-json\/wp\/v2\/product"}],"about":[{"href":"https:\/\/wpachem.com\/vi\/wp-json\/wp\/v2\/types\/product"}],"version-history":[{"count":0,"href":"https:\/\/wpachem.com\/vi\/wp-json\/wp\/v2\/product\/6538\/revisions"}],"wp:featuredmedia":[{"embeddable":true,"href":"https:\/\/wpachem.com\/vi\/wp-json\/wp\/v2\/media\/6483"}],"wp:attachment":[{"href":"https:\/\/wpachem.com\/vi\/wp-json\/wp\/v2\/media?parent=6538"}],"wp:term":[{"taxonomy":"product_brand","embeddable":true,"href":"https:\/\/wpachem.com\/vi\/wp-json\/wp\/v2\/product_brand?post=6538"},{"taxonomy":"product_cat","embeddable":true,"href":"https:\/\/wpachem.com\/vi\/wp-json\/wp\/v2\/product_cat?post=6538"},{"taxonomy":"product_tag","embeddable":true,"href":"https:\/\/wpachem.com\/vi\/wp-json\/wp\/v2\/product_tag?post=6538"}],"curies":[{"name":"wp","href":"https:\/\/api.w.org\/{rel}","templated":true}]}}