{"id":6542,"date":"2024-02-21T07:58:49","date_gmt":"2024-02-21T07:58:49","guid":{"rendered":"https:\/\/wpachem.com\/?post_type=product&#038;p=6542"},"modified":"2024-02-21T08:02:07","modified_gmt":"2024-02-21T08:02:07","slug":"tdec-cas-20941-65-5-tetrakisdiethyldithiocarbamato-teiluriumiv","status":"publish","type":"product","link":"https:\/\/wpachem.com\/vi\/product\/tdec-cas-20941-65-5-tetrakisdiethyldithiocarbamato-teiluriumiv\/","title":{"rendered":"TDEC CAS 20941-65-5 Tetrakis(diethyldithiocarbamato)-teIlurium(IV)"},"content":{"rendered":"<p><strong>\u0110\u1eb7c \u0111i\u1ec3m<\/strong><\/p>\n<p>Ch\u1ea5t r\u1eafn<\/p>\n<p><strong>\u1ee8ng d\u1ee5ng:<\/strong><\/p>\n<p>\u0110\u00e2y l\u00e0 ch\u1ea5t t\u0103ng t\u1ed1c l\u01b0u h\u00f3a si\u00eau c\u1ea5p cho cao su thi\u00ean nhi\u00ean v\u00e0 cao su styrene-butadiene. N\u00f3 th\u01b0\u1eddng \u0111\u01b0\u1ee3c s\u1eed d\u1ee5ng c\u00f9ng v\u1edbi ch\u1ea5t t\u0103ng t\u1ed1c thiazole v\u00e0 sulfenamide v\u00ec n\u00f3 kh\u00f4ng g\u00e2y \u1ed1 ho\u1eb7c \u00f4 nhi\u1ec5m. N\u00f3 c\u0169ng c\u00f3 th\u1ec3 \u0111\u01b0\u1ee3c s\u1eed d\u1ee5ng nh\u01b0 m\u1ed9t ch\u1ea5t t\u0103ng t\u1ed1c ch\u00ednh cho qu\u00e1 tr\u00ecnh l\u01b0u h\u00f3a li\u00ean t\u1ee5c. Cao su c\u00f3 th\u1ec3 \u0111\u01b0\u1ee3c th\u00eam tr\u1ef1c ti\u1ebfp m\u00e0 kh\u00f4ng g\u00e2y ch\u00e1y x\u00e9m, t\u1ed1c \u0111\u1ed9 l\u01b0u h\u00f3a nhanh v\u00e0 c\u00f3 th\u1ec3 t\u0103ng c\u01b0\u1eddng \u0111\u1ed9 b\u1ec1n k\u00e9o. Ch\u1ee7 y\u1ebfu \u0111\u01b0\u1ee3c s\u1eed d\u1ee5ng trong s\u1ea3n xu\u1ea5t t\u00fai kh\u00ed (s\u0103m, \u1ed1ng n\u01b0\u1edbc), \u0111\u01b0\u1ee3c s\u1eed d\u1ee5ng c\u00f9ng v\u1edbi ch\u1ea5t t\u0103ng t\u1ed1c thiuram v\u00e0 thiazole \u0111\u1ec3 t\u0103ng t\u1ed1c \u0111\u1ed9 l\u01b0u h\u00f3a. L\u01b0\u1ee3ng th\u00eam v\u00e0o l\u00e0m t\u00e1c nh\u00e2n l\u01b0u h\u00f3a l\u00e0 2-4% v\u00e0 l\u01b0\u1ee3ng th\u00eam v\u00e0o l\u00e0m ch\u1ea5t t\u0103ng t\u1ed1c l\u00e0 0,5-2%.<\/p>","protected":false},"excerpt":{"rendered":"<p>T\u00ean s\u1ea3n ph\u1ea9m: TDEC<\/p>\n<p>CAS\uff1a20941-65-5<\/p>\n<p>MF: C20H40N4S8Te<\/p>\n<p>Ngo\u1ea1i h\u00ecnh: R\u1eafn<\/p>","protected":false},"featured_media":6543,"template":"","meta":{"_acf_changed":false,"_gspb_post_css":""},"product_brand":[],"product_cat":[62,73],"product_tag":[],"class_list":{"0":"post-6542","1":"product","2":"type-product","3":"status-publish","4":"has-post-thumbnail","6":"product_cat-rubberplastic-ingredients","7":"product_cat-rubber-antioxidant","9":"first","10":"instock","11":"shipping-taxable","12":"product-type-simple"},"acf":[],"_links":{"self":[{"href":"https:\/\/wpachem.com\/vi\/wp-json\/wp\/v2\/product\/6542","targetHints":{"allow":["GET"]}}],"collection":[{"href":"https:\/\/wpachem.com\/vi\/wp-json\/wp\/v2\/product"}],"about":[{"href":"https:\/\/wpachem.com\/vi\/wp-json\/wp\/v2\/types\/product"}],"version-history":[{"count":0,"href":"https:\/\/wpachem.com\/vi\/wp-json\/wp\/v2\/product\/6542\/revisions"}],"wp:featuredmedia":[{"embeddable":true,"href":"https:\/\/wpachem.com\/vi\/wp-json\/wp\/v2\/media\/6543"}],"wp:attachment":[{"href":"https:\/\/wpachem.com\/vi\/wp-json\/wp\/v2\/media?parent=6542"}],"wp:term":[{"taxonomy":"product_brand","embeddable":true,"href":"https:\/\/wpachem.com\/vi\/wp-json\/wp\/v2\/product_brand?post=6542"},{"taxonomy":"product_cat","embeddable":true,"href":"https:\/\/wpachem.com\/vi\/wp-json\/wp\/v2\/product_cat?post=6542"},{"taxonomy":"product_tag","embeddable":true,"href":"https:\/\/wpachem.com\/vi\/wp-json\/wp\/v2\/product_tag?post=6542"}],"curies":[{"name":"wp","href":"https:\/\/api.w.org\/{rel}","templated":true}]}}