{"id":6545,"date":"2024-02-21T08:02:51","date_gmt":"2024-02-21T08:02:51","guid":{"rendered":"https:\/\/wpachem.com\/?post_type=product&#038;p=6545"},"modified":"2024-02-21T08:12:51","modified_gmt":"2024-02-21T08:12:51","slug":"sdbc-tp-cas-136-30-1-dibutylcarbamodithioic-acid-sodium-salt","status":"publish","type":"product","link":"https:\/\/wpachem.com\/vi\/product\/sdbc-tp-cas-136-30-1-dibutylcarbamodithioic-acid-sodium-salt\/","title":{"rendered":"SDBC (TP) CAS 136-30-1 Mu\u1ed1i natri axit dibutylcarbamothioic"},"content":{"rendered":"<p><strong>\u0110\u1eb7c \u0111i\u1ec3m<\/strong><\/p>\n<p>Ch\u1ea5t l\u1ecfng trong su\u1ed1t nh\u1edbt m\u00e0u cam \u0111\u1ebfn \u0111\u1ecf cam<\/p>\n<p><strong>\u1ee8ng d\u1ee5ng:<\/strong><\/p>\n<p>M\u1ed9t ch\u1ea5t t\u0103ng t\u1ed1c l\u01b0u h\u00f3a c\u1ef1c nhanh th\u01b0\u1eddng \u0111\u01b0\u1ee3c s\u1eed d\u1ee5ng trong l\u0129nh v\u1ef1c ph\u1ee5 gia cao su nh\u1ef1a \u1edf n\u01b0\u1edbc t\u00f4i, ph\u00f9 h\u1ee3p v\u1edbi m\u1ee7 cao su thi\u00ean nhi\u00ean, cao su isopren, cao su butadien, cao su styren-butadien v\u00e0 cao su nitrile. So v\u1edbi natri diethyldithiocarbamate, hi\u1ec7u \u1ee9ng t\u0103ng t\u1ed1c cao h\u01a1n v\u00e0 qu\u00e1 tr\u00ecnh l\u01b0u h\u00f3a c\u00f3 th\u1ec3 \u0111\u01b0\u1ee3c th\u1ef1c hi\u1ec7n \u1edf nhi\u1ec7t \u0111\u1ed9 ph\u00f2ng. \u0110\u1ed9 ph\u1eb3ng l\u01b0u h\u00f3a c\u0169ng t\u1ed1t. Cao su l\u01b0u h\u00f3a m\u1ec1m v\u00e0 trong su\u1ed1t v\u1edbi c\u00e1c t\u00ednh ch\u1ea5t v\u1eadt l\u00fd t\u1ed1t. S\u1ea3n ph\u1ea9m n\u00e0y c\u00f3 th\u1ec3 \u0111\u01b0\u1ee3c s\u1eed d\u1ee5ng c\u00f9ng v\u1edbi ch\u1ea5t t\u0103ng t\u1ed1c thiuram, thiazole v\u00e0 guanidine. Khi \u0111\u01b0\u1ee3c s\u1eed d\u1ee5ng l\u00e0m ch\u1ea5t t\u0103ng t\u1ed1c th\u1ee9 hai c\u1ee7a thiazole, l\u01b0\u1ee3ng pha tr\u1ed9n nh\u1ecf h\u01a1n c\u00e1c ch\u1ea5t t\u0103ng t\u1ed1c TMTD v\u00e0 PZ. S\u1ea3n ph\u1ea9m n\u00e0y g\u00e2y \u00f4 nhi\u1ec5m nh\u1eb9 v\u00e0 ch\u1ee7 y\u1ebfu \u0111\u01b0\u1ee3c s\u1eed d\u1ee5ng trong s\u1ea3n xu\u1ea5t cao su x\u1ed1p, b\u00f3ng bay, g\u0103ng tay, keo d\u00e1n v\u00e0 c\u00e1c s\u1ea3n ph\u1ea9m m\u1ee7 cao su n\u00f3i chung.<\/p>","protected":false},"excerpt":{"rendered":"<p>T\u00ean s\u1ea3n ph\u1ea9m: SDBC (TP)<\/p>\n<p>CAS\uff1a136-30-1<\/p>\n<p>MF: C9H18NNaS2<\/p>\n<p>Ngo\u1ea1i quan: Ch\u1ea5t l\u1ecfng trong su\u1ed1t nh\u1edbt m\u00e0u cam \u0111\u1ebfn \u0111\u1ecf cam<\/p>","protected":false},"featured_media":6546,"template":"","meta":{"_acf_changed":false,"_gspb_post_css":""},"product_brand":[],"product_cat":[62,73],"product_tag":[],"class_list":{"0":"post-6545","1":"product","2":"type-product","3":"status-publish","4":"has-post-thumbnail","6":"product_cat-rubberplastic-ingredients","7":"product_cat-rubber-antioxidant","9":"first","10":"instock","11":"shipping-taxable","12":"product-type-simple"},"acf":[],"_links":{"self":[{"href":"https:\/\/wpachem.com\/vi\/wp-json\/wp\/v2\/product\/6545","targetHints":{"allow":["GET"]}}],"collection":[{"href":"https:\/\/wpachem.com\/vi\/wp-json\/wp\/v2\/product"}],"about":[{"href":"https:\/\/wpachem.com\/vi\/wp-json\/wp\/v2\/types\/product"}],"version-history":[{"count":0,"href":"https:\/\/wpachem.com\/vi\/wp-json\/wp\/v2\/product\/6545\/revisions"}],"wp:featuredmedia":[{"embeddable":true,"href":"https:\/\/wpachem.com\/vi\/wp-json\/wp\/v2\/media\/6546"}],"wp:attachment":[{"href":"https:\/\/wpachem.com\/vi\/wp-json\/wp\/v2\/media?parent=6545"}],"wp:term":[{"taxonomy":"product_brand","embeddable":true,"href":"https:\/\/wpachem.com\/vi\/wp-json\/wp\/v2\/product_brand?post=6545"},{"taxonomy":"product_cat","embeddable":true,"href":"https:\/\/wpachem.com\/vi\/wp-json\/wp\/v2\/product_cat?post=6545"},{"taxonomy":"product_tag","embeddable":true,"href":"https:\/\/wpachem.com\/vi\/wp-json\/wp\/v2\/product_tag?post=6545"}],"curies":[{"name":"wp","href":"https:\/\/api.w.org\/{rel}","templated":true}]}}