{"id":6551,"date":"2024-02-21T08:20:08","date_gmt":"2024-02-21T08:20:08","guid":{"rendered":"https:\/\/wpachem.com\/?post_type=product&#038;p=6551"},"modified":"2024-02-21T08:44:43","modified_gmt":"2024-02-21T08:44:43","slug":"tbtd-cas-1634-02-2-tetra-n-butylthiuram-disulfide","status":"publish","type":"product","link":"https:\/\/wpachem.com\/vi\/product\/tbtd-cas-1634-02-2-tetra-n-butylthiuram-disulfide\/","title":{"rendered":"TBTD CAS 1634-02-2 TETRA-N-BUTYLTHIURAM DISULFIDE"},"content":{"rendered":"<p><strong>\u0110\u1eb7c \u0111i\u1ec3m<\/strong><\/p>\n<p>Ch\u1ea5t r\u1eafn kh\u00f4ng m\u00e0u \u0111\u1ebfn v\u00e0ng nh\u1ea1t<\/p>\n<p><strong>\u1ee8ng d\u1ee5ng:<\/strong><\/p>\n<p>N\u00f3 th\u01b0\u1eddng \u0111\u01b0\u1ee3c s\u1eed d\u1ee5ng trong c\u00e1c ph\u1ea3n \u1ee9ng gi\u00f2n oxy h\u00f3a, ph\u1ea3n \u1ee9ng t\u1ed5ng h\u1ee3p v\u00f2ng d\u1ecb v\u00f2ng, tr\u00f9ng h\u1ee3p anion olefin, v.v.<br \/>\nN\u00f3 c\u0169ng \u0111\u01b0\u1ee3c s\u1eed d\u1ee5ng trong vi\u1ec7c ch\u1ebf t\u1ea1o thu\u1ed1c n\u1ed5 v\u00e0 c\u00f3 m\u1ed9t s\u1ed1 \u1ee9ng d\u1ee5ng nh\u1ea5t \u0111\u1ecbnh trong l\u0129nh v\u1ef1c thu\u1ed1c n\u1ed5.<\/p>","protected":false},"excerpt":{"rendered":"<p>T\u00ean s\u1ea3n ph\u1ea9m: TBTD<\/p>\n<p>CAS\uff1a1634-02-2<\/p>\n<p>M\u00e3 s\u1ed1: C18H36N2S4<\/p>\n<p>Ngo\u1ea1i quan: Ch\u1ea5t r\u1eafn kh\u00f4ng m\u00e0u \u0111\u1ebfn v\u00e0ng nh\u1ea1t<\/p>","protected":false},"featured_media":6483,"template":"","meta":{"_acf_changed":false,"_gspb_post_css":""},"product_brand":[],"product_cat":[62,73],"product_tag":[],"class_list":{"0":"post-6551","1":"product","2":"type-product","3":"status-publish","4":"has-post-thumbnail","6":"product_cat-rubberplastic-ingredients","7":"product_cat-rubber-antioxidant","9":"first","10":"instock","11":"shipping-taxable","12":"product-type-simple"},"acf":[],"_links":{"self":[{"href":"https:\/\/wpachem.com\/vi\/wp-json\/wp\/v2\/product\/6551","targetHints":{"allow":["GET"]}}],"collection":[{"href":"https:\/\/wpachem.com\/vi\/wp-json\/wp\/v2\/product"}],"about":[{"href":"https:\/\/wpachem.com\/vi\/wp-json\/wp\/v2\/types\/product"}],"version-history":[{"count":0,"href":"https:\/\/wpachem.com\/vi\/wp-json\/wp\/v2\/product\/6551\/revisions"}],"wp:featuredmedia":[{"embeddable":true,"href":"https:\/\/wpachem.com\/vi\/wp-json\/wp\/v2\/media\/6483"}],"wp:attachment":[{"href":"https:\/\/wpachem.com\/vi\/wp-json\/wp\/v2\/media?parent=6551"}],"wp:term":[{"taxonomy":"product_brand","embeddable":true,"href":"https:\/\/wpachem.com\/vi\/wp-json\/wp\/v2\/product_brand?post=6551"},{"taxonomy":"product_cat","embeddable":true,"href":"https:\/\/wpachem.com\/vi\/wp-json\/wp\/v2\/product_cat?post=6551"},{"taxonomy":"product_tag","embeddable":true,"href":"https:\/\/wpachem.com\/vi\/wp-json\/wp\/v2\/product_tag?post=6551"}],"curies":[{"name":"wp","href":"https:\/\/api.w.org\/{rel}","templated":true}]}}